{"id":871,"date":"2012-10-22T10:50:26","date_gmt":"2012-10-22T13:50:26","guid":{"rendered":"http:\/\/www.somatick.com.br\/?page_id=871"},"modified":"2026-03-11T15:22:02","modified_gmt":"2026-03-11T18:22:02","slug":"inspecao-em-acessorios-de-movimentacao-de-cargas","status":"publish","type":"page","link":"https:\/\/www.somatick.com.br\/site\/treinamentos\/sms-carga\/inspecao-em-acessorios-de-movimentacao-de-cargas\/","title":{"rendered":"Inspe\u00e7\u00e3o em acess\u00f3rios de movimenta\u00e7\u00e3o de cargas"},"content":{"rendered":"\t\t<div data-elementor-type=\"wp-page\" data-elementor-id=\"871\" class=\"elementor elementor-871\">\n\t\t\t\t\t\t<section class=\"elementor-section elementor-top-section elementor-element elementor-element-59b680f elementor-section-boxed elementor-section-height-default elementor-section-height-default\" data-id=\"59b680f\" data-element_type=\"section\" data-e-type=\"section\" data-settings=\"{&quot;background_background&quot;:&quot;classic&quot;}\">\n\t\t\t\t\t\t<div class=\"elementor-container elementor-column-gap-default\">\n\t\t\t\t\t<div class=\"elementor-column elementor-col-100 elementor-top-column elementor-element elementor-element-45427f4\" data-id=\"45427f4\" data-element_type=\"column\" data-e-type=\"column\">\n\t\t\t<div class=\"elementor-widget-wrap elementor-element-populated\">\n\t\t\t\t\t\t<div class=\"elementor-element elementor-element-debdd42 elementor-widget elementor-widget-heading\" data-id=\"debdd42\" data-element_type=\"widget\" data-e-type=\"widget\" data-widget_type=\"heading.default\">\n\t\t\t\t<div class=\"elementor-widget-container\">\n\t\t\t\t\t<h2 class=\"elementor-heading-title elementor-size-default\">Inspe\u00e7\u00e3o em Acess\u00f3rios de Movimenta\u00e7\u00e3o de Cargas<\/h2>\t\t\t\t<\/div>\n\t\t\t\t<\/div>\n\t\t\t\t\t<\/div>\n\t\t<\/div>\n\t\t\t\t\t<\/div>\n\t\t<\/section>\n\t\t\t\t<section class=\"elementor-section elementor-top-section elementor-element elementor-element-cca77d6 elementor-section-boxed elementor-section-height-default elementor-section-height-default elementor-invisible\" data-id=\"cca77d6\" data-element_type=\"section\" data-e-type=\"section\" data-settings=\"{&quot;animation&quot;:&quot;zoomInDown&quot;}\">\n\t\t\t\t\t\t<div class=\"elementor-container elementor-column-gap-default\">\n\t\t\t\t\t<div class=\"elementor-column elementor-col-100 elementor-top-column elementor-element elementor-element-cda9b78\" data-id=\"cda9b78\" data-element_type=\"column\" data-e-type=\"column\">\n\t\t\t<div class=\"elementor-widget-wrap elementor-element-populated\">\n\t\t\t\t\t\t<div class=\"elementor-element elementor-element-13200fd elementor-widget elementor-widget-image\" data-id=\"13200fd\" data-element_type=\"widget\" data-e-type=\"widget\" data-widget_type=\"image.default\">\n\t\t\t\t<div class=\"elementor-widget-container\">\n\t\t\t\t\t\t\t\t\t\t\t\t\t\t\t<img fetchpriority=\"high\" decoding=\"async\" data-attachment-id=\"5081\" data-permalink=\"https:\/\/www.somatick.com.br\/site\/treinamentos\/sms-carga\/inspecao-em-acessorios-de-movimentacao-de-cargas\/inspecao-em-acessorios-de-movimentacao-de-cargas-2\/\" data-orig-file=\"https:\/\/www.somatick.com.br\/site\/wp-content\/uploads\/2012\/10\/Inspe\u00e7\u00e3o-em-acess\u00f3rios-de-movimenta\u00e7\u00e3o-de-cargas.jpg\" data-orig-size=\"901,202\" data-comments-opened=\"0\" data-image-meta=\"{&quot;aperture&quot;:&quot;0&quot;,&quot;credit&quot;:&quot;Diogo&quot;,&quot;camera&quot;:&quot;&quot;,&quot;caption&quot;:&quot;&quot;,&quot;created_timestamp&quot;:&quot;1395249097&quot;,&quot;copyright&quot;:&quot;&quot;,&quot;focal_length&quot;:&quot;0&quot;,&quot;iso&quot;:&quot;0&quot;,&quot;shutter_speed&quot;:&quot;0&quot;,&quot;title&quot;:&quot;&quot;}\" data-image-title=\"Inspe\u00e7\u00e3o em acess\u00f3rios de movimenta\u00e7\u00e3o de cargas\" data-image-description=\"\" data-image-caption=\"\" data-large-file=\"https:\/\/www.somatick.com.br\/site\/wp-content\/uploads\/2012\/10\/Inspe\u00e7\u00e3o-em-acess\u00f3rios-de-movimenta\u00e7\u00e3o-de-cargas.jpg\" width=\"800\" height=\"179\" src=\"https:\/\/www.somatick.com.br\/site\/wp-content\/uploads\/2012\/10\/Inspe\u00e7\u00e3o-em-acess\u00f3rios-de-movimenta\u00e7\u00e3o-de-cargas.jpg\" class=\"attachment-large size-large wp-image-5081\" alt=\"\" srcset=\"https:\/\/www.somatick.com.br\/site\/wp-content\/uploads\/2012\/10\/Inspe\u00e7\u00e3o-em-acess\u00f3rios-de-movimenta\u00e7\u00e3o-de-cargas.jpg 901w, https:\/\/www.somatick.com.br\/site\/wp-content\/uploads\/2012\/10\/Inspe\u00e7\u00e3o-em-acess\u00f3rios-de-movimenta\u00e7\u00e3o-de-cargas-300x67.jpg 300w, https:\/\/www.somatick.com.br\/site\/wp-content\/uploads\/2012\/10\/Inspe\u00e7\u00e3o-em-acess\u00f3rios-de-movimenta\u00e7\u00e3o-de-cargas-900x201.jpg 900w\" sizes=\"(max-width: 800px) 100vw, 800px\" data-attachment-id=\"5081\" data-permalink=\"https:\/\/www.somatick.com.br\/site\/treinamentos\/sms-carga\/inspecao-em-acessorios-de-movimentacao-de-cargas\/inspecao-em-acessorios-de-movimentacao-de-cargas-2\/\" data-orig-file=\"https:\/\/www.somatick.com.br\/site\/wp-content\/uploads\/2012\/10\/Inspe\u00e7\u00e3o-em-acess\u00f3rios-de-movimenta\u00e7\u00e3o-de-cargas.jpg\" data-orig-size=\"901,202\" data-comments-opened=\"0\" data-image-meta=\"{&quot;aperture&quot;:&quot;0&quot;,&quot;credit&quot;:&quot;Diogo&quot;,&quot;camera&quot;:&quot;&quot;,&quot;caption&quot;:&quot;&quot;,&quot;created_timestamp&quot;:&quot;1395249097&quot;,&quot;copyright&quot;:&quot;&quot;,&quot;focal_length&quot;:&quot;0&quot;,&quot;iso&quot;:&quot;0&quot;,&quot;shutter_speed&quot;:&quot;0&quot;,&quot;title&quot;:&quot;&quot;}\" data-image-title=\"Inspe\u00e7\u00e3o em acess\u00f3rios de movimenta\u00e7\u00e3o de cargas\" data-image-description=\"\" data-image-caption=\"\" data-large-file=\"https:\/\/www.somatick.com.br\/site\/wp-content\/uploads\/2012\/10\/Inspe\u00e7\u00e3o-em-acess\u00f3rios-de-movimenta\u00e7\u00e3o-de-cargas.jpg\" \/>\t\t\t\t\t\t\t\t\t\t\t\t\t\t\t<\/div>\n\t\t\t\t<\/div>\n\t\t\t\t\t<\/div>\n\t\t<\/div>\n\t\t\t\t\t<\/div>\n\t\t<\/section>\n\t\t\t\t<section class=\"elementor-section elementor-top-section elementor-element elementor-element-2c3041a0 elementor-section-boxed elementor-section-height-default elementor-section-height-default\" data-id=\"2c3041a0\" data-element_type=\"section\" data-e-type=\"section\">\n\t\t\t\t\t\t<div class=\"elementor-container elementor-column-gap-default\">\n\t\t\t\t\t<div class=\"elementor-column elementor-col-100 elementor-top-column elementor-element elementor-element-7f67db8f\" data-id=\"7f67db8f\" data-element_type=\"column\" data-e-type=\"column\">\n\t\t\t<div class=\"elementor-widget-wrap elementor-element-populated\">\n\t\t\t\t\t\t<div class=\"elementor-element elementor-element-52e898fe elementor-widget elementor-widget-text-editor\" data-id=\"52e898fe\" data-element_type=\"widget\" data-e-type=\"widget\" data-widget_type=\"text-editor.default\">\n\t\t\t\t<div class=\"elementor-widget-container\">\n\t\t\t\t\t\t\t\t\t<p data-start=\"106\" data-end=\"127\"><strong data-start=\"106\" data-end=\"127\">OBJETIVO DO CURSO<\/strong><\/p><p data-start=\"129\" data-end=\"354\">Estabelecer par\u00e2metros t\u00e9cnicos que permitam identificar desgaste, deforma\u00e7\u00f5es, danos, imperfei\u00e7\u00f5es e uso inadequado de acess\u00f3rios utilizados na movimenta\u00e7\u00e3o de cargas, garantindo sua integridade e confiabilidade operacional.<\/p><p data-start=\"356\" data-end=\"588\">O curso aborda crit\u00e9rios de inspe\u00e7\u00e3o visual e t\u00e9cnica de cabos de a\u00e7o, cintas sint\u00e9ticas, correntes, manilhas, ganchos, estropos e demais dispositivos de i\u00e7amento, com base em normas t\u00e9cnicas aplic\u00e1veis e boas pr\u00e1ticas de seguran\u00e7a.<\/p><p data-start=\"590\" data-end=\"877\">Busca capacitar os participantes para reconhecer condi\u00e7\u00f5es inseguras, aplicar procedimentos corretivos e preventivos, e assegurar que os acess\u00f3rios utilizados nas opera\u00e7\u00f5es de movimenta\u00e7\u00e3o de cargas estejam dentro dos padr\u00f5es aceit\u00e1veis de uso, prevenindo acidentes e falhas estruturais.<\/p><hr data-start=\"879\" data-end=\"882\" \/><p data-start=\"884\" data-end=\"901\"><strong data-start=\"884\" data-end=\"901\">CARGA HOR\u00c1RIA<\/strong><\/p><p data-start=\"903\" data-end=\"932\">Carga Hor\u00e1ria: 16 horas\/aula.<\/p>\t\t\t\t\t\t\t\t<\/div>\n\t\t\t\t<\/div>\n\t\t\t\t\t<\/div>\n\t\t<\/div>\n\t\t\t\t\t<\/div>\n\t\t<\/section>\n\t\t\t\t<section class=\"elementor-section elementor-top-section elementor-element elementor-element-44dd27f elementor-section-boxed elementor-section-height-default elementor-section-height-default\" data-id=\"44dd27f\" data-element_type=\"section\" data-e-type=\"section\">\n\t\t\t\t\t\t<div class=\"elementor-container elementor-column-gap-default\">\n\t\t\t\t\t<div class=\"elementor-column elementor-col-50 elementor-top-column elementor-element elementor-element-20f61cb\" data-id=\"20f61cb\" data-element_type=\"column\" data-e-type=\"column\">\n\t\t\t<div class=\"elementor-widget-wrap elementor-element-populated\">\n\t\t\t\t\t\t<div class=\"elementor-element elementor-element-6b93d16 elementor-invisible elementor-widget elementor-widget-image\" data-id=\"6b93d16\" data-element_type=\"widget\" data-e-type=\"widget\" data-settings=\"{&quot;_animation&quot;:&quot;fadeInLeft&quot;}\" data-widget_type=\"image.default\">\n\t\t\t\t<div class=\"elementor-widget-container\">\n\t\t\t\t\t\t\t\t\t\t\t\t\t\t\t<img decoding=\"async\" data-attachment-id=\"13011\" data-permalink=\"https:\/\/www.somatick.com.br\/site\/treinamentos\/sms-carga\/inspecao-em-acessorios-de-movimentacao-de-cargas\/design-sem-nome-28\/\" data-orig-file=\"https:\/\/www.somatick.com.br\/site\/wp-content\/uploads\/2026\/03\/Design-sem-nome-28.png\" data-orig-size=\"1000,1000\" data-comments-opened=\"0\" data-image-meta=\"{&quot;aperture&quot;:&quot;0&quot;,&quot;credit&quot;:&quot;&quot;,&quot;camera&quot;:&quot;&quot;,&quot;caption&quot;:&quot;&quot;,&quot;created_timestamp&quot;:&quot;0&quot;,&quot;copyright&quot;:&quot;&quot;,&quot;focal_length&quot;:&quot;0&quot;,&quot;iso&quot;:&quot;0&quot;,&quot;shutter_speed&quot;:&quot;0&quot;,&quot;title&quot;:&quot;&quot;,&quot;orientation&quot;:&quot;0&quot;}\" data-image-title=\"rigging\" data-image-description=\"\" data-image-caption=\"\" data-large-file=\"https:\/\/www.somatick.com.br\/site\/wp-content\/uploads\/2026\/03\/Design-sem-nome-28.png\" width=\"800\" height=\"800\" src=\"https:\/\/www.somatick.com.br\/site\/wp-content\/uploads\/2026\/03\/Design-sem-nome-28.png\" class=\"attachment-large size-large wp-image-13011\" alt=\"\" srcset=\"https:\/\/www.somatick.com.br\/site\/wp-content\/uploads\/2026\/03\/Design-sem-nome-28.png 1000w, https:\/\/www.somatick.com.br\/site\/wp-content\/uploads\/2026\/03\/Design-sem-nome-28-300x300.png 300w, https:\/\/www.somatick.com.br\/site\/wp-content\/uploads\/2026\/03\/Design-sem-nome-28-150x150.png 150w, https:\/\/www.somatick.com.br\/site\/wp-content\/uploads\/2026\/03\/Design-sem-nome-28-768x768.png 768w\" sizes=\"(max-width: 800px) 100vw, 800px\" data-attachment-id=\"13011\" data-permalink=\"https:\/\/www.somatick.com.br\/site\/treinamentos\/sms-carga\/inspecao-em-acessorios-de-movimentacao-de-cargas\/design-sem-nome-28\/\" data-orig-file=\"https:\/\/www.somatick.com.br\/site\/wp-content\/uploads\/2026\/03\/Design-sem-nome-28.png\" data-orig-size=\"1000,1000\" data-comments-opened=\"0\" data-image-meta=\"{&quot;aperture&quot;:&quot;0&quot;,&quot;credit&quot;:&quot;&quot;,&quot;camera&quot;:&quot;&quot;,&quot;caption&quot;:&quot;&quot;,&quot;created_timestamp&quot;:&quot;0&quot;,&quot;copyright&quot;:&quot;&quot;,&quot;focal_length&quot;:&quot;0&quot;,&quot;iso&quot;:&quot;0&quot;,&quot;shutter_speed&quot;:&quot;0&quot;,&quot;title&quot;:&quot;&quot;,&quot;orientation&quot;:&quot;0&quot;}\" data-image-title=\"rigging\" data-image-description=\"\" data-image-caption=\"\" data-large-file=\"https:\/\/www.somatick.com.br\/site\/wp-content\/uploads\/2026\/03\/Design-sem-nome-28.png\" \/>\t\t\t\t\t\t\t\t\t\t\t\t\t\t\t<\/div>\n\t\t\t\t<\/div>\n\t\t\t\t\t<\/div>\n\t\t<\/div>\n\t\t\t\t<div class=\"elementor-column elementor-col-50 elementor-top-column elementor-element elementor-element-890b937\" data-id=\"890b937\" data-element_type=\"column\" data-e-type=\"column\">\n\t\t\t<div class=\"elementor-widget-wrap elementor-element-populated\">\n\t\t\t\t\t\t<div class=\"elementor-element elementor-element-51a9655 elementor-invisible elementor-widget elementor-widget-text-editor\" data-id=\"51a9655\" data-element_type=\"widget\" data-e-type=\"widget\" data-settings=\"{&quot;_animation&quot;:&quot;fadeInRight&quot;}\" data-widget_type=\"text-editor.default\">\n\t\t\t\t<div class=\"elementor-widget-container\">\n\t\t\t\t\t\t\t\t\t<h4 id=\"por-que-fazer-capacitao-em-espaos-confinados-nr-33\" class=\"font-editorial font-bold mb-2 mt-4 [.has-inline-images_&amp;]:clear-end text-lg first:mt-0 md:text-lg [hr+&amp;]:mt-4\">Por Que Fazer Treinamento de Inspe\u00e7\u00e3o em Acess\u00f3rios de Movimenta\u00e7\u00e3o de Cargas?<\/h4><p class=\"my-2 [&amp;+p]:mt-4 [&amp;_strong:has(+br)]:inline-block [&amp;_strong:has(+br)]:pb-2\">Fazer treinamento de inspe\u00e7\u00e3o em acess\u00f3rios de movimenta\u00e7\u00e3o de cargas \u00e9 essencial para garantir a seguran\u00e7a das opera\u00e7\u00f5es, a integridade dos equipamentos e a preven\u00e7\u00e3o de acidentes graves durante atividades de i\u00e7amento e movimenta\u00e7\u00e3o de materiais.<\/p><h5>O que o Treinamento Ensina\u00a0<\/h5><p><strong>Consultar Instru\u00e7\u00f5es do Fabricante:<\/strong> Verificar a vida \u00fatil recomendada e os limites de carga.<\/p><p><strong>Rastreabilidade:<\/strong> Garantir que cada acess\u00f3rio tenha marca\u00e7\u00e3o individual (lote, di\u00e2metro, tipo) para controle de inspe\u00e7\u00f5es peri\u00f3dicas.<\/p><p><strong>Crit\u00e9rios de Descarte Imediato:<\/strong> Retirar de servi\u00e7o acess\u00f3rios que apresentem cortes, corros\u00e3o, deforma\u00e7\u00f5es, desgaste excessivo ou que tenham sido submetidos a choques mec\u00e2nicos severos.<\/p><p><strong>Registro de Resultados:<\/strong> Documentar todas as inspe\u00e7\u00f5es (na aquisi\u00e7\u00e3o, peri\u00f3dicas e rotineiras), especialmente quando um item \u00e9 recusado, para garantir a mem\u00f3ria t\u00e9cnica da seguran\u00e7a<br \/>.<\/p>\t\t\t\t\t\t\t\t<\/div>\n\t\t\t\t<\/div>\n\t\t\t\t\t<\/div>\n\t\t<\/div>\n\t\t\t\t\t<\/div>\n\t\t<\/section>\n\t\t\t\t<section class=\"elementor-section elementor-top-section elementor-element elementor-element-8287d27 elementor-section-boxed elementor-section-height-default elementor-section-height-default\" data-id=\"8287d27\" data-element_type=\"section\" data-e-type=\"section\" data-settings=\"{&quot;background_background&quot;:&quot;gradient&quot;,&quot;shape_divider_top&quot;:&quot;mountains&quot;}\">\n\t\t\t\t\t<div class=\"elementor-shape elementor-shape-top\" aria-hidden=\"true\" data-negative=\"false\">\n\t\t\t<svg xmlns=\"http:\/\/www.w3.org\/2000\/svg\" viewBox=\"0 0 1000 100\" preserveAspectRatio=\"none\">\n\t<path class=\"elementor-shape-fill\" opacity=\"0.33\" d=\"M473,67.3c-203.9,88.3-263.1-34-320.3,0C66,119.1,0,59.7,0,59.7V0h1000v59.7 c0,0-62.1,26.1-94.9,29.3c-32.8,3.3-62.8-12.3-75.8-22.1C806,49.6,745.3,8.7,694.9,4.7S492.4,59,473,67.3z\"\/>\n\t<path class=\"elementor-shape-fill\" opacity=\"0.66\" d=\"M734,67.3c-45.5,0-77.2-23.2-129.1-39.1c-28.6-8.7-150.3-10.1-254,39.1 s-91.7-34.4-149.2,0C115.7,118.3,0,39.8,0,39.8V0h1000v36.5c0,0-28.2-18.5-92.1-18.5C810.2,18.1,775.7,67.3,734,67.3z\"\/>\n\t<path class=\"elementor-shape-fill\" d=\"M766.1,28.9c-200-57.5-266,65.5-395.1,19.5C242,1.8,242,5.4,184.8,20.6C128,35.8,132.3,44.9,89.9,52.5C28.6,63.7,0,0,0,0 h1000c0,0-9.9,40.9-83.6,48.1S829.6,47,766.1,28.9z\"\/>\n<\/svg>\t\t<\/div>\n\t\t\t\t\t<div class=\"elementor-container elementor-column-gap-default\">\n\t\t\t\t\t<div class=\"elementor-column elementor-col-100 elementor-top-column elementor-element elementor-element-d176ae8\" data-id=\"d176ae8\" data-element_type=\"column\" data-e-type=\"column\">\n\t\t\t<div class=\"elementor-widget-wrap elementor-element-populated\">\n\t\t\t\t\t\t<div class=\"elementor-element elementor-element-9b8cc02 elementor-widget elementor-widget-html\" data-id=\"9b8cc02\" data-element_type=\"widget\" data-e-type=\"widget\" data-widget_type=\"html.default\">\n\t\t\t\t<div class=\"elementor-widget-container\">\n\t\t\t\t\t<style>\r\n.somatick-form {\r\n    max-width: 800px;\r\n    width: 100%;\r\n    margin: 40px auto;\r\n    padding: 40px;\r\n    background: #f4f6f9;\r\n    border-radius: 12px;\r\n    font-family: Arial, sans-serif;\r\n    box-shadow: 0 5px 20px rgba(0,0,0,0.08);\r\n    box-sizing: border-box;\r\n}\r\n\r\n.somatick-form h2 {\r\n    text-align: center;\r\n    margin-bottom: 25px;\r\n    color: #0c2d57;\r\n}\r\n\r\n.somatick-form label {\r\n    font-weight: bold;\r\n    display: block;\r\n    margin-top: 15px;\r\n    margin-bottom: 5px;\r\n}\r\n\r\n.somatick-form input,\r\n.somatick-form select,\r\n.somatick-form textarea {\r\n    width: 100%;\r\n    padding: 12px;\r\n    border-radius: 6px;\r\n    border: 1px solid #ccc;\r\n    font-size: 15px;\r\n    box-sizing: border-box;\r\n}\r\n\r\n.somatick-form textarea {\r\n    resize: vertical;\r\n    min-height: 120px;\r\n}\r\n\r\n.somatick-form button {\r\n    margin-top: 20px;\r\n    width: 100%;\r\n    padding: 14px;\r\n    background-color: #25D366;\r\n    color: #fff;\r\n    border: none;\r\n    border-radius: 8px;\r\n    font-size: 16px;\r\n    cursor: pointer;\r\n    transition: 0.3s;\r\n}\r\n\r\n.somatick-form button:hover {\r\n    background-color: #1ebe5d;\r\n}\r\n\r\n\/* \ud83d\udd25 AJUSTE ESPEC\u00cdFICO PARA CELULAR *\/\r\n@media (max-width: 100vwpx) {\r\n\r\n    .somatick-form {\r\n        width: 1000vw;\r\n        max-width: 100vw;\r\n        margin: 0;\r\n        border-radius: 0;\r\n        padding: 25px 20px;\r\n    }\r\n\r\n}\r\n<\/style>\r\n\r\n<div class=\"somatick-form\">\r\n    <h2>Solicite um Treinamento<\/h2>\r\n\r\n    <form id=\"whatsappForm\">\r\n        \r\n        <label>Nome Completo<\/label>\r\n        <input type=\"text\" id=\"nome\" required>\r\n\r\n        <label>Empresa<\/label>\r\n        <input type=\"text\" id=\"empresa\">\r\n\r\n        <label>E-mail<\/label>\r\n        <input type=\"email\" id=\"email\" required>\r\n\r\n        <label>Telefone<\/label>\r\n        <input type=\"tel\" id=\"telefone\">\r\n\r\n        <label>Treinamento de Interesse<\/label>\r\n        <select id=\"curso\" required>\r\n            <option value=\"\">Selecione<\/option>\r\n            <option>Movimenta\u00e7\u00e3o de cargas<\/option>\r\n            <option>NRs<\/option>\r\n            <option>SMS<\/option>\r\n            <option>Cursos profissionalizantes<\/option>\r\n            <option>Treinamento Offshore<\/option>\r\n            <option>Outro<\/option>\r\n        <\/select>\r\n\r\n        <label>Mensagem<\/label>\r\n        <textarea id=\"mensagem\"><\/textarea>\r\n\r\n        <button type=\"submit\">Enviar pelo WhatsApp<\/button>\r\n\r\n    <\/form>\r\n<\/div>\r\n\r\n<script>\r\ndocument.getElementById(\"whatsappForm\").addEventListener(\"submit\", function(e) {\r\n    e.preventDefault();\r\n\r\n    var nome = document.getElementById(\"nome\").value;\r\n    var empresa = document.getElementById(\"empresa\").value;\r\n    var email = document.getElementById(\"email\").value;\r\n    var telefone = document.getElementById(\"telefone\").value;\r\n    var curso = document.getElementById(\"curso\").value;\r\n    var mensagem = document.getElementById(\"mensagem\").value;\r\n\r\n    var texto = \r\n    \"*Solicita\u00e7\u00e3o de Treinamento - Site Somatick* %0A%0A\" +\r\n    \"Nome: \" + nome + \"%0A\" +\r\n    \"Empresa: \" + empresa + \"%0A\" +\r\n    \"E-mail: \" + email + \"%0A\" +\r\n    \"Telefone: \" + telefone + \"%0A\" +\r\n    \"Treinamento: \" + curso + \"%0A%0A\" +\r\n    \"Mensagem: \" + mensagem;\r\n\r\n    var numero = \"5522981375447\"; \/\/ \ud83d\udd34 COLOQUE AQUI O WHATSAPP DA SOMATICK COM DDI E DDD\r\n\r\n    var url = \"https:\/\/wa.me\/\" + numero + \"?text=\" + texto;\r\n\r\n    window.open(url, '_blank');\r\n});\r\n<\/script>\r\n\t\t\t\t<\/div>\n\t\t\t\t<\/div>\n\t\t\t\t\t<\/div>\n\t\t<\/div>\n\t\t\t\t\t<\/div>\n\t\t<\/section>\n\t\t\t\t<\/div>\n\t\t","protected":false},"excerpt":{"rendered":"<p>Inspe\u00e7\u00e3o em Acess\u00f3rios de Movimenta\u00e7\u00e3o de Cargas &lt;img width=&#8221;800&#8243; height=&#8221;179&#8243; src=&#8221;http:\/\/www.somatick.com.br\/site\/wp-content\/uploads\/2012\/10\/Inspe\u00e7\u00e3o-em-acess\u00f3rios-de-movimenta\u00e7\u00e3o-de-cargas.jpg&#8221; alt=&#8221;&#8221; srcset=&#8221;https:\/\/www.somatick.com.br\/site\/wp-content\/uploads\/2012\/10\/Inspe\u00e7\u00e3o-em-acess\u00f3rios-de-movimenta\u00e7\u00e3o-de-cargas.jpg 901w, https:\/\/www.somatick.com.br\/site\/wp-content\/uploads\/2012\/10\/Inspe\u00e7\u00e3o-em-acess\u00f3rios-de-movimenta\u00e7\u00e3o-de-cargas-300&#215;67.jpg 300w, https:\/\/www.somatick.com.br\/site\/wp-content\/uploads\/2012\/10\/Inspe\u00e7\u00e3o-em-acess\u00f3rios-de-movimenta\u00e7\u00e3o-de-cargas-900&#215;201.jpg 900w&#8221; sizes=&#8221;(max-width: 800px) 100vw, 800px&#8221; \/&gt; &lt;p data-start=&#8221;106&#8243; data-end=&#8221;127&#8243;&gt;&lt;strong data-start=&#8221;106&#8243; data-end=&#8221;127&#8243;&gt;OBJETIVO DO CURSO&lt;\/strong&gt;&lt;\/p&gt;&lt;p data-start=&#8221;129&#8243; data-end=&#8221;354&#8243;&gt;Estabelecer par\u00e2metros t\u00e9cnicos que permitam identificar desgaste, deforma\u00e7\u00f5es, danos, imperfei\u00e7\u00f5es e uso inadequado de acess\u00f3rios utilizados na movimenta\u00e7\u00e3o de cargas, garantindo sua integridade e [&hellip;]<\/p>\n","protected":false},"author":1,"featured_media":0,"parent":765,"menu_order":2,"comment_status":"closed","ping_status":"closed","template":"","meta":{"_joinchat":[],"footnotes":""},"class_list":["post-871","page","type-page","status-publish","hentry"],"jetpack_shortlink":"https:\/\/wp.me\/Ph7gUA-e3","jetpack-related-posts":[],"jetpack_sharing_enabled":true,"_links":{"self":[{"href":"https:\/\/www.somatick.com.br\/site\/wp-json\/wp\/v2\/pages\/871","targetHints":{"allow":["GET"]}}],"collection":[{"href":"https:\/\/www.somatick.com.br\/site\/wp-json\/wp\/v2\/pages"}],"about":[{"href":"https:\/\/www.somatick.com.br\/site\/wp-json\/wp\/v2\/types\/page"}],"author":[{"embeddable":true,"href":"https:\/\/www.somatick.com.br\/site\/wp-json\/wp\/v2\/users\/1"}],"replies":[{"embeddable":true,"href":"https:\/\/www.somatick.com.br\/site\/wp-json\/wp\/v2\/comments?post=871"}],"version-history":[{"count":41,"href":"https:\/\/www.somatick.com.br\/site\/wp-json\/wp\/v2\/pages\/871\/revisions"}],"predecessor-version":[{"id":13014,"href":"https:\/\/www.somatick.com.br\/site\/wp-json\/wp\/v2\/pages\/871\/revisions\/13014"}],"up":[{"embeddable":true,"href":"https:\/\/www.somatick.com.br\/site\/wp-json\/wp\/v2\/pages\/765"}],"wp:attachment":[{"href":"https:\/\/www.somatick.com.br\/site\/wp-json\/wp\/v2\/media?parent=871"}],"curies":[{"name":"wp","href":"https:\/\/api.w.org\/{rel}","templated":true}]}}