{"id":866,"date":"2012-10-22T10:35:23","date_gmt":"2012-10-22T13:35:23","guid":{"rendered":"http:\/\/www.somatick.com.br\/?page_id=866"},"modified":"2026-03-11T14:41:38","modified_gmt":"2026-03-11T17:41:38","slug":"movimentacao-de-carga","status":"publish","type":"page","link":"https:\/\/www.somatick.com.br\/site\/treinamentos\/sms-carga\/movimentacao-de-carga\/","title":{"rendered":"Movimenta\u00e7\u00e3o de carga"},"content":{"rendered":"\t\t<div data-elementor-type=\"wp-page\" data-elementor-id=\"866\" class=\"elementor elementor-866\">\n\t\t\t\t\t\t<section class=\"elementor-section elementor-top-section elementor-element elementor-element-a41c61b elementor-section-boxed elementor-section-height-default elementor-section-height-default\" data-id=\"a41c61b\" data-element_type=\"section\" data-e-type=\"section\" data-settings=\"{&quot;background_background&quot;:&quot;classic&quot;}\">\n\t\t\t\t\t\t<div class=\"elementor-container elementor-column-gap-default\">\n\t\t\t\t\t<div class=\"elementor-column elementor-col-100 elementor-top-column elementor-element elementor-element-fe736c9\" data-id=\"fe736c9\" data-element_type=\"column\" data-e-type=\"column\">\n\t\t\t<div class=\"elementor-widget-wrap elementor-element-populated\">\n\t\t\t\t\t\t<div class=\"elementor-element elementor-element-9531698 elementor-widget elementor-widget-heading\" data-id=\"9531698\" data-element_type=\"widget\" data-e-type=\"widget\" data-widget_type=\"heading.default\">\n\t\t\t\t<div class=\"elementor-widget-container\">\n\t\t\t\t\t<h2 class=\"elementor-heading-title elementor-size-default\">Movimenta\u00e7\u00e3o de Carga<\/h2>\t\t\t\t<\/div>\n\t\t\t\t<\/div>\n\t\t\t\t\t<\/div>\n\t\t<\/div>\n\t\t\t\t\t<\/div>\n\t\t<\/section>\n\t\t\t\t<section class=\"elementor-section elementor-top-section elementor-element elementor-element-2afa08b elementor-section-boxed elementor-section-height-default elementor-section-height-default elementor-invisible\" data-id=\"2afa08b\" data-element_type=\"section\" data-e-type=\"section\" data-settings=\"{&quot;animation&quot;:&quot;zoomInDown&quot;}\">\n\t\t\t\t\t\t<div class=\"elementor-container elementor-column-gap-default\">\n\t\t\t\t\t<div class=\"elementor-column elementor-col-100 elementor-top-column elementor-element elementor-element-34b900f\" data-id=\"34b900f\" data-element_type=\"column\" data-e-type=\"column\">\n\t\t\t<div class=\"elementor-widget-wrap elementor-element-populated\">\n\t\t\t\t\t\t<div class=\"elementor-element elementor-element-97ef68d elementor-widget elementor-widget-image\" data-id=\"97ef68d\" data-element_type=\"widget\" data-e-type=\"widget\" data-widget_type=\"image.default\">\n\t\t\t\t<div class=\"elementor-widget-container\">\n\t\t\t\t\t\t\t\t\t\t\t\t\t\t\t<img fetchpriority=\"high\" decoding=\"async\" data-attachment-id=\"5069\" data-permalink=\"https:\/\/www.somatick.com.br\/site\/treinamentos\/sms-carga\/movimentacao-de-carga\/movimentacao-de-cargas\/\" data-orig-file=\"https:\/\/www.somatick.com.br\/site\/wp-content\/uploads\/2012\/10\/Movimenta\u00e7\u00e3o-de-Cargas.jpg\" data-orig-size=\"901,202\" data-comments-opened=\"0\" data-image-meta=\"{&quot;aperture&quot;:&quot;0&quot;,&quot;credit&quot;:&quot;Diogo&quot;,&quot;camera&quot;:&quot;&quot;,&quot;caption&quot;:&quot;&quot;,&quot;created_timestamp&quot;:&quot;1395246894&quot;,&quot;copyright&quot;:&quot;&quot;,&quot;focal_length&quot;:&quot;0&quot;,&quot;iso&quot;:&quot;0&quot;,&quot;shutter_speed&quot;:&quot;0&quot;,&quot;title&quot;:&quot;&quot;}\" data-image-title=\"Movimenta\u00e7\u00e3o de Cargas\" data-image-description=\"\" data-image-caption=\"\" data-large-file=\"https:\/\/www.somatick.com.br\/site\/wp-content\/uploads\/2012\/10\/Movimenta\u00e7\u00e3o-de-Cargas.jpg\" width=\"800\" height=\"179\" src=\"https:\/\/www.somatick.com.br\/site\/wp-content\/uploads\/2012\/10\/Movimenta\u00e7\u00e3o-de-Cargas.jpg\" class=\"attachment-large size-large wp-image-5069\" alt=\"\" srcset=\"https:\/\/www.somatick.com.br\/site\/wp-content\/uploads\/2012\/10\/Movimenta\u00e7\u00e3o-de-Cargas.jpg 901w, https:\/\/www.somatick.com.br\/site\/wp-content\/uploads\/2012\/10\/Movimenta\u00e7\u00e3o-de-Cargas-300x67.jpg 300w, https:\/\/www.somatick.com.br\/site\/wp-content\/uploads\/2012\/10\/Movimenta\u00e7\u00e3o-de-Cargas-900x201.jpg 900w\" sizes=\"(max-width: 800px) 100vw, 800px\" data-attachment-id=\"5069\" data-permalink=\"https:\/\/www.somatick.com.br\/site\/treinamentos\/sms-carga\/movimentacao-de-carga\/movimentacao-de-cargas\/\" data-orig-file=\"https:\/\/www.somatick.com.br\/site\/wp-content\/uploads\/2012\/10\/Movimenta\u00e7\u00e3o-de-Cargas.jpg\" data-orig-size=\"901,202\" data-comments-opened=\"0\" data-image-meta=\"{&quot;aperture&quot;:&quot;0&quot;,&quot;credit&quot;:&quot;Diogo&quot;,&quot;camera&quot;:&quot;&quot;,&quot;caption&quot;:&quot;&quot;,&quot;created_timestamp&quot;:&quot;1395246894&quot;,&quot;copyright&quot;:&quot;&quot;,&quot;focal_length&quot;:&quot;0&quot;,&quot;iso&quot;:&quot;0&quot;,&quot;shutter_speed&quot;:&quot;0&quot;,&quot;title&quot;:&quot;&quot;}\" data-image-title=\"Movimenta\u00e7\u00e3o de Cargas\" data-image-description=\"\" data-image-caption=\"\" data-large-file=\"https:\/\/www.somatick.com.br\/site\/wp-content\/uploads\/2012\/10\/Movimenta\u00e7\u00e3o-de-Cargas.jpg\" \/>\t\t\t\t\t\t\t\t\t\t\t\t\t\t\t<\/div>\n\t\t\t\t<\/div>\n\t\t\t\t\t<\/div>\n\t\t<\/div>\n\t\t\t\t\t<\/div>\n\t\t<\/section>\n\t\t\t\t<section class=\"elementor-section elementor-top-section elementor-element elementor-element-25ad8eed elementor-section-boxed elementor-section-height-default elementor-section-height-default\" data-id=\"25ad8eed\" data-element_type=\"section\" data-e-type=\"section\">\n\t\t\t\t\t\t<div class=\"elementor-container elementor-column-gap-default\">\n\t\t\t\t\t<div class=\"elementor-column elementor-col-100 elementor-top-column elementor-element elementor-element-29632b7\" data-id=\"29632b7\" data-element_type=\"column\" data-e-type=\"column\">\n\t\t\t<div class=\"elementor-widget-wrap elementor-element-populated\">\n\t\t\t\t\t\t<div class=\"elementor-element elementor-element-495e1034 elementor-widget elementor-widget-text-editor\" data-id=\"495e1034\" data-element_type=\"widget\" data-e-type=\"widget\" data-widget_type=\"text-editor.default\">\n\t\t\t\t<div class=\"elementor-widget-container\">\n\t\t\t\t\t\t\t\t\t<p data-start=\"117\" data-end=\"138\"><strong data-start=\"117\" data-end=\"138\">OBJETIVO DO CURSO<\/strong><\/p><p data-start=\"140\" data-end=\"389\">Capacitar os profissionais envolvidos em atividades de movimenta\u00e7\u00e3o de cargas quanto aos procedimentos seguros para utiliza\u00e7\u00e3o de equipamentos, acess\u00f3rios e dispositivos de i\u00e7amento, promovendo a preven\u00e7\u00e3o de acidentes e a integridade das opera\u00e7\u00f5es.<\/p><p data-start=\"391\" data-end=\"683\">O curso aborda princ\u00edpios de amarra\u00e7\u00e3o e sinaliza\u00e7\u00e3o de cargas, inspe\u00e7\u00e3o de acess\u00f3rios (cabos de a\u00e7o, cintas, manilhas, ganchos, correntes, entre outros), leitura e interpreta\u00e7\u00e3o de tabelas de carga, an\u00e1lise de riscos, comunica\u00e7\u00e3o operacional e responsabilidades t\u00e9cnicas durante as manobras.<\/p><p data-start=\"685\" data-end=\"871\">Busca desenvolver nos participantes a percep\u00e7\u00e3o de riscos, a disciplina operacional e o cumprimento das normas de seguran\u00e7a aplic\u00e1veis \u00e0s atividades de movimenta\u00e7\u00e3o e i\u00e7amento de cargas.<\/p><hr data-start=\"873\" data-end=\"876\" \/><p data-start=\"878\" data-end=\"898\"><strong data-start=\"878\" data-end=\"898\">CAMPO DE ATUA\u00c7\u00c3O<\/strong><\/p><p data-start=\"900\" data-end=\"1084\">Aplic\u00e1vel a opera\u00e7\u00f5es Offshore e Onshore, Constru\u00e7\u00e3o Civil, Ind\u00fastria Naval, Metal-Mec\u00e2nica, \u00d3leo e G\u00e1s e demais segmentos que envolvam atividades de movimenta\u00e7\u00e3o e i\u00e7amento de cargas.<\/p><hr data-start=\"1086\" data-end=\"1089\" \/><p data-start=\"1091\" data-end=\"1107\"><strong data-start=\"1091\" data-end=\"1107\">P\u00daBLICO-ALVO<\/strong><\/p><p data-start=\"1109\" data-end=\"1292\">Profissionais que atuam em atividades de Movimenta\u00e7\u00e3o de Cargas, Rigger, Sinaleiro (Homem de \u00c1rea) e demais trabalhadores envolvidos direta ou indiretamente nas opera\u00e7\u00f5es de i\u00e7amento.<\/p><hr data-start=\"1294\" data-end=\"1297\" \/><p data-start=\"1299\" data-end=\"1319\"><strong data-start=\"1299\" data-end=\"1319\">DURA\u00c7\u00c3O DO CURSO<\/strong><\/p><p data-start=\"1321\" data-end=\"1350\">Carga Hor\u00e1ria: 20 horas\/aula.<\/p><hr data-start=\"1352\" data-end=\"1355\" \/><p data-start=\"1357\" data-end=\"1372\"><strong data-start=\"1357\" data-end=\"1372\">METODOLOGIA<\/strong><\/p><p data-start=\"1374\" data-end=\"1531\">Aulas expositivas dialogadas e mediadas, com abordagem t\u00e9cnica voltada \u00e0 aplica\u00e7\u00e3o pr\u00e1tica dos conceitos de seguran\u00e7a em opera\u00e7\u00f5es de movimenta\u00e7\u00e3o de cargas.<\/p><hr data-start=\"1533\" data-end=\"1536\" \/><p data-start=\"1538\" data-end=\"1551\"><strong data-start=\"1538\" data-end=\"1551\">AVALIA\u00c7\u00c3O<\/strong><\/p><p data-start=\"1553\" data-end=\"1687\">A avalia\u00e7\u00e3o ser\u00e1 realizada por meio de exames escritos, com o objetivo de verificar a assimila\u00e7\u00e3o dos conte\u00fados t\u00e9cnicos apresentados.<\/p>\t\t\t\t\t\t\t\t<\/div>\n\t\t\t\t<\/div>\n\t\t\t\t\t<\/div>\n\t\t<\/div>\n\t\t\t\t\t<\/div>\n\t\t<\/section>\n\t\t\t\t<section class=\"elementor-section elementor-top-section elementor-element elementor-element-fe5a0e8 elementor-section-boxed elementor-section-height-default elementor-section-height-default\" data-id=\"fe5a0e8\" data-element_type=\"section\" data-e-type=\"section\">\n\t\t\t\t\t\t<div class=\"elementor-container elementor-column-gap-default\">\n\t\t\t\t\t<div class=\"elementor-column elementor-col-50 elementor-top-column elementor-element elementor-element-ff4bfec\" data-id=\"ff4bfec\" data-element_type=\"column\" data-e-type=\"column\">\n\t\t\t<div class=\"elementor-widget-wrap elementor-element-populated\">\n\t\t\t\t\t\t<div class=\"elementor-element elementor-element-fc16640 elementor-invisible elementor-widget elementor-widget-image\" data-id=\"fc16640\" data-element_type=\"widget\" data-e-type=\"widget\" data-settings=\"{&quot;_animation&quot;:&quot;fadeInLeft&quot;}\" data-widget_type=\"image.default\">\n\t\t\t\t<div class=\"elementor-widget-container\">\n\t\t\t\t\t\t\t\t\t\t\t\t\t\t\t<img decoding=\"async\" data-attachment-id=\"12982\" data-permalink=\"https:\/\/www.somatick.com.br\/site\/treinamentos\/sms-carga\/movimentacao-de-carga\/design-sem-nome-26\/\" data-orig-file=\"https:\/\/www.somatick.com.br\/site\/wp-content\/uploads\/2026\/03\/Design-sem-nome-26.png\" data-orig-size=\"1000,1000\" data-comments-opened=\"0\" data-image-meta=\"{&quot;aperture&quot;:&quot;0&quot;,&quot;credit&quot;:&quot;&quot;,&quot;camera&quot;:&quot;&quot;,&quot;caption&quot;:&quot;&quot;,&quot;created_timestamp&quot;:&quot;0&quot;,&quot;copyright&quot;:&quot;&quot;,&quot;focal_length&quot;:&quot;0&quot;,&quot;iso&quot;:&quot;0&quot;,&quot;shutter_speed&quot;:&quot;0&quot;,&quot;title&quot;:&quot;&quot;,&quot;orientation&quot;:&quot;0&quot;}\" data-image-title=\"movimenta\u00e7\u00e3o-de-carga\" data-image-description=\"\" data-image-caption=\"\" data-large-file=\"https:\/\/www.somatick.com.br\/site\/wp-content\/uploads\/2026\/03\/Design-sem-nome-26.png\" width=\"800\" height=\"800\" src=\"https:\/\/www.somatick.com.br\/site\/wp-content\/uploads\/2026\/03\/Design-sem-nome-26.png\" class=\"attachment-large size-large wp-image-12982\" alt=\"\" srcset=\"https:\/\/www.somatick.com.br\/site\/wp-content\/uploads\/2026\/03\/Design-sem-nome-26.png 1000w, https:\/\/www.somatick.com.br\/site\/wp-content\/uploads\/2026\/03\/Design-sem-nome-26-300x300.png 300w, https:\/\/www.somatick.com.br\/site\/wp-content\/uploads\/2026\/03\/Design-sem-nome-26-150x150.png 150w, https:\/\/www.somatick.com.br\/site\/wp-content\/uploads\/2026\/03\/Design-sem-nome-26-768x768.png 768w\" sizes=\"(max-width: 800px) 100vw, 800px\" data-attachment-id=\"12982\" data-permalink=\"https:\/\/www.somatick.com.br\/site\/treinamentos\/sms-carga\/movimentacao-de-carga\/design-sem-nome-26\/\" data-orig-file=\"https:\/\/www.somatick.com.br\/site\/wp-content\/uploads\/2026\/03\/Design-sem-nome-26.png\" data-orig-size=\"1000,1000\" data-comments-opened=\"0\" data-image-meta=\"{&quot;aperture&quot;:&quot;0&quot;,&quot;credit&quot;:&quot;&quot;,&quot;camera&quot;:&quot;&quot;,&quot;caption&quot;:&quot;&quot;,&quot;created_timestamp&quot;:&quot;0&quot;,&quot;copyright&quot;:&quot;&quot;,&quot;focal_length&quot;:&quot;0&quot;,&quot;iso&quot;:&quot;0&quot;,&quot;shutter_speed&quot;:&quot;0&quot;,&quot;title&quot;:&quot;&quot;,&quot;orientation&quot;:&quot;0&quot;}\" data-image-title=\"movimenta\u00e7\u00e3o-de-carga\" data-image-description=\"\" data-image-caption=\"\" data-large-file=\"https:\/\/www.somatick.com.br\/site\/wp-content\/uploads\/2026\/03\/Design-sem-nome-26.png\" \/>\t\t\t\t\t\t\t\t\t\t\t\t\t\t\t<\/div>\n\t\t\t\t<\/div>\n\t\t\t\t\t<\/div>\n\t\t<\/div>\n\t\t\t\t<div class=\"elementor-column elementor-col-50 elementor-top-column elementor-element elementor-element-ba60967\" data-id=\"ba60967\" data-element_type=\"column\" data-e-type=\"column\">\n\t\t\t<div class=\"elementor-widget-wrap elementor-element-populated\">\n\t\t\t\t\t\t<div class=\"elementor-element elementor-element-806a877 elementor-invisible elementor-widget elementor-widget-text-editor\" data-id=\"806a877\" data-element_type=\"widget\" data-e-type=\"widget\" data-settings=\"{&quot;_animation&quot;:&quot;fadeInRight&quot;}\" data-widget_type=\"text-editor.default\">\n\t\t\t\t<div class=\"elementor-widget-container\">\n\t\t\t\t\t\t\t\t\t<h4 id=\"por-que-fazer-capacitao-em-espaos-confinados-nr-33\" class=\"font-editorial font-bold mb-2 mt-4 [.has-inline-images_&amp;]:clear-end text-lg first:mt-0 md:text-lg [hr+&amp;]:mt-4\">Por Que Fazer Treinamento de Movimenta\u00e7\u00e3o de Carga?<\/h4><p class=\"my-2 [&amp;+p]:mt-4 [&amp;_strong:has(+br)]:inline-block [&amp;_strong:has(+br)]:pb-2\">A realiza\u00e7\u00e3o do treinamento de Movimenta\u00e7\u00e3o de Carga \u00e9 fundamental para garantir a preserva\u00e7\u00e3o da integridade f\u00edsica e o bem-estar dos trabalhadores, al\u00e9m de ser uma exig\u00eancia legal rigorosa para diversos setores industriais.<\/p><h5><strong>Qualifica\u00e7\u00e3o T\u00e9cnica e Operacional:<\/strong><\/h5><p><strong>Garante que apenas trabalhadores<\/strong> habilitados e capacitados intervenham na opera\u00e7\u00e3o e manuten\u00e7\u00e3o de m\u00e1quinas pesadas, conforme exigido tamb\u00e9m pela NR-12.<\/p><p><strong>Desenvolve o dom\u00ednio de t\u00e9cnicas<\/strong> de sinaliza\u00e7\u00e3o, amarra\u00e7\u00e3o e pea\u00e7\u00e3o de cargas, essenciais para evitar a queda de materiais e avarias durante o transporte.<\/p><p><strong>Permite a especializa\u00e7\u00e3o em fun\u00e7\u00f5es cr\u00edticas<\/strong>, como as de Rigger, Sinaleiro e Homem de \u00c1rea, garantindo que a comunica\u00e7\u00e3o entre a equipe seja eficiente e padronizada<\/p>\t\t\t\t\t\t\t\t<\/div>\n\t\t\t\t<\/div>\n\t\t\t\t\t<\/div>\n\t\t<\/div>\n\t\t\t\t\t<\/div>\n\t\t<\/section>\n\t\t\t\t<section class=\"elementor-section elementor-top-section elementor-element elementor-element-03a1e98 elementor-section-boxed elementor-section-height-default elementor-section-height-default\" data-id=\"03a1e98\" data-element_type=\"section\" data-e-type=\"section\" data-settings=\"{&quot;background_background&quot;:&quot;gradient&quot;,&quot;shape_divider_top&quot;:&quot;mountains&quot;}\">\n\t\t\t\t\t<div class=\"elementor-shape elementor-shape-top\" aria-hidden=\"true\" data-negative=\"false\">\n\t\t\t<svg xmlns=\"http:\/\/www.w3.org\/2000\/svg\" viewBox=\"0 0 1000 100\" preserveAspectRatio=\"none\">\n\t<path class=\"elementor-shape-fill\" opacity=\"0.33\" d=\"M473,67.3c-203.9,88.3-263.1-34-320.3,0C66,119.1,0,59.7,0,59.7V0h1000v59.7 c0,0-62.1,26.1-94.9,29.3c-32.8,3.3-62.8-12.3-75.8-22.1C806,49.6,745.3,8.7,694.9,4.7S492.4,59,473,67.3z\"\/>\n\t<path class=\"elementor-shape-fill\" opacity=\"0.66\" d=\"M734,67.3c-45.5,0-77.2-23.2-129.1-39.1c-28.6-8.7-150.3-10.1-254,39.1 s-91.7-34.4-149.2,0C115.7,118.3,0,39.8,0,39.8V0h1000v36.5c0,0-28.2-18.5-92.1-18.5C810.2,18.1,775.7,67.3,734,67.3z\"\/>\n\t<path class=\"elementor-shape-fill\" d=\"M766.1,28.9c-200-57.5-266,65.5-395.1,19.5C242,1.8,242,5.4,184.8,20.6C128,35.8,132.3,44.9,89.9,52.5C28.6,63.7,0,0,0,0 h1000c0,0-9.9,40.9-83.6,48.1S829.6,47,766.1,28.9z\"\/>\n<\/svg>\t\t<\/div>\n\t\t\t\t\t<div class=\"elementor-container elementor-column-gap-default\">\n\t\t\t\t\t<div class=\"elementor-column elementor-col-100 elementor-top-column elementor-element elementor-element-e2fa25d\" data-id=\"e2fa25d\" data-element_type=\"column\" data-e-type=\"column\">\n\t\t\t<div class=\"elementor-widget-wrap elementor-element-populated\">\n\t\t\t\t\t\t<div class=\"elementor-element elementor-element-fbe6cc3 elementor-widget elementor-widget-html\" data-id=\"fbe6cc3\" data-element_type=\"widget\" data-e-type=\"widget\" data-widget_type=\"html.default\">\n\t\t\t\t<div class=\"elementor-widget-container\">\n\t\t\t\t\t<style>\r\n.somatick-form {\r\n    max-width: 800px;\r\n    width: 100%;\r\n    margin: 40px auto;\r\n    padding: 40px;\r\n    background: #f4f6f9;\r\n    border-radius: 12px;\r\n    font-family: Arial, sans-serif;\r\n    box-shadow: 0 5px 20px rgba(0,0,0,0.08);\r\n    box-sizing: border-box;\r\n}\r\n\r\n.somatick-form h2 {\r\n    text-align: center;\r\n    margin-bottom: 25px;\r\n    color: #0c2d57;\r\n}\r\n\r\n.somatick-form label {\r\n    font-weight: bold;\r\n    display: block;\r\n    margin-top: 15px;\r\n    margin-bottom: 5px;\r\n}\r\n\r\n.somatick-form input,\r\n.somatick-form select,\r\n.somatick-form textarea {\r\n    width: 100%;\r\n    padding: 12px;\r\n    border-radius: 6px;\r\n    border: 1px solid #ccc;\r\n    font-size: 15px;\r\n    box-sizing: border-box;\r\n}\r\n\r\n.somatick-form textarea {\r\n    resize: vertical;\r\n    min-height: 120px;\r\n}\r\n\r\n.somatick-form button {\r\n    margin-top: 20px;\r\n    width: 100%;\r\n    padding: 14px;\r\n    background-color: #25D366;\r\n    color: #fff;\r\n    border: none;\r\n    border-radius: 8px;\r\n    font-size: 16px;\r\n    cursor: pointer;\r\n    transition: 0.3s;\r\n}\r\n\r\n.somatick-form button:hover {\r\n    background-color: #1ebe5d;\r\n}\r\n\r\n\/* \ud83d\udd25 AJUSTE ESPEC\u00cdFICO PARA CELULAR *\/\r\n@media (max-width: 100vwpx) {\r\n\r\n    .somatick-form {\r\n        width: 1000vw;\r\n        max-width: 100vw;\r\n        margin: 0;\r\n        border-radius: 0;\r\n        padding: 25px 20px;\r\n    }\r\n\r\n}\r\n<\/style>\r\n\r\n<div class=\"somatick-form\">\r\n    <h2>Solicite um Treinamento<\/h2>\r\n\r\n    <form id=\"whatsappForm\">\r\n        \r\n        <label>Nome Completo<\/label>\r\n        <input type=\"text\" id=\"nome\" required>\r\n\r\n        <label>Empresa<\/label>\r\n        <input type=\"text\" id=\"empresa\">\r\n\r\n        <label>E-mail<\/label>\r\n        <input type=\"email\" id=\"email\" required>\r\n\r\n        <label>Telefone<\/label>\r\n        <input type=\"tel\" id=\"telefone\">\r\n\r\n        <label>Treinamento de Interesse<\/label>\r\n        <select id=\"curso\" required>\r\n            <option value=\"\">Selecione<\/option>\r\n            <option>Movimenta\u00e7\u00e3o de cargas<\/option>\r\n            <option>NRs<\/option>\r\n            <option>SMS<\/option>\r\n            <option>Cursos profissionalizantes<\/option>\r\n            <option>Treinamento Offshore<\/option>\r\n            <option>Outro<\/option>\r\n        <\/select>\r\n\r\n        <label>Mensagem<\/label>\r\n        <textarea id=\"mensagem\"><\/textarea>\r\n\r\n        <button type=\"submit\">Enviar pelo WhatsApp<\/button>\r\n\r\n    <\/form>\r\n<\/div>\r\n\r\n<script>\r\ndocument.getElementById(\"whatsappForm\").addEventListener(\"submit\", function(e) {\r\n    e.preventDefault();\r\n\r\n    var nome = document.getElementById(\"nome\").value;\r\n    var empresa = document.getElementById(\"empresa\").value;\r\n    var email = document.getElementById(\"email\").value;\r\n    var telefone = document.getElementById(\"telefone\").value;\r\n    var curso = document.getElementById(\"curso\").value;\r\n    var mensagem = document.getElementById(\"mensagem\").value;\r\n\r\n    var texto = \r\n    \"*Solicita\u00e7\u00e3o de Treinamento - Site Somatick* %0A%0A\" +\r\n    \"Nome: \" + nome + \"%0A\" +\r\n    \"Empresa: \" + empresa + \"%0A\" +\r\n    \"E-mail: \" + email + \"%0A\" +\r\n    \"Telefone: \" + telefone + \"%0A\" +\r\n    \"Treinamento: \" + curso + \"%0A%0A\" +\r\n    \"Mensagem: \" + mensagem;\r\n\r\n    var numero = \"5522981375447\"; \/\/ \ud83d\udd34 COLOQUE AQUI O WHATSAPP DA SOMATICK COM DDI E DDD\r\n\r\n    var url = \"https:\/\/wa.me\/\" + numero + \"?text=\" + texto;\r\n\r\n    window.open(url, '_blank');\r\n});\r\n<\/script>\r\n\t\t\t\t<\/div>\n\t\t\t\t<\/div>\n\t\t\t\t\t<\/div>\n\t\t<\/div>\n\t\t\t\t\t<\/div>\n\t\t<\/section>\n\t\t\t\t<\/div>\n\t\t","protected":false},"excerpt":{"rendered":"<p>Movimenta\u00e7\u00e3o de Carga &lt;img width=&#8221;800&#8243; height=&#8221;179&#8243; src=&#8221;http:\/\/www.somatick.com.br\/site\/wp-content\/uploads\/2012\/10\/Movimenta\u00e7\u00e3o-de-Cargas.jpg&#8221; alt=&#8221;&#8221; srcset=&#8221;https:\/\/www.somatick.com.br\/site\/wp-content\/uploads\/2012\/10\/Movimenta\u00e7\u00e3o-de-Cargas.jpg 901w, https:\/\/www.somatick.com.br\/site\/wp-content\/uploads\/2012\/10\/Movimenta\u00e7\u00e3o-de-Cargas-300&#215;67.jpg 300w, https:\/\/www.somatick.com.br\/site\/wp-content\/uploads\/2012\/10\/Movimenta\u00e7\u00e3o-de-Cargas-900&#215;201.jpg 900w&#8221; sizes=&#8221;(max-width: 800px) 100vw, 800px&#8221; \/&gt; &lt;p data-start=&#8221;117&#8243; data-end=&#8221;138&#8243;&gt;&lt;strong data-start=&#8221;117&#8243; data-end=&#8221;138&#8243;&gt;OBJETIVO DO CURSO&lt;\/strong&gt;&lt;\/p&gt;&lt;p data-start=&#8221;140&#8243; data-end=&#8221;389&#8243;&gt;Capacitar os profissionais envolvidos em atividades de movimenta\u00e7\u00e3o de cargas quanto aos procedimentos seguros para utiliza\u00e7\u00e3o de equipamentos, acess\u00f3rios e dispositivos de i\u00e7amento, promovendo a preven\u00e7\u00e3o de acidentes [&hellip;]<\/p>\n","protected":false},"author":1,"featured_media":0,"parent":765,"menu_order":4,"comment_status":"closed","ping_status":"closed","template":"","meta":{"_joinchat":[],"footnotes":""},"class_list":["post-866","page","type-page","status-publish","hentry"],"jetpack_shortlink":"https:\/\/wp.me\/Ph7gUA-dY","jetpack-related-posts":[],"jetpack_sharing_enabled":true,"_links":{"self":[{"href":"https:\/\/www.somatick.com.br\/site\/wp-json\/wp\/v2\/pages\/866","targetHints":{"allow":["GET"]}}],"collection":[{"href":"https:\/\/www.somatick.com.br\/site\/wp-json\/wp\/v2\/pages"}],"about":[{"href":"https:\/\/www.somatick.com.br\/site\/wp-json\/wp\/v2\/types\/page"}],"author":[{"embeddable":true,"href":"https:\/\/www.somatick.com.br\/site\/wp-json\/wp\/v2\/users\/1"}],"replies":[{"embeddable":true,"href":"https:\/\/www.somatick.com.br\/site\/wp-json\/wp\/v2\/comments?post=866"}],"version-history":[{"count":113,"href":"https:\/\/www.somatick.com.br\/site\/wp-json\/wp\/v2\/pages\/866\/revisions"}],"predecessor-version":[{"id":12985,"href":"https:\/\/www.somatick.com.br\/site\/wp-json\/wp\/v2\/pages\/866\/revisions\/12985"}],"up":[{"embeddable":true,"href":"https:\/\/www.somatick.com.br\/site\/wp-json\/wp\/v2\/pages\/765"}],"wp:attachment":[{"href":"https:\/\/www.somatick.com.br\/site\/wp-json\/wp\/v2\/media?parent=866"}],"curies":[{"name":"wp","href":"https:\/\/api.w.org\/{rel}","templated":true}]}}