{"id":858,"date":"2012-10-22T10:12:15","date_gmt":"2012-10-22T13:12:15","guid":{"rendered":"http:\/\/www.somatick.com.br\/?page_id=858"},"modified":"2026-03-12T09:21:12","modified_gmt":"2026-03-12T12:21:12","slug":"movimentacao-armazenagem-e-transporte-de-produtos-quimicos-perigosos-e-explosivos","status":"publish","type":"page","link":"https:\/\/www.somatick.com.br\/site\/treinamentos\/sms-carga\/movimentacao-armazenagem-e-transporte-de-produtos-quimicos-perigosos-e-explosivos\/","title":{"rendered":"Movimenta\u00e7\u00e3o, Armazenagem e Transporte de Produtos Qu\u00edmicos, Perigosos e Explosivos"},"content":{"rendered":"\t\t<div data-elementor-type=\"wp-page\" data-elementor-id=\"858\" class=\"elementor elementor-858\">\n\t\t\t\t\t\t<section class=\"elementor-section elementor-top-section elementor-element elementor-element-5a61a8f elementor-section-boxed elementor-section-height-default elementor-section-height-default\" data-id=\"5a61a8f\" data-element_type=\"section\" data-e-type=\"section\" data-settings=\"{&quot;background_background&quot;:&quot;classic&quot;}\">\n\t\t\t\t\t\t<div class=\"elementor-container elementor-column-gap-default\">\n\t\t\t\t\t<div class=\"elementor-column elementor-col-100 elementor-top-column elementor-element elementor-element-cf13d89\" data-id=\"cf13d89\" data-element_type=\"column\" data-e-type=\"column\">\n\t\t\t<div class=\"elementor-widget-wrap elementor-element-populated\">\n\t\t\t\t\t\t<div class=\"elementor-element elementor-element-037c2b1 elementor-widget elementor-widget-heading\" data-id=\"037c2b1\" data-element_type=\"widget\" data-e-type=\"widget\" data-widget_type=\"heading.default\">\n\t\t\t\t<div class=\"elementor-widget-container\">\n\t\t\t\t\t<h2 class=\"elementor-heading-title elementor-size-default\">Movimenta\u00e7\u00e3o, Armazenagem e Transporte de Produtos Qu\u00edmicos, Perigosos e Explosivos<\/h2>\t\t\t\t<\/div>\n\t\t\t\t<\/div>\n\t\t\t\t\t<\/div>\n\t\t<\/div>\n\t\t\t\t\t<\/div>\n\t\t<\/section>\n\t\t\t\t<section class=\"elementor-section elementor-top-section elementor-element elementor-element-e8e9831 elementor-section-boxed elementor-section-height-default elementor-section-height-default elementor-invisible\" data-id=\"e8e9831\" data-element_type=\"section\" data-e-type=\"section\" data-settings=\"{&quot;animation&quot;:&quot;zoomInDown&quot;}\">\n\t\t\t\t\t\t<div class=\"elementor-container elementor-column-gap-default\">\n\t\t\t\t\t<div class=\"elementor-column elementor-col-100 elementor-top-column elementor-element elementor-element-0e0e417\" data-id=\"0e0e417\" data-element_type=\"column\" data-e-type=\"column\">\n\t\t\t<div class=\"elementor-widget-wrap elementor-element-populated\">\n\t\t\t\t\t\t<div class=\"elementor-element elementor-element-c1a2823 elementor-widget elementor-widget-image\" data-id=\"c1a2823\" data-element_type=\"widget\" data-e-type=\"widget\" data-widget_type=\"image.default\">\n\t\t\t\t<div class=\"elementor-widget-container\">\n\t\t\t\t\t\t\t\t\t\t\t\t\t\t\t<img fetchpriority=\"high\" decoding=\"async\" data-attachment-id=\"5072\" data-permalink=\"https:\/\/www.somatick.com.br\/site\/treinamentos\/sms-carga\/movimentacao-de-produtos-quimicos-e-perigosos\/movimentacao-de-produtos-quimicos-e-perigosos-2\/\" data-orig-file=\"https:\/\/www.somatick.com.br\/site\/wp-content\/uploads\/2012\/10\/Movimenta\u00e7\u00e3o-de-produtos-qu\u00edmicos-e-perigosos.jpg\" data-orig-size=\"901,202\" data-comments-opened=\"0\" data-image-meta=\"{&quot;aperture&quot;:&quot;0&quot;,&quot;credit&quot;:&quot;Diogo&quot;,&quot;camera&quot;:&quot;&quot;,&quot;caption&quot;:&quot;&quot;,&quot;created_timestamp&quot;:&quot;1395248104&quot;,&quot;copyright&quot;:&quot;&quot;,&quot;focal_length&quot;:&quot;0&quot;,&quot;iso&quot;:&quot;0&quot;,&quot;shutter_speed&quot;:&quot;0&quot;,&quot;title&quot;:&quot;&quot;}\" data-image-title=\"Movimenta\u00e7\u00e3o de produtos qu\u00edmicos e perigosos\" data-image-description=\"\" data-image-caption=\"\" data-large-file=\"https:\/\/www.somatick.com.br\/site\/wp-content\/uploads\/2012\/10\/Movimenta\u00e7\u00e3o-de-produtos-qu\u00edmicos-e-perigosos.jpg\" width=\"800\" height=\"179\" src=\"https:\/\/www.somatick.com.br\/site\/wp-content\/uploads\/2012\/10\/Movimenta\u00e7\u00e3o-de-produtos-qu\u00edmicos-e-perigosos.jpg\" class=\"attachment-large size-large wp-image-5072\" alt=\"\" srcset=\"https:\/\/www.somatick.com.br\/site\/wp-content\/uploads\/2012\/10\/Movimenta\u00e7\u00e3o-de-produtos-qu\u00edmicos-e-perigosos.jpg 901w, https:\/\/www.somatick.com.br\/site\/wp-content\/uploads\/2012\/10\/Movimenta\u00e7\u00e3o-de-produtos-qu\u00edmicos-e-perigosos-300x67.jpg 300w, https:\/\/www.somatick.com.br\/site\/wp-content\/uploads\/2012\/10\/Movimenta\u00e7\u00e3o-de-produtos-qu\u00edmicos-e-perigosos-900x201.jpg 900w\" sizes=\"(max-width: 800px) 100vw, 800px\" data-attachment-id=\"5072\" data-permalink=\"https:\/\/www.somatick.com.br\/site\/treinamentos\/sms-carga\/movimentacao-de-produtos-quimicos-e-perigosos\/movimentacao-de-produtos-quimicos-e-perigosos-2\/\" data-orig-file=\"https:\/\/www.somatick.com.br\/site\/wp-content\/uploads\/2012\/10\/Movimenta\u00e7\u00e3o-de-produtos-qu\u00edmicos-e-perigosos.jpg\" data-orig-size=\"901,202\" data-comments-opened=\"0\" data-image-meta=\"{&quot;aperture&quot;:&quot;0&quot;,&quot;credit&quot;:&quot;Diogo&quot;,&quot;camera&quot;:&quot;&quot;,&quot;caption&quot;:&quot;&quot;,&quot;created_timestamp&quot;:&quot;1395248104&quot;,&quot;copyright&quot;:&quot;&quot;,&quot;focal_length&quot;:&quot;0&quot;,&quot;iso&quot;:&quot;0&quot;,&quot;shutter_speed&quot;:&quot;0&quot;,&quot;title&quot;:&quot;&quot;}\" data-image-title=\"Movimenta\u00e7\u00e3o de produtos qu\u00edmicos e perigosos\" data-image-description=\"\" data-image-caption=\"\" data-large-file=\"https:\/\/www.somatick.com.br\/site\/wp-content\/uploads\/2012\/10\/Movimenta\u00e7\u00e3o-de-produtos-qu\u00edmicos-e-perigosos.jpg\" \/>\t\t\t\t\t\t\t\t\t\t\t\t\t\t\t<\/div>\n\t\t\t\t<\/div>\n\t\t\t\t\t<\/div>\n\t\t<\/div>\n\t\t\t\t\t<\/div>\n\t\t<\/section>\n\t\t\t\t<section class=\"elementor-section elementor-top-section elementor-element elementor-element-6b5d2489 elementor-section-boxed elementor-section-height-default elementor-section-height-default\" data-id=\"6b5d2489\" data-element_type=\"section\" data-e-type=\"section\">\n\t\t\t\t\t\t<div class=\"elementor-container elementor-column-gap-default\">\n\t\t\t\t\t<div class=\"elementor-column elementor-col-100 elementor-top-column elementor-element elementor-element-72c9ed85\" data-id=\"72c9ed85\" data-element_type=\"column\" data-e-type=\"column\">\n\t\t\t<div class=\"elementor-widget-wrap elementor-element-populated\">\n\t\t\t\t\t\t<div class=\"elementor-element elementor-element-7d84cea0 elementor-widget elementor-widget-text-editor\" data-id=\"7d84cea0\" data-element_type=\"widget\" data-e-type=\"widget\" data-widget_type=\"text-editor.default\">\n\t\t\t\t<div class=\"elementor-widget-container\">\n\t\t\t\t\t\t\t\t\t<p data-start=\"106\" data-end=\"127\"><strong data-start=\"106\" data-end=\"127\">OBJETIVO DO CURSO<\/strong><\/p><p data-start=\"129\" data-end=\"341\">Apresentar os fundamentos t\u00e9cnicos e normativos relacionados ao manuseio, transporte e armazenagem de produtos qu\u00edmicos, perigosos e explosivos, promovendo a ado\u00e7\u00e3o de pr\u00e1ticas seguras e a preven\u00e7\u00e3o de acidentes.<\/p><p data-start=\"343\" data-end=\"743\">O curso aborda os requisitos estabelecidos nas <strong data-start=\"390\" data-end=\"399\">NR-09<\/strong>, <strong data-start=\"401\" data-end=\"410\">NR-15<\/strong>, <strong data-start=\"412\" data-end=\"421\">NR-16<\/strong>, <strong data-start=\"423\" data-end=\"432\">NR-19<\/strong>, <strong data-start=\"434\" data-end=\"443\">NR-20<\/strong>, <strong data-start=\"445\" data-end=\"454\">NR-25<\/strong>, <strong data-start=\"456\" data-end=\"465\">NR-29<\/strong>, <strong data-start=\"467\" data-end=\"476\">NR-30<\/strong>, bem como as diretrizes do <strong data-start=\"504\" data-end=\"517\">IMDG Code<\/strong> e normas da <strong data-start=\"530\" data-end=\"540\">NORMAM<\/strong>, contemplando classifica\u00e7\u00e3o de produtos perigosos, identifica\u00e7\u00e3o de riscos, rotulagem, sinaliza\u00e7\u00e3o, FISPQ, medidas de controle, armazenamento adequado, resposta a emerg\u00eancias e responsabilidades legais.<\/p><p data-start=\"745\" data-end=\"926\">Visa capacitar os participantes para atuar de forma preventiva e em conformidade com a legisla\u00e7\u00e3o vigente, assegurando a integridade das pessoas, do meio ambiente e das instala\u00e7\u00f5es.<\/p><hr data-start=\"928\" data-end=\"931\" \/><p data-start=\"933\" data-end=\"949\"><strong data-start=\"933\" data-end=\"949\">P\u00daBLICO-ALVO<\/strong><\/p><p data-start=\"951\" data-end=\"1141\">Profissionais que atuam ou interagem no manuseio, transporte, armazenamento e controle de produtos qu\u00edmicos, perigosos e explosivos, em ambientes industriais, portu\u00e1rios, offshore e onshore.<\/p><hr data-start=\"1143\" data-end=\"1146\" \/><p data-start=\"1148\" data-end=\"1165\"><strong data-start=\"1148\" data-end=\"1165\">CARGA HOR\u00c1RIA<\/strong><\/p><p data-start=\"1167\" data-end=\"1196\">Carga Hor\u00e1ria: 16 horas\/aula.<\/p>\t\t\t\t\t\t\t\t<\/div>\n\t\t\t\t<\/div>\n\t\t\t\t\t<\/div>\n\t\t<\/div>\n\t\t\t\t\t<\/div>\n\t\t<\/section>\n\t\t\t\t<section class=\"elementor-section elementor-top-section elementor-element elementor-element-9d845be elementor-section-boxed elementor-section-height-default elementor-section-height-default\" data-id=\"9d845be\" data-element_type=\"section\" data-e-type=\"section\">\n\t\t\t\t\t\t<div class=\"elementor-container elementor-column-gap-default\">\n\t\t\t\t\t<div class=\"elementor-column elementor-col-50 elementor-top-column elementor-element elementor-element-60c3547\" data-id=\"60c3547\" data-element_type=\"column\" data-e-type=\"column\">\n\t\t\t<div class=\"elementor-widget-wrap elementor-element-populated\">\n\t\t\t\t\t\t<div class=\"elementor-element elementor-element-0ded686 elementor-invisible elementor-widget elementor-widget-image\" data-id=\"0ded686\" data-element_type=\"widget\" data-e-type=\"widget\" data-settings=\"{&quot;_animation&quot;:&quot;fadeInLeft&quot;}\" data-widget_type=\"image.default\">\n\t\t\t\t<div class=\"elementor-widget-container\">\n\t\t\t\t\t\t\t\t\t\t\t\t\t\t\t<img decoding=\"async\" data-attachment-id=\"13061\" data-permalink=\"https:\/\/www.somatick.com.br\/site\/treinamentos\/sms-carga\/movimentacao-armazenagem-e-transporte-de-produtos-quimicos-perigosos-e-explosivos\/typeelementorsiteurlhttpswww-somatick-com-brsitewp-jsonelementsid1336dabeltypesectionisinnerfalseislockedfalsesettingsstructure20_titlelayoutboxedcontent_widthunitpxsizesiz-1\/\" data-orig-file=\"https:\/\/www.somatick.com.br\/site\/wp-content\/uploads\/2026\/03\/typeelementorsiteurlhttpswww.somatick.com_.brsitewp-jsonelementsid1336dabelTypesectionisInnerfalseisLockedfalsesettingsstructure20_titlelayoutboxedcontent_widthunitpxsizesiz-1.png\" data-orig-size=\"1000,1000\" data-comments-opened=\"0\" data-image-meta=\"{&quot;aperture&quot;:&quot;0&quot;,&quot;credit&quot;:&quot;&quot;,&quot;camera&quot;:&quot;&quot;,&quot;caption&quot;:&quot;&quot;,&quot;created_timestamp&quot;:&quot;0&quot;,&quot;copyright&quot;:&quot;&quot;,&quot;focal_length&quot;:&quot;0&quot;,&quot;iso&quot;:&quot;0&quot;,&quot;shutter_speed&quot;:&quot;0&quot;,&quot;title&quot;:&quot;&quot;,&quot;orientation&quot;:&quot;0&quot;}\" data-image-title=\"produto-explosivo\" data-image-description=\"\" data-image-caption=\"\" data-large-file=\"https:\/\/www.somatick.com.br\/site\/wp-content\/uploads\/2026\/03\/typeelementorsiteurlhttpswww.somatick.com_.brsitewp-jsonelementsid1336dabelTypesectionisInnerfalseisLockedfalsesettingsstructure20_titlelayoutboxedcontent_widthunitpxsizesiz-1.png\" width=\"800\" height=\"800\" src=\"https:\/\/www.somatick.com.br\/site\/wp-content\/uploads\/2026\/03\/typeelementorsiteurlhttpswww.somatick.com_.brsitewp-jsonelementsid1336dabelTypesectionisInnerfalseisLockedfalsesettingsstructure20_titlelayoutboxedcontent_widthunitpxsizesiz-1.png\" class=\"attachment-large size-large wp-image-13061\" alt=\"\" srcset=\"https:\/\/www.somatick.com.br\/site\/wp-content\/uploads\/2026\/03\/typeelementorsiteurlhttpswww.somatick.com_.brsitewp-jsonelementsid1336dabelTypesectionisInnerfalseisLockedfalsesettingsstructure20_titlelayoutboxedcontent_widthunitpxsizesiz-1.png 1000w, https:\/\/www.somatick.com.br\/site\/wp-content\/uploads\/2026\/03\/typeelementorsiteurlhttpswww.somatick.com_.brsitewp-jsonelementsid1336dabelTypesectionisInnerfalseisLockedfalsesettingsstructure20_titlelayoutboxedcontent_widthunitpxsizesiz-1-300x300.png 300w, https:\/\/www.somatick.com.br\/site\/wp-content\/uploads\/2026\/03\/typeelementorsiteurlhttpswww.somatick.com_.brsitewp-jsonelementsid1336dabelTypesectionisInnerfalseisLockedfalsesettingsstructure20_titlelayoutboxedcontent_widthunitpxsizesiz-1-150x150.png 150w, https:\/\/www.somatick.com.br\/site\/wp-content\/uploads\/2026\/03\/typeelementorsiteurlhttpswww.somatick.com_.brsitewp-jsonelementsid1336dabelTypesectionisInnerfalseisLockedfalsesettingsstructure20_titlelayoutboxedcontent_widthunitpxsizesiz-1-768x768.png 768w\" sizes=\"(max-width: 800px) 100vw, 800px\" data-attachment-id=\"13061\" data-permalink=\"https:\/\/www.somatick.com.br\/site\/treinamentos\/sms-carga\/movimentacao-armazenagem-e-transporte-de-produtos-quimicos-perigosos-e-explosivos\/typeelementorsiteurlhttpswww-somatick-com-brsitewp-jsonelementsid1336dabeltypesectionisinnerfalseislockedfalsesettingsstructure20_titlelayoutboxedcontent_widthunitpxsizesiz-1\/\" data-orig-file=\"https:\/\/www.somatick.com.br\/site\/wp-content\/uploads\/2026\/03\/typeelementorsiteurlhttpswww.somatick.com_.brsitewp-jsonelementsid1336dabelTypesectionisInnerfalseisLockedfalsesettingsstructure20_titlelayoutboxedcontent_widthunitpxsizesiz-1.png\" data-orig-size=\"1000,1000\" data-comments-opened=\"0\" data-image-meta=\"{&quot;aperture&quot;:&quot;0&quot;,&quot;credit&quot;:&quot;&quot;,&quot;camera&quot;:&quot;&quot;,&quot;caption&quot;:&quot;&quot;,&quot;created_timestamp&quot;:&quot;0&quot;,&quot;copyright&quot;:&quot;&quot;,&quot;focal_length&quot;:&quot;0&quot;,&quot;iso&quot;:&quot;0&quot;,&quot;shutter_speed&quot;:&quot;0&quot;,&quot;title&quot;:&quot;&quot;,&quot;orientation&quot;:&quot;0&quot;}\" data-image-title=\"produto-explosivo\" data-image-description=\"\" data-image-caption=\"\" data-large-file=\"https:\/\/www.somatick.com.br\/site\/wp-content\/uploads\/2026\/03\/typeelementorsiteurlhttpswww.somatick.com_.brsitewp-jsonelementsid1336dabelTypesectionisInnerfalseisLockedfalsesettingsstructure20_titlelayoutboxedcontent_widthunitpxsizesiz-1.png\" \/>\t\t\t\t\t\t\t\t\t\t\t\t\t\t\t<\/div>\n\t\t\t\t<\/div>\n\t\t\t\t\t<\/div>\n\t\t<\/div>\n\t\t\t\t<div class=\"elementor-column elementor-col-50 elementor-top-column elementor-element elementor-element-d3553fb\" data-id=\"d3553fb\" data-element_type=\"column\" data-e-type=\"column\">\n\t\t\t<div class=\"elementor-widget-wrap elementor-element-populated\">\n\t\t\t\t\t\t<div class=\"elementor-element elementor-element-c699842 elementor-invisible elementor-widget elementor-widget-text-editor\" data-id=\"c699842\" data-element_type=\"widget\" data-e-type=\"widget\" data-settings=\"{&quot;_animation&quot;:&quot;fadeInRight&quot;}\" data-widget_type=\"text-editor.default\">\n\t\t\t\t<div class=\"elementor-widget-container\">\n\t\t\t\t\t\t\t\t\t<h4 id=\"por-que-fazer-capacitao-em-espaos-confinados-nr-33\" class=\"font-editorial font-bold mb-2 mt-4 [.has-inline-images_&amp;]:clear-end text-lg first:mt-0 md:text-lg [hr+&amp;]:mt-4\">Por Que Fazer Treinamento de Movimenta\u00e7\u00e3o de Produtos Qu\u00edmicos, Perigosos e Explosivos?<\/h4><p class=\"my-2 [&amp;+p]:mt-4 [&amp;_strong:has(+br)]:inline-block [&amp;_strong:has(+br)]:pb-2\">Fazer o treinamento de Movimenta\u00e7\u00e3o de Produtos Qu\u00edmicos, Perigosos e Explosivos \u00e9 fundamental para garantir a seguran\u00e7a dos trabalhadores, das instala\u00e7\u00f5es e do meio ambiente durante atividades que envolvem subst\u00e2ncias com alto potencial de risco.<\/p><h5 class=\"font-editorial font-bold mb-2 mt-4 [.has-inline-images_&amp;]:clear-end text-base first:mt-0\"><strong>Principais Motivos:<\/strong><\/h5><p data-start=\"479\" data-end=\"890\"><strong>Seguran\u00e7a dos trabalhadores:<\/strong> Produtos qu\u00edmicos perigosos e materiais explosivos podem causar inc\u00eandios, explos\u00f5es, intoxica\u00e7\u00f5es, queimaduras qu\u00edmicas e contamina\u00e7\u00f5es. O treinamento orienta os trabalhadores sobre os riscos dessas subst\u00e2ncias, o uso correto de Equipamentos de Prote\u00e7\u00e3o Individual (EPIs) e as t\u00e9cnicas adequadas de manuseio e movimenta\u00e7\u00e3o, garantindo maior prote\u00e7\u00e3o durante as atividades.<\/p><p data-start=\"892\" data-end=\"1267\"><strong>Preven\u00e7\u00e3o de inc\u00eandios e explos\u00f5es:<\/strong> Alguns produtos possuem caracter\u00edsticas inflam\u00e1veis, reativas ou explosivas, podendo gerar acidentes de grandes propor\u00e7\u00f5es quando manipulados de forma inadequada. O treinamento ensina a reconhecer subst\u00e2ncias incompat\u00edveis, fontes de igni\u00e7\u00e3o e condi\u00e7\u00f5es inseguras, prevenindo incidentes que podem causar danos humanos e materiais.<\/p><p data-start=\"1269\" data-end=\"1588\"><strong>Resposta a emerg\u00eancias:<\/strong> Em casos de vazamentos, derramamentos ou princ\u00edpio de inc\u00eandio, \u00e9 essencial que os trabalhadores saibam agir rapidamente e de forma correta. O treinamento apresenta procedimentos de emerg\u00eancia, isolamento de \u00e1reas, comunica\u00e7\u00e3o de incidentes e medidas de controle para minimizar os impactos.<\/p>\t\t\t\t\t\t\t\t<\/div>\n\t\t\t\t<\/div>\n\t\t\t\t\t<\/div>\n\t\t<\/div>\n\t\t\t\t\t<\/div>\n\t\t<\/section>\n\t\t\t\t<section class=\"elementor-section elementor-top-section elementor-element elementor-element-6ea70fb elementor-section-boxed elementor-section-height-default elementor-section-height-default\" data-id=\"6ea70fb\" data-element_type=\"section\" data-e-type=\"section\" data-settings=\"{&quot;background_background&quot;:&quot;gradient&quot;,&quot;shape_divider_top&quot;:&quot;mountains&quot;}\">\n\t\t\t\t\t<div class=\"elementor-shape elementor-shape-top\" aria-hidden=\"true\" data-negative=\"false\">\n\t\t\t<svg xmlns=\"http:\/\/www.w3.org\/2000\/svg\" viewBox=\"0 0 1000 100\" preserveAspectRatio=\"none\">\n\t<path class=\"elementor-shape-fill\" opacity=\"0.33\" d=\"M473,67.3c-203.9,88.3-263.1-34-320.3,0C66,119.1,0,59.7,0,59.7V0h1000v59.7 c0,0-62.1,26.1-94.9,29.3c-32.8,3.3-62.8-12.3-75.8-22.1C806,49.6,745.3,8.7,694.9,4.7S492.4,59,473,67.3z\"\/>\n\t<path class=\"elementor-shape-fill\" opacity=\"0.66\" d=\"M734,67.3c-45.5,0-77.2-23.2-129.1-39.1c-28.6-8.7-150.3-10.1-254,39.1 s-91.7-34.4-149.2,0C115.7,118.3,0,39.8,0,39.8V0h1000v36.5c0,0-28.2-18.5-92.1-18.5C810.2,18.1,775.7,67.3,734,67.3z\"\/>\n\t<path class=\"elementor-shape-fill\" d=\"M766.1,28.9c-200-57.5-266,65.5-395.1,19.5C242,1.8,242,5.4,184.8,20.6C128,35.8,132.3,44.9,89.9,52.5C28.6,63.7,0,0,0,0 h1000c0,0-9.9,40.9-83.6,48.1S829.6,47,766.1,28.9z\"\/>\n<\/svg>\t\t<\/div>\n\t\t\t\t\t<div class=\"elementor-container elementor-column-gap-default\">\n\t\t\t\t\t<div class=\"elementor-column elementor-col-100 elementor-top-column elementor-element elementor-element-e6716cf\" data-id=\"e6716cf\" data-element_type=\"column\" data-e-type=\"column\">\n\t\t\t<div class=\"elementor-widget-wrap elementor-element-populated\">\n\t\t\t\t\t\t<div class=\"elementor-element elementor-element-4b32766 elementor-widget elementor-widget-html\" data-id=\"4b32766\" data-element_type=\"widget\" data-e-type=\"widget\" data-widget_type=\"html.default\">\n\t\t\t\t<div class=\"elementor-widget-container\">\n\t\t\t\t\t<style>\r\n.somatick-form {\r\n    max-width: 800px;\r\n    width: 100%;\r\n    margin: 40px auto;\r\n    padding: 40px;\r\n    background: #f4f6f9;\r\n    border-radius: 12px;\r\n    font-family: Arial, sans-serif;\r\n    box-shadow: 0 5px 20px rgba(0,0,0,0.08);\r\n    box-sizing: border-box;\r\n}\r\n\r\n.somatick-form h2 {\r\n    text-align: center;\r\n    margin-bottom: 25px;\r\n    color: #0c2d57;\r\n}\r\n\r\n.somatick-form label {\r\n    font-weight: bold;\r\n    display: block;\r\n    margin-top: 15px;\r\n    margin-bottom: 5px;\r\n}\r\n\r\n.somatick-form input,\r\n.somatick-form select,\r\n.somatick-form textarea {\r\n    width: 100%;\r\n    padding: 12px;\r\n    border-radius: 6px;\r\n    border: 1px solid #ccc;\r\n    font-size: 15px;\r\n    box-sizing: border-box;\r\n}\r\n\r\n.somatick-form textarea {\r\n    resize: vertical;\r\n    min-height: 120px;\r\n}\r\n\r\n.somatick-form button {\r\n    margin-top: 20px;\r\n    width: 100%;\r\n    padding: 14px;\r\n    background-color: #25D366;\r\n    color: #fff;\r\n    border: none;\r\n    border-radius: 8px;\r\n    font-size: 16px;\r\n    cursor: pointer;\r\n    transition: 0.3s;\r\n}\r\n\r\n.somatick-form button:hover {\r\n    background-color: #1ebe5d;\r\n}\r\n\r\n\/* \ud83d\udd25 AJUSTE ESPEC\u00cdFICO PARA CELULAR *\/\r\n@media (max-width: 100vwpx) {\r\n\r\n    .somatick-form {\r\n        width: 1000vw;\r\n        max-width: 100vw;\r\n        margin: 0;\r\n        border-radius: 0;\r\n        padding: 25px 20px;\r\n    }\r\n\r\n}\r\n<\/style>\r\n\r\n<div class=\"somatick-form\">\r\n    <h2>Solicite um Treinamento<\/h2>\r\n\r\n    <form id=\"whatsappForm\">\r\n        \r\n        <label>Nome Completo<\/label>\r\n        <input type=\"text\" id=\"nome\" required>\r\n\r\n        <label>Empresa<\/label>\r\n        <input type=\"text\" id=\"empresa\">\r\n\r\n        <label>E-mail<\/label>\r\n        <input type=\"email\" id=\"email\" required>\r\n\r\n        <label>Telefone<\/label>\r\n        <input type=\"tel\" id=\"telefone\">\r\n\r\n        <label>Treinamento de Interesse<\/label>\r\n        <select id=\"curso\" required>\r\n            <option value=\"\">Selecione<\/option>\r\n            <option>Movimenta\u00e7\u00e3o de cargas<\/option>\r\n            <option>NRs<\/option>\r\n            <option>SMS<\/option>\r\n            <option>Cursos profissionalizantes<\/option>\r\n            <option>Treinamento Offshore<\/option>\r\n            <option>Outro<\/option>\r\n        <\/select>\r\n\r\n        <label>Mensagem<\/label>\r\n        <textarea id=\"mensagem\"><\/textarea>\r\n\r\n        <button type=\"submit\">Enviar pelo WhatsApp<\/button>\r\n\r\n    <\/form>\r\n<\/div>\r\n\r\n<script>\r\ndocument.getElementById(\"whatsappForm\").addEventListener(\"submit\", function(e) {\r\n    e.preventDefault();\r\n\r\n    var nome = document.getElementById(\"nome\").value;\r\n    var empresa = document.getElementById(\"empresa\").value;\r\n    var email = document.getElementById(\"email\").value;\r\n    var telefone = document.getElementById(\"telefone\").value;\r\n    var curso = document.getElementById(\"curso\").value;\r\n    var mensagem = document.getElementById(\"mensagem\").value;\r\n\r\n    var texto = \r\n    \"*Solicita\u00e7\u00e3o de Treinamento - Site Somatick* %0A%0A\" +\r\n    \"Nome: \" + nome + \"%0A\" +\r\n    \"Empresa: \" + empresa + \"%0A\" +\r\n    \"E-mail: \" + email + \"%0A\" +\r\n    \"Telefone: \" + telefone + \"%0A\" +\r\n    \"Treinamento: \" + curso + \"%0A%0A\" +\r\n    \"Mensagem: \" + mensagem;\r\n\r\n    var numero = \"5522981375447\"; \/\/ \ud83d\udd34 COLOQUE AQUI O WHATSAPP DA SOMATICK COM DDI E DDD\r\n\r\n    var url = \"https:\/\/wa.me\/\" + numero + \"?text=\" + texto;\r\n\r\n    window.open(url, '_blank');\r\n});\r\n<\/script>\r\n\t\t\t\t<\/div>\n\t\t\t\t<\/div>\n\t\t\t\t\t<\/div>\n\t\t<\/div>\n\t\t\t\t\t<\/div>\n\t\t<\/section>\n\t\t\t\t<\/div>\n\t\t","protected":false},"excerpt":{"rendered":"<p>Movimenta\u00e7\u00e3o, Armazenagem e Transporte de Produtos Qu\u00edmicos, Perigosos e Explosivos &lt;img width=&#8221;800&#8243; height=&#8221;179&#8243; src=&#8221;http:\/\/www.somatick.com.br\/site\/wp-content\/uploads\/2012\/10\/Movimenta\u00e7\u00e3o-de-produtos-qu\u00edmicos-e-perigosos.jpg&#8221; alt=&#8221;&#8221; srcset=&#8221;https:\/\/www.somatick.com.br\/site\/wp-content\/uploads\/2012\/10\/Movimenta\u00e7\u00e3o-de-produtos-qu\u00edmicos-e-perigosos.jpg 901w, https:\/\/www.somatick.com.br\/site\/wp-content\/uploads\/2012\/10\/Movimenta\u00e7\u00e3o-de-produtos-qu\u00edmicos-e-perigosos-300&#215;67.jpg 300w, https:\/\/www.somatick.com.br\/site\/wp-content\/uploads\/2012\/10\/Movimenta\u00e7\u00e3o-de-produtos-qu\u00edmicos-e-perigosos-900&#215;201.jpg 900w&#8221; sizes=&#8221;(max-width: 800px) 100vw, 800px&#8221; \/&gt; &lt;p data-start=&#8221;106&#8243; data-end=&#8221;127&#8243;&gt;&lt;strong data-start=&#8221;106&#8243; data-end=&#8221;127&#8243;&gt;OBJETIVO DO CURSO&lt;\/strong&gt;&lt;\/p&gt;&lt;p data-start=&#8221;129&#8243; data-end=&#8221;341&#8243;&gt;Apresentar os fundamentos t\u00e9cnicos e normativos relacionados ao manuseio, transporte e armazenagem de produtos qu\u00edmicos, perigosos e explosivos, promovendo a ado\u00e7\u00e3o [&hellip;]<\/p>\n","protected":false},"author":1,"featured_media":0,"parent":765,"menu_order":3,"comment_status":"closed","ping_status":"closed","template":"","meta":{"_joinchat":[],"footnotes":""},"class_list":["post-858","page","type-page","status-publish","hentry"],"jetpack_shortlink":"https:\/\/wp.me\/Ph7gUA-dQ","jetpack-related-posts":[],"jetpack_sharing_enabled":true,"_links":{"self":[{"href":"https:\/\/www.somatick.com.br\/site\/wp-json\/wp\/v2\/pages\/858","targetHints":{"allow":["GET"]}}],"collection":[{"href":"https:\/\/www.somatick.com.br\/site\/wp-json\/wp\/v2\/pages"}],"about":[{"href":"https:\/\/www.somatick.com.br\/site\/wp-json\/wp\/v2\/types\/page"}],"author":[{"embeddable":true,"href":"https:\/\/www.somatick.com.br\/site\/wp-json\/wp\/v2\/users\/1"}],"replies":[{"embeddable":true,"href":"https:\/\/www.somatick.com.br\/site\/wp-json\/wp\/v2\/comments?post=858"}],"version-history":[{"count":56,"href":"https:\/\/www.somatick.com.br\/site\/wp-json\/wp\/v2\/pages\/858\/revisions"}],"predecessor-version":[{"id":13076,"href":"https:\/\/www.somatick.com.br\/site\/wp-json\/wp\/v2\/pages\/858\/revisions\/13076"}],"up":[{"embeddable":true,"href":"https:\/\/www.somatick.com.br\/site\/wp-json\/wp\/v2\/pages\/765"}],"wp:attachment":[{"href":"https:\/\/www.somatick.com.br\/site\/wp-json\/wp\/v2\/media?parent=858"}],"curies":[{"name":"wp","href":"https:\/\/api.w.org\/{rel}","templated":true}]}}