{"id":513,"date":"2026-03-30T11:59:28","date_gmt":"2026-03-30T14:59:28","guid":{"rendered":"http:\/\/somatick.com.br\/?page_id=513"},"modified":"2026-04-01T14:52:46","modified_gmt":"2026-04-01T17:52:46","slug":"clientes-offshore","status":"publish","type":"page","link":"https:\/\/www.somatick.com.br\/site\/corporation\/clientes-offshore\/","title":{"rendered":"Clientes"},"content":{"rendered":"\t\t<div data-elementor-type=\"wp-page\" data-elementor-id=\"513\" class=\"elementor elementor-513\">\n\t\t\t\t\t\t<section class=\"elementor-section elementor-top-section elementor-element elementor-element-2a9a2813 elementor-section-boxed elementor-section-height-default elementor-section-height-default elementor-invisible\" data-id=\"2a9a2813\" data-element_type=\"section\" data-e-type=\"section\" data-settings=\"{&quot;animation&quot;:&quot;slideInLeft&quot;}\">\n\t\t\t\t\t\t<div class=\"elementor-container elementor-column-gap-default\">\n\t\t\t\t\t<div class=\"elementor-column elementor-col-100 elementor-top-column elementor-element elementor-element-7e299149\" data-id=\"7e299149\" data-element_type=\"column\" data-e-type=\"column\">\n\t\t\t<div class=\"elementor-widget-wrap elementor-element-populated\">\n\t\t\t\t\t\t<div class=\"elementor-element elementor-element-6803ac73 elementor-widget elementor-widget-text-editor\" data-id=\"6803ac73\" data-element_type=\"widget\" data-e-type=\"widget\" data-widget_type=\"text-editor.default\">\n\t\t\t\t<div class=\"elementor-widget-container\">\n\t\t\t\t\t\t\t\t\t<address><img fetchpriority=\"high\" decoding=\"async\" data-attachment-id=\"2718\" data-permalink=\"https:\/\/www.somatick.com.br\/site\/corporation\/clientes-offshore\/clientes-4\/\" data-orig-file=\"https:\/\/www.somatick.com.br\/site\/wp-content\/uploads\/2012\/08\/clientes2.jpg\" data-orig-size=\"368,279\" data-comments-opened=\"0\" data-image-meta=\"{&quot;aperture&quot;:&quot;0&quot;,&quot;credit&quot;:&quot;Diogo&quot;,&quot;camera&quot;:&quot;&quot;,&quot;caption&quot;:&quot;&quot;,&quot;created_timestamp&quot;:&quot;1366184851&quot;,&quot;copyright&quot;:&quot;&quot;,&quot;focal_length&quot;:&quot;0&quot;,&quot;iso&quot;:&quot;0&quot;,&quot;shutter_speed&quot;:&quot;0&quot;,&quot;title&quot;:&quot;&quot;}\" data-image-title=\"clientes\" data-image-description=\"\" data-image-caption=\"\" data-large-file=\"https:\/\/www.somatick.com.br\/site\/wp-content\/uploads\/2012\/08\/clientes2.jpg\" class=\"alignleft wp-image-2718\" src=\"http:\/\/www.somatick.com.br\/site\/wp-content\/uploads\/2012\/08\/clientes2.jpg\" alt=\"clientes\" width=\"368\" height=\"279\" srcset=\"https:\/\/www.somatick.com.br\/site\/wp-content\/uploads\/2012\/08\/clientes2.jpg 368w, https:\/\/www.somatick.com.br\/site\/wp-content\/uploads\/2012\/08\/clientes2-300x227.jpg 300w\" sizes=\"(max-width: 368px) 100vw, 368px\" \/><\/address><address>\u00a0<\/address><address>\u00a0<\/address><address>\u00a0<\/address><address>\u00a0<\/address><address>\u00a0<\/address><address>\u00a0<\/address><address>\u00a0<\/address><address>\u00a0<\/address><address>\u00a0<\/address><address>\u00a0<\/address><address>\u00a0<\/address><address>\u00a0<\/address><address>\u00a0<\/address><address>\u00a0<\/address><address>\u00a0<\/address><address>\u00a0<\/address><address><span style=\"color: #c0c0c0;\"><span style=\"color: #c0c0c0;\"><strong>&#8220;As maiores empresas da ind\u00fastria do petr\u00f3leo treinam na Somatick.&#8221;<\/strong><\/span><\/span><\/address><address>\u00a0<\/address><address>A Somatick realiza treinamentos e consultoria com alta qualidade a uma s\u00e9rie de empresas do mercado Offshore, Naval, Energia e Constru\u00e7\u00e3o Civil. Disponibilizamos treinamentos com total flexibilidade e utilizamos nossas instala\u00e7\u00f5es e Centro de Treinamento, conforme a necessidade do cliente, oferecemos In Company ou \u00e0 Bordo em unidade Naval e Offshore, com alta qualidade, flexibilidade e seguran\u00e7a, praticadas com pre\u00e7o justo e satisfa\u00e7\u00e3o nos resultados.<\/address><address>\u00a0<\/address><address>International Business Information Report<\/address><address>\u00a0<\/address><address>A Somatick Treinamentos \u00e9 a \u00fanica empresa na Bacia de Campos que oferece treinamentos industriais e offshore que foi auditada pela Dun &amp; Bradstreet (D&amp;B), atrav\u00e9s do sistema Internacional de Informa\u00e7\u00f5es de Neg\u00f3cios (IBIR).\u00a0A D&amp;B \u00e9 reconhecida em todo o mundo como l\u00edder em proporcionar experi\u00eancia comercial e informa\u00e7\u00f5es a clientes.<\/address><address>\u00a0<\/address><address>Aguardamos o contato da sua empresa. Venha fazer o treinamento com toda seguran\u00e7a que a Somatick disponibiliza.<\/address><address>Conhe\u00e7a alguns de nossos clientes:<\/address><address><img decoding=\"async\" width=\"886\" height=\"553\" data-attachment-id=\"714\" data-permalink=\"https:\/\/www.somatick.com.br\/site\/corporation\/clientes-offshore\/clientes-somatick\/\" data-orig-file=\"https:\/\/www.somatick.com.br\/site\/wp-content\/uploads\/2012\/08\/Clientes-Somatick.jpg\" data-orig-size=\"886,553\" data-comments-opened=\"0\" data-image-meta=\"{&quot;aperture&quot;:&quot;0&quot;,&quot;credit&quot;:&quot;&quot;,&quot;camera&quot;:&quot;&quot;,&quot;caption&quot;:&quot;&quot;,&quot;created_timestamp&quot;:&quot;0&quot;,&quot;copyright&quot;:&quot;&quot;,&quot;focal_length&quot;:&quot;0&quot;,&quot;iso&quot;:&quot;0&quot;,&quot;shutter_speed&quot;:&quot;0&quot;,&quot;title&quot;:&quot;&quot;}\" data-image-title=\"Clientes Somatick\" data-image-description=\"\" data-image-caption=\"\" data-large-file=\"https:\/\/www.somatick.com.br\/site\/wp-content\/uploads\/2012\/08\/Clientes-Somatick.jpg\" class=\"aligncenter wp-image-714\" title=\"Clientes Somatick\" src=\"http:\/\/www.somatick.com.br\/site\/wp-content\/uploads\/2012\/08\/Clientes-Somatick.jpg\" alt=\"\" srcset=\"https:\/\/www.somatick.com.br\/site\/wp-content\/uploads\/2012\/08\/Clientes-Somatick.jpg 886w, https:\/\/www.somatick.com.br\/site\/wp-content\/uploads\/2012\/08\/Clientes-Somatick-300x187.jpg 300w\" sizes=\"(max-width: 886px) 100vw, 886px\" \/><\/address><p><!--:--><!--:en--><\/p><p>\u00a0<\/p><p><!--:--><\/p>\t\t\t\t\t\t\t\t<\/div>\n\t\t\t\t<\/div>\n\t\t\t\t\t<\/div>\n\t\t<\/div>\n\t\t\t\t\t<\/div>\n\t\t<\/section>\n\t\t\t\t<\/div>\n\t\t","protected":false},"excerpt":{"rendered":"<p>\u00a0 \u00a0 \u00a0 \u00a0 \u00a0 \u00a0 \u00a0 \u00a0 \u00a0 \u00a0 \u00a0 \u00a0 \u00a0 \u00a0 \u00a0 \u00a0 &#8220;As maiores empresas da ind\u00fastria do petr\u00f3leo treinam na Somatick.&#8221; \u00a0 A Somatick realiza treinamentos e consultoria com alta qualidade a uma s\u00e9rie de empresas do mercado Offshore, Naval, Energia e Constru\u00e7\u00e3o Civil. Disponibilizamos treinamentos com total flexibilidade e [&hellip;]<\/p>\n","protected":false},"author":1,"featured_media":0,"parent":6165,"menu_order":4,"comment_status":"closed","ping_status":"closed","template":"","meta":{"_joinchat":[],"footnotes":""},"class_list":["post-513","page","type-page","status-publish","hentry"],"jetpack_shortlink":"https:\/\/wp.me\/Ph7gUA-8h","jetpack-related-posts":[],"jetpack_sharing_enabled":true,"_links":{"self":[{"href":"https:\/\/www.somatick.com.br\/site\/wp-json\/wp\/v2\/pages\/513","targetHints":{"allow":["GET"]}}],"collection":[{"href":"https:\/\/www.somatick.com.br\/site\/wp-json\/wp\/v2\/pages"}],"about":[{"href":"https:\/\/www.somatick.com.br\/site\/wp-json\/wp\/v2\/types\/page"}],"author":[{"embeddable":true,"href":"https:\/\/www.somatick.com.br\/site\/wp-json\/wp\/v2\/users\/1"}],"replies":[{"embeddable":true,"href":"https:\/\/www.somatick.com.br\/site\/wp-json\/wp\/v2\/comments?post=513"}],"version-history":[{"count":68,"href":"https:\/\/www.somatick.com.br\/site\/wp-json\/wp\/v2\/pages\/513\/revisions"}],"predecessor-version":[{"id":13551,"href":"https:\/\/www.somatick.com.br\/site\/wp-json\/wp\/v2\/pages\/513\/revisions\/13551"}],"up":[{"embeddable":true,"href":"https:\/\/www.somatick.com.br\/site\/wp-json\/wp\/v2\/pages\/6165"}],"wp:attachment":[{"href":"https:\/\/www.somatick.com.br\/site\/wp-json\/wp\/v2\/media?parent=513"}],"curies":[{"name":"wp","href":"https:\/\/api.w.org\/{rel}","templated":true}]}}