{"id":3914,"date":"2013-10-29T16:53:16","date_gmt":"2013-10-29T19:53:16","guid":{"rendered":"http:\/\/www.somatick.com.br\/?page_id=3914"},"modified":"2026-03-31T09:16:33","modified_gmt":"2026-03-31T12:16:33","slug":"sustentabilidade","status":"publish","type":"page","link":"https:\/\/www.somatick.com.br\/site\/corporation\/sustentabilidade\/","title":{"rendered":"Sustentabilidade"},"content":{"rendered":"\t\t<div data-elementor-type=\"wp-page\" data-elementor-id=\"3914\" class=\"elementor elementor-3914\">\n\t\t\t\t\t\t<section class=\"elementor-section elementor-top-section elementor-element elementor-element-12b41e89 elementor-section-boxed elementor-section-height-default elementor-section-height-default elementor-invisible\" data-id=\"12b41e89\" data-element_type=\"section\" data-e-type=\"section\" data-settings=\"{&quot;animation&quot;:&quot;fadeInLeft&quot;}\">\n\t\t\t\t\t\t<div class=\"elementor-container elementor-column-gap-default\">\n\t\t\t\t\t<div class=\"elementor-column elementor-col-100 elementor-top-column elementor-element elementor-element-3dec66ee\" data-id=\"3dec66ee\" data-element_type=\"column\" data-e-type=\"column\">\n\t\t\t<div class=\"elementor-widget-wrap elementor-element-populated\">\n\t\t\t\t\t\t<div class=\"elementor-element elementor-element-3bbed0ca elementor-widget elementor-widget-text-editor\" data-id=\"3bbed0ca\" data-element_type=\"widget\" data-e-type=\"widget\" data-widget_type=\"text-editor.default\">\n\t\t\t\t<div class=\"elementor-widget-container\">\n\t\t\t\t\t\t\t\t\t<address>\u00a0<\/address><address>\u00a0<\/address><address><span style=\"color: #339966;\"><strong>Objetivo:<\/strong><\/span><\/address><address><span style=\"color: #008080;\">Transi\u00e7\u00e3o para o capitalismo sustent\u00e1vel, atrav\u00e9s do Triple Bottom Line \u2013 TBL.<\/span><\/address><address>\u00a0<img fetchpriority=\"high\" decoding=\"async\" data-attachment-id=\"4052\" data-permalink=\"https:\/\/www.somatick.com.br\/site\/corporation\/sustentabilidade\/sustentabilidade-2\/\" data-orig-file=\"https:\/\/www.somatick.com.br\/site\/wp-content\/uploads\/2013\/10\/sustentabilidade-e1411652672132.jpg\" data-orig-size=\"1094,700\" data-comments-opened=\"0\" data-image-meta=\"{&quot;aperture&quot;:&quot;0&quot;,&quot;credit&quot;:&quot;Diogo&quot;,&quot;camera&quot;:&quot;&quot;,&quot;caption&quot;:&quot;&quot;,&quot;created_timestamp&quot;:&quot;0&quot;,&quot;copyright&quot;:&quot;&quot;,&quot;focal_length&quot;:&quot;0&quot;,&quot;iso&quot;:&quot;0&quot;,&quot;shutter_speed&quot;:&quot;0&quot;,&quot;title&quot;:&quot;&quot;}\" data-image-title=\"sustentabilidade\" data-image-description=\"\" data-image-caption=\"\" data-large-file=\"https:\/\/www.somatick.com.br\/site\/wp-content\/uploads\/2013\/10\/sustentabilidade-e1411652672132-1024x655.jpg\" class=\"alignleft wp-image-4052\" title=\"Sustentabilidade\" src=\"http:\/\/www.somatick.com.br\/site\/wp-content\/uploads\/2013\/10\/sustentabilidade.jpg\" alt=\"Sustentabilidade\" width=\"394\" height=\"252\" \/><\/address><address>\u00a0<\/address><address>\u00a0<\/address><address>\u00a0<\/address><address>\u00a0<\/address><address>\u00a0<\/address><address>\u00a0<\/address><address>\u00a0<\/address><address>\u00a0<\/address><address>\u00a0<\/address><address>\u00a0<\/address><address>\u00a0<\/address><address>\u00a0<\/address><address>\u00a0<\/address><address><span style=\"color: #008080;\">Triple Bottom Line \u2013 TBL, tamb\u00e9m conhecido por People, Planet, Profit foi criado nos anos 90 por John Elkington, cofundador da SustainAbility; \u00e9 um termo criado, que representa a expans\u00e3o do modelo de neg\u00f3cios tradicional para um novo modelo que passa a considerar a performance ambiental e social da companhia, al\u00e9m da financeira. A Somatick Treinamentos \u00e9\u00a0guiada no TBL.<\/span><\/address><address>\u00a0<\/address><address><span style=\"color: #339966;\"><strong>Mercado:<\/strong><\/span><\/address><address><em id=\"__mceDel\"> <span style=\"color: #008080;\">Identificar as condi\u00e7\u00f5es de mercado e os fatores que podem desencadear ambiente de neg\u00f3cios tixotr\u00f3picos.<\/span><\/em><\/address><address>\u00a0<\/address><address><span style=\"color: #339966;\"><strong>Valores:<\/strong><\/span> <span style=\"color: #008080;\">Compreender as mudan\u00e7as de valores baseadas nos produtos\/servi\u00e7os.<\/span><\/address><address>\u00a0<\/address><address><span style=\"color: #339966;\"><strong>Transpar\u00eancia:<\/strong><\/span> <span style=\"color: #008080;\">Sempre atualizar o canal de informa\u00e7\u00e3o, contendo nossos compromissos para as partes interessadas \/\u00a0stakeholders.<\/span><\/address><address>\u00a0<\/address><address><span style=\"color: #339966;\"><strong>Ciclo de Vida:<\/strong><\/span> <span style=\"color: #008080;\">Trabalhar sempre guiado pelo <strong>Triple Bottom Line \u2013 TBL<\/strong>.<\/span><\/address><address>\u00a0<\/address><address><span style=\"color: #339966;\"><strong>Parcerias:<\/strong><\/span> <span style=\"color: #008080;\">Desenvolvemos formas de relacionamentos com empresas, organiza\u00e7\u00f5es e antagonistas mercadol\u00f3gicos.<\/span><\/address><address>\u00a0<\/address><address><span style=\"color: #339966;\"><strong>Tempo:<\/strong><\/span> <span style=\"color: #008080;\">Estimulamos a criatividade para vis\u00e3o de longo prazo.<\/span><\/address><address>\u00a0<\/address><address><span style=\"color: #339966;\"><strong>Governan\u00e7a Corporativa:<\/strong><\/span> <span style=\"color: #008080;\">Nosso modelo de governan\u00e7a sustent\u00e1vel \u00e9 guiado atrav\u00e9s do <strong>Triple Bottom Line \u2013 TBL<\/strong>, garantindo \u00e0 evolu\u00e7\u00e3o cont\u00ednua da empresa nos campos tecnol\u00f3gico, econ\u00f4mico e social. Nossas decis\u00f5es s\u00e3o atrav\u00e9s do TBL. Buscando o desenvolvimento sustent\u00e1vel e mudan\u00e7as profundas na governan\u00e7a empresarial, tornando nossa empresa mais competitiva.<\/span><\/address><address><span style=\"color: #008080;\">\u00a0<\/span><\/address><address><span style=\"color: #339966;\"><strong>Desafio sustent\u00e1vel: (Economia da Cris\u00e1lida)<\/strong><\/span><\/address><address><span style=\"color: #008080;\">Identificar metamorfose nos campos tecnol\u00f3gico, econ\u00f4mico, social e pol\u00edtico.<\/span><\/address><address>\u00a0<\/address><address><img decoding=\"async\" data-attachment-id=\"4007\" data-permalink=\"https:\/\/www.somatick.com.br\/site\/corporation\/sustentabilidade\/sustentabilidade2-2\/\" data-orig-file=\"https:\/\/www.somatick.com.br\/site\/wp-content\/uploads\/2013\/10\/sustentabilidade21.jpg\" data-orig-size=\"931,301\" data-comments-opened=\"0\" data-image-meta=\"{&quot;aperture&quot;:&quot;0&quot;,&quot;credit&quot;:&quot;Diogo&quot;,&quot;camera&quot;:&quot;&quot;,&quot;caption&quot;:&quot;&quot;,&quot;created_timestamp&quot;:&quot;1383137784&quot;,&quot;copyright&quot;:&quot;&quot;,&quot;focal_length&quot;:&quot;0&quot;,&quot;iso&quot;:&quot;0&quot;,&quot;shutter_speed&quot;:&quot;0&quot;,&quot;title&quot;:&quot;&quot;}\" data-image-title=\"sustentabilidade2\" data-image-description=\"\" data-image-caption=\"\" data-large-file=\"https:\/\/www.somatick.com.br\/site\/wp-content\/uploads\/2013\/10\/sustentabilidade21.jpg\" class=\"alignnone wp-image-4007 size-full\" title=\"Empresa Sustent\u00e1vel\" src=\"http:\/\/www.somatick.com.br\/site\/wp-content\/uploads\/2013\/10\/sustentabilidade21.jpg\" alt=\"Sustentabilidade\" width=\"931\" height=\"301\" srcset=\"https:\/\/www.somatick.com.br\/site\/wp-content\/uploads\/2013\/10\/sustentabilidade21.jpg 931w, https:\/\/www.somatick.com.br\/site\/wp-content\/uploads\/2013\/10\/sustentabilidade21-300x96.jpg 300w\" sizes=\"(max-width: 931px) 100vw, 931px\" \/><\/address><p><!--:--><\/p>\t\t\t\t\t\t\t\t<\/div>\n\t\t\t\t<\/div>\n\t\t\t\t\t<\/div>\n\t\t<\/div>\n\t\t\t\t\t<\/div>\n\t\t<\/section>\n\t\t\t\t<\/div>\n\t\t","protected":false},"excerpt":{"rendered":"<p>\u00a0 \u00a0 Objetivo: Transi\u00e7\u00e3o para o capitalismo sustent\u00e1vel, atrav\u00e9s do Triple Bottom Line \u2013 TBL. \u00a0 \u00a0 \u00a0 \u00a0 \u00a0 \u00a0 \u00a0 \u00a0 \u00a0 \u00a0 \u00a0 \u00a0 \u00a0 \u00a0 Triple Bottom Line \u2013 TBL, tamb\u00e9m conhecido por People, Planet, Profit foi criado nos anos 90 por John Elkington, cofundador da SustainAbility; \u00e9 um termo criado, [&hellip;]<\/p>\n","protected":false},"author":1,"featured_media":0,"parent":6165,"menu_order":7,"comment_status":"closed","ping_status":"closed","template":"","meta":{"_joinchat":[],"footnotes":""},"class_list":["post-3914","page","type-page","status-publish","hentry"],"jetpack_shortlink":"https:\/\/wp.me\/Ph7gUA-118","jetpack-related-posts":[],"jetpack_sharing_enabled":true,"_links":{"self":[{"href":"https:\/\/www.somatick.com.br\/site\/wp-json\/wp\/v2\/pages\/3914","targetHints":{"allow":["GET"]}}],"collection":[{"href":"https:\/\/www.somatick.com.br\/site\/wp-json\/wp\/v2\/pages"}],"about":[{"href":"https:\/\/www.somatick.com.br\/site\/wp-json\/wp\/v2\/types\/page"}],"author":[{"embeddable":true,"href":"https:\/\/www.somatick.com.br\/site\/wp-json\/wp\/v2\/users\/1"}],"replies":[{"embeddable":true,"href":"https:\/\/www.somatick.com.br\/site\/wp-json\/wp\/v2\/comments?post=3914"}],"version-history":[{"count":45,"href":"https:\/\/www.somatick.com.br\/site\/wp-json\/wp\/v2\/pages\/3914\/revisions"}],"predecessor-version":[{"id":13582,"href":"https:\/\/www.somatick.com.br\/site\/wp-json\/wp\/v2\/pages\/3914\/revisions\/13582"}],"up":[{"embeddable":true,"href":"https:\/\/www.somatick.com.br\/site\/wp-json\/wp\/v2\/pages\/6165"}],"wp:attachment":[{"href":"https:\/\/www.somatick.com.br\/site\/wp-json\/wp\/v2\/media?parent=3914"}],"curies":[{"name":"wp","href":"https:\/\/api.w.org\/{rel}","templated":true}]}}