{"id":1251,"date":"2012-10-26T10:56:21","date_gmt":"2012-10-26T13:56:21","guid":{"rendered":"http:\/\/www.somatick.com.br\/?page_id=1251"},"modified":"2026-03-11T11:32:50","modified_gmt":"2026-03-11T14:32:50","slug":"basico-de-seguranca-em-instalacoes-e-servicos-com-eletricidade-nr-10","status":"publish","type":"page","link":"https:\/\/www.somatick.com.br\/site\/treinamentos\/sms-eletrica\/basico-de-seguranca-em-instalacoes-e-servicos-com-eletricidade-nr-10\/","title":{"rendered":"NR10 (B\u00e1sico de seguran\u00e7a em instala\u00e7\u00f5es e servi\u00e7os com eletricidade)"},"content":{"rendered":"\t\t<div data-elementor-type=\"wp-page\" data-elementor-id=\"1251\" class=\"elementor elementor-1251\">\n\t\t\t\t\t\t<section class=\"elementor-section elementor-top-section elementor-element elementor-element-72ff566 elementor-section-boxed elementor-section-height-default elementor-section-height-default\" data-id=\"72ff566\" data-element_type=\"section\" data-e-type=\"section\">\n\t\t\t\t\t\t<div class=\"elementor-container elementor-column-gap-default\">\n\t\t\t\t\t<div class=\"elementor-column elementor-col-100 elementor-top-column elementor-element elementor-element-7c1be9c\" data-id=\"7c1be9c\" data-element_type=\"column\" data-e-type=\"column\">\n\t\t\t<div class=\"elementor-widget-wrap elementor-element-populated\">\n\t\t\t\t\t\t<div class=\"elementor-element elementor-element-9958311 elementor-widget elementor-widget-heading\" data-id=\"9958311\" data-element_type=\"widget\" data-e-type=\"widget\" data-widget_type=\"heading.default\">\n\t\t\t\t<div class=\"elementor-widget-container\">\n\t\t\t\t\t<h2 class=\"elementor-heading-title elementor-size-default\">NR10 (B\u00e1sico de Seguran\u00e7a em Instala\u00e7\u00f5es e Servi\u00e7os com Eletricidade)<\/h2>\t\t\t\t<\/div>\n\t\t\t\t<\/div>\n\t\t\t\t\t<\/div>\n\t\t<\/div>\n\t\t\t\t\t<\/div>\n\t\t<\/section>\n\t\t\t\t<section class=\"elementor-section elementor-top-section elementor-element elementor-element-5e714b8 elementor-section-boxed elementor-section-height-default elementor-section-height-default\" data-id=\"5e714b8\" data-element_type=\"section\" data-e-type=\"section\">\n\t\t\t\t\t\t<div class=\"elementor-container elementor-column-gap-default\">\n\t\t\t\t\t<div class=\"elementor-column elementor-col-100 elementor-top-column elementor-element elementor-element-1f59709\" data-id=\"1f59709\" data-element_type=\"column\" data-e-type=\"column\">\n\t\t\t<div class=\"elementor-widget-wrap elementor-element-populated\">\n\t\t\t\t\t\t<div class=\"elementor-element elementor-element-56b5d74 elementor-invisible elementor-widget elementor-widget-image\" data-id=\"56b5d74\" data-element_type=\"widget\" data-e-type=\"widget\" data-settings=\"{&quot;_animation&quot;:&quot;zoomInDown&quot;}\" data-widget_type=\"image.default\">\n\t\t\t\t<div class=\"elementor-widget-container\">\n\t\t\t\t\t\t\t\t\t\t\t\t\t\t\t<img fetchpriority=\"high\" decoding=\"async\" data-attachment-id=\"5043\" data-permalink=\"https:\/\/www.somatick.com.br\/site\/treinamentos\/sms-eletrica\/basico-de-seguranca-em-instalacoes-e-servicos-com-eletricidade-nr-10\/basico-de-seguranca-em-instalacoes-e-servicos-com-eletricidade-nr-10-2\/\" data-orig-file=\"https:\/\/www.somatick.com.br\/site\/wp-content\/uploads\/2012\/10\/B\u00e1sico-de-seguran\u00e7a-em-instala\u00e7\u00f5es-e-servi\u00e7os-com-eletricidade-NR-10.jpg\" data-orig-size=\"901,202\" data-comments-opened=\"0\" data-image-meta=\"{&quot;aperture&quot;:&quot;0&quot;,&quot;credit&quot;:&quot;Diogo&quot;,&quot;camera&quot;:&quot;&quot;,&quot;caption&quot;:&quot;&quot;,&quot;created_timestamp&quot;:&quot;1395225654&quot;,&quot;copyright&quot;:&quot;&quot;,&quot;focal_length&quot;:&quot;0&quot;,&quot;iso&quot;:&quot;0&quot;,&quot;shutter_speed&quot;:&quot;0&quot;,&quot;title&quot;:&quot;&quot;}\" data-image-title=\"B\u00e1sico de seguran\u00e7a em instala\u00e7\u00f5es e servi\u00e7os com eletricidade NR-10\" data-image-description=\"\" data-image-caption=\"\" data-large-file=\"https:\/\/www.somatick.com.br\/site\/wp-content\/uploads\/2012\/10\/B\u00e1sico-de-seguran\u00e7a-em-instala\u00e7\u00f5es-e-servi\u00e7os-com-eletricidade-NR-10.jpg\" width=\"800\" height=\"179\" src=\"https:\/\/www.somatick.com.br\/site\/wp-content\/uploads\/2012\/10\/B\u00e1sico-de-seguran\u00e7a-em-instala\u00e7\u00f5es-e-servi\u00e7os-com-eletricidade-NR-10.jpg\" class=\"attachment-large size-large wp-image-5043\" alt=\"\" srcset=\"https:\/\/www.somatick.com.br\/site\/wp-content\/uploads\/2012\/10\/B\u00e1sico-de-seguran\u00e7a-em-instala\u00e7\u00f5es-e-servi\u00e7os-com-eletricidade-NR-10.jpg 901w, https:\/\/www.somatick.com.br\/site\/wp-content\/uploads\/2012\/10\/B\u00e1sico-de-seguran\u00e7a-em-instala\u00e7\u00f5es-e-servi\u00e7os-com-eletricidade-NR-10-300x67.jpg 300w, https:\/\/www.somatick.com.br\/site\/wp-content\/uploads\/2012\/10\/B\u00e1sico-de-seguran\u00e7a-em-instala\u00e7\u00f5es-e-servi\u00e7os-com-eletricidade-NR-10-900x201.jpg 900w\" sizes=\"(max-width: 800px) 100vw, 800px\" data-attachment-id=\"5043\" data-permalink=\"https:\/\/www.somatick.com.br\/site\/treinamentos\/sms-eletrica\/basico-de-seguranca-em-instalacoes-e-servicos-com-eletricidade-nr-10\/basico-de-seguranca-em-instalacoes-e-servicos-com-eletricidade-nr-10-2\/\" data-orig-file=\"https:\/\/www.somatick.com.br\/site\/wp-content\/uploads\/2012\/10\/B\u00e1sico-de-seguran\u00e7a-em-instala\u00e7\u00f5es-e-servi\u00e7os-com-eletricidade-NR-10.jpg\" data-orig-size=\"901,202\" data-comments-opened=\"0\" data-image-meta=\"{&quot;aperture&quot;:&quot;0&quot;,&quot;credit&quot;:&quot;Diogo&quot;,&quot;camera&quot;:&quot;&quot;,&quot;caption&quot;:&quot;&quot;,&quot;created_timestamp&quot;:&quot;1395225654&quot;,&quot;copyright&quot;:&quot;&quot;,&quot;focal_length&quot;:&quot;0&quot;,&quot;iso&quot;:&quot;0&quot;,&quot;shutter_speed&quot;:&quot;0&quot;,&quot;title&quot;:&quot;&quot;}\" data-image-title=\"B\u00e1sico de seguran\u00e7a em instala\u00e7\u00f5es e servi\u00e7os com eletricidade NR-10\" data-image-description=\"\" data-image-caption=\"\" data-large-file=\"https:\/\/www.somatick.com.br\/site\/wp-content\/uploads\/2012\/10\/B\u00e1sico-de-seguran\u00e7a-em-instala\u00e7\u00f5es-e-servi\u00e7os-com-eletricidade-NR-10.jpg\" \/>\t\t\t\t\t\t\t\t\t\t\t\t\t\t\t<\/div>\n\t\t\t\t<\/div>\n\t\t\t\t\t<\/div>\n\t\t<\/div>\n\t\t\t\t\t<\/div>\n\t\t<\/section>\n\t\t\t\t<section class=\"elementor-section elementor-top-section elementor-element elementor-element-5436db3c elementor-section-boxed elementor-section-height-default elementor-section-height-default\" data-id=\"5436db3c\" data-element_type=\"section\" data-e-type=\"section\">\n\t\t\t\t\t\t<div class=\"elementor-container elementor-column-gap-default\">\n\t\t\t\t\t<div class=\"elementor-column elementor-col-100 elementor-top-column elementor-element elementor-element-c5cb6b0\" data-id=\"c5cb6b0\" data-element_type=\"column\" data-e-type=\"column\">\n\t\t\t<div class=\"elementor-widget-wrap elementor-element-populated\">\n\t\t\t\t\t\t<div class=\"elementor-element elementor-element-3f38f621 elementor-widget elementor-widget-text-editor\" data-id=\"3f38f621\" data-element_type=\"widget\" data-e-type=\"widget\" data-widget_type=\"text-editor.default\">\n\t\t\t\t<div class=\"elementor-widget-container\">\n\t\t\t\t\t\t\t\t\t<address><p data-start=\"123\" data-end=\"144\"><strong data-start=\"123\" data-end=\"144\">OBJETIVO DO CURSO<\/strong><\/p><p data-start=\"146\" data-end=\"401\">Capacitar os participantes para a preven\u00e7\u00e3o de acidentes envolvendo eletricidade, em conformidade com os requisitos estabelecidos pela NR-10 \u2013 Seguran\u00e7a em Instala\u00e7\u00f5es e Servi\u00e7os em Eletricidade, conforme Portaria n\u00ba 598 do MTE, de 07 de dezembro de 2004.<\/p><p data-start=\"403\" data-end=\"729\">O curso tem como finalidade credenciar os profissionais \u00e0 autoriza\u00e7\u00e3o para trabalhos em instala\u00e7\u00f5es el\u00e9tricas, conforme previsto na norma, desenvolvendo compet\u00eancias para identifica\u00e7\u00e3o de riscos, aplica\u00e7\u00e3o de medidas de controle, an\u00e1lise de perigos, utiliza\u00e7\u00e3o adequada de EPIs e EPCs, al\u00e9m da ado\u00e7\u00e3o de procedimentos seguros.<\/p><p data-start=\"731\" data-end=\"1052\">Abrange as diretrizes para implanta\u00e7\u00e3o de sistemas preventivos de seguran\u00e7a e sa\u00fade, aplic\u00e1veis \u00e0s atividades de gera\u00e7\u00e3o, transmiss\u00e3o, distribui\u00e7\u00e3o e consumo de energia el\u00e9trica, incluindo as fases de projeto, constru\u00e7\u00e3o, montagem, opera\u00e7\u00e3o, manuten\u00e7\u00e3o e interven\u00e7\u00f5es realizadas nas proximidades de instala\u00e7\u00f5es el\u00e9tricas.<\/p><p data-start=\"1054\" data-end=\"1215\">Busca ainda promover a conscientiza\u00e7\u00e3o sobre responsabilidades t\u00e9cnicas e legais, refor\u00e7ando a cultura de seguran\u00e7a e o cumprimento rigoroso das normas vigentes.<\/p><hr data-start=\"1217\" data-end=\"1220\" \/><p data-start=\"1222\" data-end=\"1238\"><strong data-start=\"1222\" data-end=\"1238\">P\u00daBLICO-ALVO<\/strong><\/p><p data-start=\"1240\" data-end=\"1376\">Eletricistas, t\u00e9cnicos, profissionais da \u00e1rea el\u00e9trica e demais interessados que atuem direta ou indiretamente em instala\u00e7\u00f5es el\u00e9tricas.<\/p><hr data-start=\"1378\" data-end=\"1381\" \/><p data-start=\"1383\" data-end=\"1403\"><strong data-start=\"1383\" data-end=\"1403\">DURA\u00c7\u00c3O DO CURSO<\/strong><\/p><p data-start=\"1405\" data-end=\"1434\">Carga Hor\u00e1ria: 40 horas\/aula.<\/p><hr data-start=\"1436\" data-end=\"1439\" \/><p data-start=\"1441\" data-end=\"1456\"><strong data-start=\"1441\" data-end=\"1456\">METODOLOGIA<\/strong><\/p><p data-start=\"1458\" data-end=\"1629\">Exposi\u00e7\u00e3o te\u00f3rica dialogada, exerc\u00edcios pr\u00e1ticos, demonstra\u00e7\u00e3o de equipamentos, estudos de caso e aplica\u00e7\u00e3o pr\u00e1tica de procedimentos de seguran\u00e7a em instala\u00e7\u00f5es el\u00e9tricas.<\/p><hr data-start=\"1631\" data-end=\"1634\" \/><p data-start=\"1636\" data-end=\"1657\"><strong data-start=\"1636\" data-end=\"1657\">VALIDADE DO CURSO<\/strong><\/p><p data-start=\"1659\" data-end=\"1732\">O certificado tem validade de 02 (dois) anos, conforme previsto na NR-10.<\/p><hr data-start=\"1734\" data-end=\"1737\" \/><p data-start=\"1739\" data-end=\"1752\"><strong data-start=\"1739\" data-end=\"1752\">AVALIA\u00c7\u00c3O<\/strong><\/p><p data-start=\"1754\" data-end=\"1888\">A avalia\u00e7\u00e3o ser\u00e1 realizada por meio de exames escritos, visando verificar a assimila\u00e7\u00e3o dos conte\u00fados t\u00e9cnicos e normativos abordados.<\/p><\/address><p>\u00a0<\/p><p><!--:--><\/p>\t\t\t\t\t\t\t\t<\/div>\n\t\t\t\t<\/div>\n\t\t\t\t\t<\/div>\n\t\t<\/div>\n\t\t\t\t\t<\/div>\n\t\t<\/section>\n\t\t\t\t<section class=\"elementor-section elementor-top-section elementor-element elementor-element-e2299f4 elementor-section-boxed elementor-section-height-default elementor-section-height-default\" data-id=\"e2299f4\" data-element_type=\"section\" data-e-type=\"section\">\n\t\t\t\t\t\t<div class=\"elementor-container elementor-column-gap-default\">\n\t\t\t\t\t<div class=\"elementor-column elementor-col-50 elementor-top-column elementor-element elementor-element-70da728\" data-id=\"70da728\" data-element_type=\"column\" data-e-type=\"column\">\n\t\t\t<div class=\"elementor-widget-wrap elementor-element-populated\">\n\t\t\t\t\t\t<div class=\"elementor-element elementor-element-f48eb73 elementor-invisible elementor-widget elementor-widget-image\" data-id=\"f48eb73\" data-element_type=\"widget\" data-e-type=\"widget\" data-settings=\"{&quot;_animation&quot;:&quot;fadeInLeft&quot;}\" data-widget_type=\"image.default\">\n\t\t\t\t<div class=\"elementor-widget-container\">\n\t\t\t\t\t\t\t\t\t\t\t\t\t\t\t<img decoding=\"async\" data-attachment-id=\"12940\" data-permalink=\"https:\/\/www.somatick.com.br\/site\/treinamentos\/sms-eletrica\/basico-de-seguranca-em-instalacoes-e-servicos-com-eletricidade-nr-10\/design-sem-nome-23\/\" data-orig-file=\"https:\/\/www.somatick.com.br\/site\/wp-content\/uploads\/2026\/03\/Design-sem-nome-23.png\" data-orig-size=\"1000,1000\" data-comments-opened=\"0\" data-image-meta=\"{&quot;aperture&quot;:&quot;0&quot;,&quot;credit&quot;:&quot;&quot;,&quot;camera&quot;:&quot;&quot;,&quot;caption&quot;:&quot;&quot;,&quot;created_timestamp&quot;:&quot;0&quot;,&quot;copyright&quot;:&quot;&quot;,&quot;focal_length&quot;:&quot;0&quot;,&quot;iso&quot;:&quot;0&quot;,&quot;shutter_speed&quot;:&quot;0&quot;,&quot;title&quot;:&quot;&quot;,&quot;orientation&quot;:&quot;0&quot;}\" data-image-title=\"\u00e1rea-explosiva\" data-image-description=\"\" data-image-caption=\"\" data-large-file=\"https:\/\/www.somatick.com.br\/site\/wp-content\/uploads\/2026\/03\/Design-sem-nome-23.png\" width=\"800\" height=\"800\" src=\"https:\/\/www.somatick.com.br\/site\/wp-content\/uploads\/2026\/03\/Design-sem-nome-23.png\" class=\"attachment-large size-large wp-image-12940\" alt=\"\" srcset=\"https:\/\/www.somatick.com.br\/site\/wp-content\/uploads\/2026\/03\/Design-sem-nome-23.png 1000w, https:\/\/www.somatick.com.br\/site\/wp-content\/uploads\/2026\/03\/Design-sem-nome-23-300x300.png 300w, https:\/\/www.somatick.com.br\/site\/wp-content\/uploads\/2026\/03\/Design-sem-nome-23-150x150.png 150w, https:\/\/www.somatick.com.br\/site\/wp-content\/uploads\/2026\/03\/Design-sem-nome-23-768x768.png 768w\" sizes=\"(max-width: 800px) 100vw, 800px\" data-attachment-id=\"12940\" data-permalink=\"https:\/\/www.somatick.com.br\/site\/treinamentos\/sms-eletrica\/basico-de-seguranca-em-instalacoes-e-servicos-com-eletricidade-nr-10\/design-sem-nome-23\/\" data-orig-file=\"https:\/\/www.somatick.com.br\/site\/wp-content\/uploads\/2026\/03\/Design-sem-nome-23.png\" data-orig-size=\"1000,1000\" data-comments-opened=\"0\" data-image-meta=\"{&quot;aperture&quot;:&quot;0&quot;,&quot;credit&quot;:&quot;&quot;,&quot;camera&quot;:&quot;&quot;,&quot;caption&quot;:&quot;&quot;,&quot;created_timestamp&quot;:&quot;0&quot;,&quot;copyright&quot;:&quot;&quot;,&quot;focal_length&quot;:&quot;0&quot;,&quot;iso&quot;:&quot;0&quot;,&quot;shutter_speed&quot;:&quot;0&quot;,&quot;title&quot;:&quot;&quot;,&quot;orientation&quot;:&quot;0&quot;}\" data-image-title=\"\u00e1rea-explosiva\" data-image-description=\"\" data-image-caption=\"\" data-large-file=\"https:\/\/www.somatick.com.br\/site\/wp-content\/uploads\/2026\/03\/Design-sem-nome-23.png\" \/>\t\t\t\t\t\t\t\t\t\t\t\t\t\t\t<\/div>\n\t\t\t\t<\/div>\n\t\t\t\t\t<\/div>\n\t\t<\/div>\n\t\t\t\t<div class=\"elementor-column elementor-col-50 elementor-top-column elementor-element elementor-element-9a13cd9\" data-id=\"9a13cd9\" data-element_type=\"column\" data-e-type=\"column\">\n\t\t\t<div class=\"elementor-widget-wrap elementor-element-populated\">\n\t\t\t\t\t\t<div class=\"elementor-element elementor-element-cb19274 elementor-invisible elementor-widget elementor-widget-text-editor\" data-id=\"cb19274\" data-element_type=\"widget\" data-e-type=\"widget\" data-settings=\"{&quot;_animation&quot;:&quot;fadeInRight&quot;}\" data-widget_type=\"text-editor.default\">\n\t\t\t\t<div class=\"elementor-widget-container\">\n\t\t\t\t\t\t\t\t\t<h4 id=\"por-que-fazer-capacitao-em-espaos-confinados-nr-33\" class=\"font-editorial font-bold mb-2 mt-4 [.has-inline-images_&amp;]:clear-end text-lg first:mt-0 md:text-lg [hr+&amp;]:mt-4\">Por Que Fazer o Treinamento?<\/h4><p class=\"my-2 [&amp;+p]:mt-4 [&amp;_strong:has(+br)]:inline-block [&amp;_strong:has(+br)]:pb-2\"><strong>Preserva\u00e7\u00e3o da Vida e Bem-Estar<\/strong>: O motivo central de todo o sistema de Normas Regulamentadoras (NRs) \u00e9 preservar a integridade f\u00edsica e a sa\u00fade dos trabalhadores durante a execu\u00e7\u00e3o de suas atividades.<\/p><p><strong>Conformidade Legal e Preven\u00e7\u00e3o de Penalidades:<\/strong> O descumprimento das NRs pode acarretar notifica\u00e7\u00f5es, autua\u00e7\u00f5es, multas pesadas e at\u00e9 a interdi\u00e7\u00e3o de m\u00e1quinas, setores ou obras por parte do Minist\u00e9rio do Trabalho (conforme a NR-28 e NR-3).<\/p><p><strong>Responsabilidade Civil e Criminal:<\/strong> A falta de capacita\u00e7\u00e3o adequada sujeita o empregador a processos judiciais civis e criminais, al\u00e9m do pagamento de indeniza\u00e7\u00f5es em caso de acidentes.<\/p>\t\t\t\t\t\t\t\t<\/div>\n\t\t\t\t<\/div>\n\t\t\t\t\t<\/div>\n\t\t<\/div>\n\t\t\t\t\t<\/div>\n\t\t<\/section>\n\t\t\t\t<section class=\"elementor-section elementor-top-section elementor-element elementor-element-503fb81 elementor-section-boxed elementor-section-height-default elementor-section-height-default\" data-id=\"503fb81\" data-element_type=\"section\" data-e-type=\"section\" data-settings=\"{&quot;background_background&quot;:&quot;gradient&quot;,&quot;shape_divider_top&quot;:&quot;mountains&quot;}\">\n\t\t\t\t\t<div class=\"elementor-shape elementor-shape-top\" aria-hidden=\"true\" data-negative=\"false\">\n\t\t\t<svg xmlns=\"http:\/\/www.w3.org\/2000\/svg\" viewBox=\"0 0 1000 100\" preserveAspectRatio=\"none\">\n\t<path class=\"elementor-shape-fill\" opacity=\"0.33\" d=\"M473,67.3c-203.9,88.3-263.1-34-320.3,0C66,119.1,0,59.7,0,59.7V0h1000v59.7 c0,0-62.1,26.1-94.9,29.3c-32.8,3.3-62.8-12.3-75.8-22.1C806,49.6,745.3,8.7,694.9,4.7S492.4,59,473,67.3z\"\/>\n\t<path class=\"elementor-shape-fill\" opacity=\"0.66\" d=\"M734,67.3c-45.5,0-77.2-23.2-129.1-39.1c-28.6-8.7-150.3-10.1-254,39.1 s-91.7-34.4-149.2,0C115.7,118.3,0,39.8,0,39.8V0h1000v36.5c0,0-28.2-18.5-92.1-18.5C810.2,18.1,775.7,67.3,734,67.3z\"\/>\n\t<path class=\"elementor-shape-fill\" d=\"M766.1,28.9c-200-57.5-266,65.5-395.1,19.5C242,1.8,242,5.4,184.8,20.6C128,35.8,132.3,44.9,89.9,52.5C28.6,63.7,0,0,0,0 h1000c0,0-9.9,40.9-83.6,48.1S829.6,47,766.1,28.9z\"\/>\n<\/svg>\t\t<\/div>\n\t\t\t\t\t<div class=\"elementor-container elementor-column-gap-default\">\n\t\t\t\t\t<div class=\"elementor-column elementor-col-100 elementor-top-column elementor-element elementor-element-dad9f45\" data-id=\"dad9f45\" data-element_type=\"column\" data-e-type=\"column\">\n\t\t\t<div class=\"elementor-widget-wrap elementor-element-populated\">\n\t\t\t\t\t\t<div class=\"elementor-element elementor-element-b2d0aa2 elementor-widget elementor-widget-html\" data-id=\"b2d0aa2\" data-element_type=\"widget\" data-e-type=\"widget\" data-widget_type=\"html.default\">\n\t\t\t\t<div class=\"elementor-widget-container\">\n\t\t\t\t\t<style>\r\n.somatick-form {\r\n    max-width: 800px;\r\n    width: 100%;\r\n    margin: 40px auto;\r\n    padding: 40px;\r\n    background: #f4f6f9;\r\n    border-radius: 12px;\r\n    font-family: Arial, sans-serif;\r\n    box-shadow: 0 5px 20px rgba(0,0,0,0.08);\r\n    box-sizing: border-box;\r\n}\r\n\r\n.somatick-form h2 {\r\n    text-align: center;\r\n    margin-bottom: 25px;\r\n    color: #0c2d57;\r\n}\r\n\r\n.somatick-form label {\r\n    font-weight: bold;\r\n    display: block;\r\n    margin-top: 15px;\r\n    margin-bottom: 5px;\r\n}\r\n\r\n.somatick-form input,\r\n.somatick-form select,\r\n.somatick-form textarea {\r\n    width: 100%;\r\n    padding: 12px;\r\n    border-radius: 6px;\r\n    border: 1px solid #ccc;\r\n    font-size: 15px;\r\n    box-sizing: border-box;\r\n}\r\n\r\n.somatick-form textarea {\r\n    resize: vertical;\r\n    min-height: 120px;\r\n}\r\n\r\n.somatick-form button {\r\n    margin-top: 20px;\r\n    width: 100%;\r\n    padding: 14px;\r\n    background-color: #25D366;\r\n    color: #fff;\r\n    border: none;\r\n    border-radius: 8px;\r\n    font-size: 16px;\r\n    cursor: pointer;\r\n    transition: 0.3s;\r\n}\r\n\r\n.somatick-form button:hover {\r\n    background-color: #1ebe5d;\r\n}\r\n\r\n\/* \ud83d\udd25 AJUSTE ESPEC\u00cdFICO PARA CELULAR *\/\r\n@media (max-width: 100vwpx) {\r\n\r\n    .somatick-form {\r\n        width: 1000vw;\r\n        max-width: 100vw;\r\n        margin: 0;\r\n        border-radius: 0;\r\n        padding: 25px 20px;\r\n    }\r\n\r\n}\r\n<\/style>\r\n\r\n<div class=\"somatick-form\">\r\n    <h2>Solicite um Treinamento<\/h2>\r\n\r\n    <form id=\"whatsappForm\">\r\n        \r\n        <label>Nome Completo<\/label>\r\n        <input type=\"text\" id=\"nome\" required>\r\n\r\n        <label>Empresa<\/label>\r\n        <input type=\"text\" id=\"empresa\">\r\n\r\n        <label>E-mail<\/label>\r\n        <input type=\"email\" id=\"email\" required>\r\n\r\n        <label>Telefone<\/label>\r\n        <input type=\"tel\" id=\"telefone\">\r\n\r\n        <label>Treinamento de Interesse<\/label>\r\n        <select id=\"curso\" required>\r\n            <option value=\"\">Selecione<\/option>\r\n            <option>Movimenta\u00e7\u00e3o de cargas<\/option>\r\n            <option>NRs<\/option>\r\n            <option>SMS<\/option>\r\n            <option>Cursos profissionalizantes<\/option>\r\n            <option>Treinamento Offshore<\/option>\r\n            <option>Outro<\/option>\r\n        <\/select>\r\n\r\n        <label>Mensagem<\/label>\r\n        <textarea id=\"mensagem\"><\/textarea>\r\n\r\n        <button type=\"submit\">Enviar pelo WhatsApp<\/button>\r\n\r\n    <\/form>\r\n<\/div>\r\n\r\n<script>\r\ndocument.getElementById(\"whatsappForm\").addEventListener(\"submit\", function(e) {\r\n    e.preventDefault();\r\n\r\n    var nome = document.getElementById(\"nome\").value;\r\n    var empresa = document.getElementById(\"empresa\").value;\r\n    var email = document.getElementById(\"email\").value;\r\n    var telefone = document.getElementById(\"telefone\").value;\r\n    var curso = document.getElementById(\"curso\").value;\r\n    var mensagem = document.getElementById(\"mensagem\").value;\r\n\r\n    var texto = \r\n    \"*Solicita\u00e7\u00e3o de Treinamento - Site Somatick* %0A%0A\" +\r\n    \"Nome: \" + nome + \"%0A\" +\r\n    \"Empresa: \" + empresa + \"%0A\" +\r\n    \"E-mail: \" + email + \"%0A\" +\r\n    \"Telefone: \" + telefone + \"%0A\" +\r\n    \"Treinamento: \" + curso + \"%0A%0A\" +\r\n    \"Mensagem: \" + mensagem;\r\n\r\n    var numero = \"5522981375447\"; \/\/ \ud83d\udd34 COLOQUE AQUI O WHATSAPP DA SOMATICK COM DDI E DDD\r\n\r\n    var url = \"https:\/\/wa.me\/\" + numero + \"?text=\" + texto;\r\n\r\n    window.open(url, '_blank');\r\n});\r\n<\/script>\r\n\t\t\t\t<\/div>\n\t\t\t\t<\/div>\n\t\t\t\t\t<\/div>\n\t\t<\/div>\n\t\t\t\t\t<\/div>\n\t\t<\/section>\n\t\t\t\t<\/div>\n\t\t","protected":false},"excerpt":{"rendered":"<p>NR10 (B\u00e1sico de Seguran\u00e7a em Instala\u00e7\u00f5es e Servi\u00e7os com Eletricidade) &lt;img width=&#8221;800&#8243; height=&#8221;179&#8243; src=&#8221;http:\/\/www.somatick.com.br\/site\/wp-content\/uploads\/2012\/10\/B\u00e1sico-de-seguran\u00e7a-em-instala\u00e7\u00f5es-e-servi\u00e7os-com-eletricidade-NR-10.jpg&#8221; alt=&#8221;&#8221; srcset=&#8221;https:\/\/www.somatick.com.br\/site\/wp-content\/uploads\/2012\/10\/B\u00e1sico-de-seguran\u00e7a-em-instala\u00e7\u00f5es-e-servi\u00e7os-com-eletricidade-NR-10.jpg 901w, https:\/\/www.somatick.com.br\/site\/wp-content\/uploads\/2012\/10\/B\u00e1sico-de-seguran\u00e7a-em-instala\u00e7\u00f5es-e-servi\u00e7os-com-eletricidade-NR-10-300&#215;67.jpg 300w, https:\/\/www.somatick.com.br\/site\/wp-content\/uploads\/2012\/10\/B\u00e1sico-de-seguran\u00e7a-em-instala\u00e7\u00f5es-e-servi\u00e7os-com-eletricidade-NR-10-900&#215;201.jpg 900w&#8221; sizes=&#8221;(max-width: 800px) 100vw, 800px&#8221; \/&gt; &lt;address&gt;&lt;p data-start=&#8221;123&#8243; data-end=&#8221;144&#8243;&gt;&lt;strong data-start=&#8221;123&#8243; data-end=&#8221;144&#8243;&gt;OBJETIVO DO CURSO&lt;\/strong&gt;&lt;\/p&gt;&lt;p data-start=&#8221;146&#8243; data-end=&#8221;401&#8243;&gt;Capacitar os participantes para a preven\u00e7\u00e3o de acidentes envolvendo eletricidade, em conformidade com os requisitos estabelecidos pela NR-10 \u2013 Seguran\u00e7a em [&hellip;]<\/p>\n","protected":false},"author":1,"featured_media":0,"parent":1275,"menu_order":4,"comment_status":"closed","ping_status":"closed","template":"","meta":{"_joinchat":[],"footnotes":""},"class_list":["post-1251","page","type-page","status-publish","hentry"],"jetpack_shortlink":"https:\/\/wp.me\/Ph7gUA-kb","jetpack-related-posts":[],"jetpack_sharing_enabled":true,"_links":{"self":[{"href":"https:\/\/www.somatick.com.br\/site\/wp-json\/wp\/v2\/pages\/1251","targetHints":{"allow":["GET"]}}],"collection":[{"href":"https:\/\/www.somatick.com.br\/site\/wp-json\/wp\/v2\/pages"}],"about":[{"href":"https:\/\/www.somatick.com.br\/site\/wp-json\/wp\/v2\/types\/page"}],"author":[{"embeddable":true,"href":"https:\/\/www.somatick.com.br\/site\/wp-json\/wp\/v2\/users\/1"}],"replies":[{"embeddable":true,"href":"https:\/\/www.somatick.com.br\/site\/wp-json\/wp\/v2\/comments?post=1251"}],"version-history":[{"count":56,"href":"https:\/\/www.somatick.com.br\/site\/wp-json\/wp\/v2\/pages\/1251\/revisions"}],"predecessor-version":[{"id":12943,"href":"https:\/\/www.somatick.com.br\/site\/wp-json\/wp\/v2\/pages\/1251\/revisions\/12943"}],"up":[{"embeddable":true,"href":"https:\/\/www.somatick.com.br\/site\/wp-json\/wp\/v2\/pages\/1275"}],"wp:attachment":[{"href":"https:\/\/www.somatick.com.br\/site\/wp-json\/wp\/v2\/media?parent=1251"}],"curies":[{"name":"wp","href":"https:\/\/api.w.org\/{rel}","templated":true}]}}