{"id":1224,"date":"2012-10-26T08:19:13","date_gmt":"2012-10-26T11:19:13","guid":{"rendered":"http:\/\/www.somatick.com.br\/?page_id=1224"},"modified":"2026-03-11T10:41:04","modified_gmt":"2026-03-11T13:41:04","slug":"direcao-defensiva","status":"publish","type":"page","link":"https:\/\/www.somatick.com.br\/site\/treinamentos\/sms\/direcao-defensiva\/","title":{"rendered":"Dire\u00e7\u00e3o Defensiva"},"content":{"rendered":"\t\t<div data-elementor-type=\"wp-page\" data-elementor-id=\"1224\" class=\"elementor elementor-1224\">\n\t\t\t\t\t\t<section class=\"elementor-section elementor-top-section elementor-element elementor-element-62153da elementor-section-boxed elementor-section-height-default elementor-section-height-default\" data-id=\"62153da\" data-element_type=\"section\" data-e-type=\"section\">\n\t\t\t\t\t\t<div class=\"elementor-container elementor-column-gap-default\">\n\t\t\t\t\t<div class=\"elementor-column elementor-col-100 elementor-top-column elementor-element elementor-element-5d974cc\" data-id=\"5d974cc\" data-element_type=\"column\" data-e-type=\"column\">\n\t\t\t<div class=\"elementor-widget-wrap elementor-element-populated\">\n\t\t\t\t\t\t<div class=\"elementor-element elementor-element-9c324e4 elementor-widget elementor-widget-heading\" data-id=\"9c324e4\" data-element_type=\"widget\" data-e-type=\"widget\" data-widget_type=\"heading.default\">\n\t\t\t\t<div class=\"elementor-widget-container\">\n\t\t\t\t\t<h2 class=\"elementor-heading-title elementor-size-default\">Dire\u00e7\u00e3o Defensiva<\/h2>\t\t\t\t<\/div>\n\t\t\t\t<\/div>\n\t\t\t\t\t<\/div>\n\t\t<\/div>\n\t\t\t\t\t<\/div>\n\t\t<\/section>\n\t\t\t\t<section class=\"elementor-section elementor-top-section elementor-element elementor-element-e38dabd elementor-section-boxed elementor-section-height-default elementor-section-height-default\" data-id=\"e38dabd\" data-element_type=\"section\" data-e-type=\"section\">\n\t\t\t\t\t\t<div class=\"elementor-container elementor-column-gap-default\">\n\t\t\t\t\t<div class=\"elementor-column elementor-col-100 elementor-top-column elementor-element elementor-element-7feff81\" data-id=\"7feff81\" data-element_type=\"column\" data-e-type=\"column\">\n\t\t\t<div class=\"elementor-widget-wrap elementor-element-populated\">\n\t\t\t\t\t\t<div class=\"elementor-element elementor-element-c96407a elementor-invisible elementor-widget elementor-widget-image\" data-id=\"c96407a\" data-element_type=\"widget\" data-e-type=\"widget\" data-settings=\"{&quot;_animation&quot;:&quot;zoomInDown&quot;}\" data-widget_type=\"image.default\">\n\t\t\t\t<div class=\"elementor-widget-container\">\n\t\t\t\t\t\t\t\t\t\t\t\t\t\t\t<img fetchpriority=\"high\" decoding=\"async\" data-attachment-id=\"5109\" data-permalink=\"https:\/\/www.somatick.com.br\/site\/treinamentos\/sms\/direcao-defensiva\/direcao-defensiva-2\/\" data-orig-file=\"https:\/\/www.somatick.com.br\/site\/wp-content\/uploads\/2012\/10\/Dire\u00e7\u00e3o-Defensiva.jpg\" data-orig-size=\"901,202\" data-comments-opened=\"0\" data-image-meta=\"{&quot;aperture&quot;:&quot;0&quot;,&quot;credit&quot;:&quot;Diogo&quot;,&quot;camera&quot;:&quot;&quot;,&quot;caption&quot;:&quot;&quot;,&quot;created_timestamp&quot;:&quot;1395326980&quot;,&quot;copyright&quot;:&quot;&quot;,&quot;focal_length&quot;:&quot;0&quot;,&quot;iso&quot;:&quot;0&quot;,&quot;shutter_speed&quot;:&quot;0&quot;,&quot;title&quot;:&quot;&quot;}\" data-image-title=\"Dire\u00e7\u00e3o Defensiva\" data-image-description=\"\" data-image-caption=\"\" data-large-file=\"https:\/\/www.somatick.com.br\/site\/wp-content\/uploads\/2012\/10\/Dire\u00e7\u00e3o-Defensiva.jpg\" width=\"800\" height=\"179\" src=\"https:\/\/www.somatick.com.br\/site\/wp-content\/uploads\/2012\/10\/Dire\u00e7\u00e3o-Defensiva.jpg\" class=\"attachment-large size-large wp-image-5109\" alt=\"\" srcset=\"https:\/\/www.somatick.com.br\/site\/wp-content\/uploads\/2012\/10\/Dire\u00e7\u00e3o-Defensiva.jpg 901w, https:\/\/www.somatick.com.br\/site\/wp-content\/uploads\/2012\/10\/Dire\u00e7\u00e3o-Defensiva-300x67.jpg 300w, https:\/\/www.somatick.com.br\/site\/wp-content\/uploads\/2012\/10\/Dire\u00e7\u00e3o-Defensiva-900x201.jpg 900w\" sizes=\"(max-width: 800px) 100vw, 800px\" data-attachment-id=\"5109\" data-permalink=\"https:\/\/www.somatick.com.br\/site\/treinamentos\/sms\/direcao-defensiva\/direcao-defensiva-2\/\" data-orig-file=\"https:\/\/www.somatick.com.br\/site\/wp-content\/uploads\/2012\/10\/Dire\u00e7\u00e3o-Defensiva.jpg\" data-orig-size=\"901,202\" data-comments-opened=\"0\" data-image-meta=\"{&quot;aperture&quot;:&quot;0&quot;,&quot;credit&quot;:&quot;Diogo&quot;,&quot;camera&quot;:&quot;&quot;,&quot;caption&quot;:&quot;&quot;,&quot;created_timestamp&quot;:&quot;1395326980&quot;,&quot;copyright&quot;:&quot;&quot;,&quot;focal_length&quot;:&quot;0&quot;,&quot;iso&quot;:&quot;0&quot;,&quot;shutter_speed&quot;:&quot;0&quot;,&quot;title&quot;:&quot;&quot;}\" data-image-title=\"Dire\u00e7\u00e3o Defensiva\" data-image-description=\"\" data-image-caption=\"\" data-large-file=\"https:\/\/www.somatick.com.br\/site\/wp-content\/uploads\/2012\/10\/Dire\u00e7\u00e3o-Defensiva.jpg\" \/>\t\t\t\t\t\t\t\t\t\t\t\t\t\t\t<\/div>\n\t\t\t\t<\/div>\n\t\t\t\t\t<\/div>\n\t\t<\/div>\n\t\t\t\t\t<\/div>\n\t\t<\/section>\n\t\t\t\t<section class=\"elementor-section elementor-top-section elementor-element elementor-element-2e763a01 elementor-section-boxed elementor-section-height-default elementor-section-height-default\" data-id=\"2e763a01\" data-element_type=\"section\" data-e-type=\"section\">\n\t\t\t\t\t\t<div class=\"elementor-container elementor-column-gap-default\">\n\t\t\t\t\t<div class=\"elementor-column elementor-col-100 elementor-top-column elementor-element elementor-element-374b158e\" data-id=\"374b158e\" data-element_type=\"column\" data-e-type=\"column\">\n\t\t\t<div class=\"elementor-widget-wrap elementor-element-populated\">\n\t\t\t\t\t\t<div class=\"elementor-element elementor-element-22f5bc91 elementor-widget elementor-widget-text-editor\" data-id=\"22f5bc91\" data-element_type=\"widget\" data-e-type=\"widget\" data-widget_type=\"text-editor.default\">\n\t\t\t\t<div class=\"elementor-widget-container\">\n\t\t\t\t\t\t\t\t\t<p data-start=\"135\" data-end=\"154\">OBJETIVO DO CURSO<\/p><p data-start=\"156\" data-end=\"402\">Capacitar condutores de ve\u00edculos para atuar de forma segura, respons\u00e1vel e preventiva diante das situa\u00e7\u00f5es reais enfrentadas no tr\u00e2nsito, desenvolvendo compet\u00eancias t\u00e9cnicas e comportamentais voltadas \u00e0 redu\u00e7\u00e3o de riscos e preven\u00e7\u00e3o de acidentes.<\/p><p data-start=\"404\" data-end=\"665\">O curso enfatiza a dire\u00e7\u00e3o defensiva como ferramenta estrat\u00e9gica de seguran\u00e7a, abordando percep\u00e7\u00e3o de riscos, tomada de decis\u00e3o, controle emocional, condi\u00e7\u00f5es adversas (clima, via e tr\u00e1fego), comportamento seguro e responsabilidade civil e criminal do condutor.<\/p><p data-start=\"667\" data-end=\"919\">Busca ainda conscientizar os participantes sobre a import\u00e2ncia de adotar uma postura preventiva, revisar h\u00e1bitos de condu\u00e7\u00e3o e incorporar atitudes seguras ao seu cotidiano, promovendo a prote\u00e7\u00e3o da pr\u00f3pria vida, de terceiros e do patrim\u00f4nio da empresa.<\/p><hr data-start=\"921\" data-end=\"924\" \/><p data-start=\"926\" data-end=\"944\">CAMPO DE ATUA\u00c7\u00c3O<\/p><p data-start=\"946\" data-end=\"1151\">Aplic\u00e1vel a atividades que envolvam a condu\u00e7\u00e3o de ve\u00edculos automotores em \u00e1reas urbanas, rodovias, ambientes industriais, \u00e1reas operacionais onshore e offshore, bem como deslocamentos a servi\u00e7o da empresa.<\/p><hr data-start=\"1153\" data-end=\"1156\" \/><p data-start=\"1158\" data-end=\"1172\">P\u00daBLICO-ALVO<\/p><p data-start=\"1174\" data-end=\"1380\">Motoristas de ve\u00edculos automotores, condutores de transporte de cargas, motoristas corporativos e operadores de equipamentos m\u00f3veis que realizem deslocamentos em vias p\u00fablicas ou \u00e1reas internas de opera\u00e7\u00e3o.<\/p><hr data-start=\"1382\" data-end=\"1385\" \/><p data-start=\"1387\" data-end=\"1405\">DURA\u00c7\u00c3O DO CURSO<\/p><p data-start=\"1407\" data-end=\"1438\">Carga Hor\u00e1ria: 08 horas\/aula.<\/p><p data-start=\"1440\" data-end=\"1558\">A carga hor\u00e1ria contempla fundamenta\u00e7\u00e3o te\u00f3rica e an\u00e1lise de situa\u00e7\u00f5es pr\u00e1ticas relacionadas ao cotidiano do condutor.<\/p><hr data-start=\"1560\" data-end=\"1563\" \/><p data-start=\"1565\" data-end=\"1578\">METODOLOGIA<\/p><p data-start=\"1580\" data-end=\"1787\">Metodologia baseada em exposi\u00e7\u00e3o te\u00f3rica dialogada, com apoio de recursos audiovisuais e an\u00e1lise de casos reais de acidentes, estimulando a reflex\u00e3o sobre comportamento seguro e tomada de decis\u00e3o preventiva.<\/p><hr data-start=\"1789\" data-end=\"1792\" \/><p data-start=\"1794\" data-end=\"1805\">AVALIA\u00c7\u00c3O<\/p><p data-start=\"1807\" data-end=\"1964\">A avalia\u00e7\u00e3o ser\u00e1 realizada por meio de exames escritos, com o objetivo de verificar a assimila\u00e7\u00e3o dos conceitos de dire\u00e7\u00e3o defensiva e seguran\u00e7a no tr\u00e2nsito.<\/p>\t\t\t\t\t\t\t\t<\/div>\n\t\t\t\t<\/div>\n\t\t\t\t\t<\/div>\n\t\t<\/div>\n\t\t\t\t\t<\/div>\n\t\t<\/section>\n\t\t\t\t<section class=\"elementor-section elementor-top-section elementor-element elementor-element-abbbcdf elementor-section-boxed elementor-section-height-default elementor-section-height-default\" data-id=\"abbbcdf\" data-element_type=\"section\" data-e-type=\"section\">\n\t\t\t\t\t\t<div class=\"elementor-container elementor-column-gap-default\">\n\t\t\t\t\t<div class=\"elementor-column elementor-col-50 elementor-top-column elementor-element elementor-element-0055425\" data-id=\"0055425\" data-element_type=\"column\" data-e-type=\"column\">\n\t\t\t<div class=\"elementor-widget-wrap elementor-element-populated\">\n\t\t\t\t\t\t<div class=\"elementor-element elementor-element-69fccbd elementor-invisible elementor-widget elementor-widget-image\" data-id=\"69fccbd\" data-element_type=\"widget\" data-e-type=\"widget\" data-settings=\"{&quot;_animation&quot;:&quot;fadeInLeft&quot;}\" data-widget_type=\"image.default\">\n\t\t\t\t<div class=\"elementor-widget-container\">\n\t\t\t\t\t\t\t\t\t\t\t\t\t\t\t<img decoding=\"async\" data-attachment-id=\"12917\" data-permalink=\"https:\/\/www.somatick.com.br\/site\/treinamentos\/sms\/direcao-defensiva\/design-sem-nome-18\/\" data-orig-file=\"https:\/\/www.somatick.com.br\/site\/wp-content\/uploads\/2026\/03\/Design-sem-nome-18.png\" data-orig-size=\"1000,1000\" data-comments-opened=\"0\" data-image-meta=\"{&quot;aperture&quot;:&quot;0&quot;,&quot;credit&quot;:&quot;&quot;,&quot;camera&quot;:&quot;&quot;,&quot;caption&quot;:&quot;&quot;,&quot;created_timestamp&quot;:&quot;0&quot;,&quot;copyright&quot;:&quot;&quot;,&quot;focal_length&quot;:&quot;0&quot;,&quot;iso&quot;:&quot;0&quot;,&quot;shutter_speed&quot;:&quot;0&quot;,&quot;title&quot;:&quot;&quot;,&quot;orientation&quot;:&quot;0&quot;}\" data-image-title=\"dire\u00e7\u00e3o-defensiva\" data-image-description=\"\" data-image-caption=\"\" data-large-file=\"https:\/\/www.somatick.com.br\/site\/wp-content\/uploads\/2026\/03\/Design-sem-nome-18.png\" width=\"800\" height=\"800\" src=\"https:\/\/www.somatick.com.br\/site\/wp-content\/uploads\/2026\/03\/Design-sem-nome-18.png\" class=\"attachment-large size-large wp-image-12917\" alt=\"\" srcset=\"https:\/\/www.somatick.com.br\/site\/wp-content\/uploads\/2026\/03\/Design-sem-nome-18.png 1000w, https:\/\/www.somatick.com.br\/site\/wp-content\/uploads\/2026\/03\/Design-sem-nome-18-300x300.png 300w, https:\/\/www.somatick.com.br\/site\/wp-content\/uploads\/2026\/03\/Design-sem-nome-18-150x150.png 150w, https:\/\/www.somatick.com.br\/site\/wp-content\/uploads\/2026\/03\/Design-sem-nome-18-768x768.png 768w\" sizes=\"(max-width: 800px) 100vw, 800px\" data-attachment-id=\"12917\" data-permalink=\"https:\/\/www.somatick.com.br\/site\/treinamentos\/sms\/direcao-defensiva\/design-sem-nome-18\/\" data-orig-file=\"https:\/\/www.somatick.com.br\/site\/wp-content\/uploads\/2026\/03\/Design-sem-nome-18.png\" data-orig-size=\"1000,1000\" data-comments-opened=\"0\" data-image-meta=\"{&quot;aperture&quot;:&quot;0&quot;,&quot;credit&quot;:&quot;&quot;,&quot;camera&quot;:&quot;&quot;,&quot;caption&quot;:&quot;&quot;,&quot;created_timestamp&quot;:&quot;0&quot;,&quot;copyright&quot;:&quot;&quot;,&quot;focal_length&quot;:&quot;0&quot;,&quot;iso&quot;:&quot;0&quot;,&quot;shutter_speed&quot;:&quot;0&quot;,&quot;title&quot;:&quot;&quot;,&quot;orientation&quot;:&quot;0&quot;}\" data-image-title=\"dire\u00e7\u00e3o-defensiva\" data-image-description=\"\" data-image-caption=\"\" data-large-file=\"https:\/\/www.somatick.com.br\/site\/wp-content\/uploads\/2026\/03\/Design-sem-nome-18.png\" \/>\t\t\t\t\t\t\t\t\t\t\t\t\t\t\t<\/div>\n\t\t\t\t<\/div>\n\t\t\t\t\t<\/div>\n\t\t<\/div>\n\t\t\t\t<div class=\"elementor-column elementor-col-50 elementor-top-column elementor-element elementor-element-ea2f1af\" data-id=\"ea2f1af\" data-element_type=\"column\" data-e-type=\"column\">\n\t\t\t<div class=\"elementor-widget-wrap elementor-element-populated\">\n\t\t\t\t\t\t<div class=\"elementor-element elementor-element-46070b8 elementor-invisible elementor-widget elementor-widget-text-editor\" data-id=\"46070b8\" data-element_type=\"widget\" data-e-type=\"widget\" data-settings=\"{&quot;_animation&quot;:&quot;fadeInRight&quot;}\" data-widget_type=\"text-editor.default\">\n\t\t\t\t<div class=\"elementor-widget-container\">\n\t\t\t\t\t\t\t\t\t<h4 id=\"por-que-fazer-capacitao-em-espaos-confinados-nr-33\" class=\"font-editorial font-bold mb-2 mt-4 [.has-inline-images_&amp;]:clear-end text-lg first:mt-0 md:text-lg [hr+&amp;]:mt-4\">Por Que Fazer Treinamento de Dire\u00e7\u00e3o Defensiva?<\/h4><p class=\"my-2 [&amp;+p]:mt-4 [&amp;_strong:has(+br)]:inline-block [&amp;_strong:has(+br)]:pb-2\">Garante que o profissional esteja apto a adotar medidas de controle adequadas para cada situa\u00e7\u00e3o de tr\u00e2nsito, reduzindo a probabilidade de danos \u00e0 sa\u00fade e \u00e0 seguran\u00e7a.<\/p><h5 class=\"font-editorial font-bold mb-2 mt-4 [.has-inline-images_&amp;]:clear-end text-base first:mt-0\"><strong>Dire\u00e7\u00e3o defensiva salva vidas pois:<\/strong><\/h5><p><strong>Previne a ocorr\u00eancia de acidentes de trabalho<\/strong> e visa preservar a integridade f\u00edsica e o bem-estar dos motoristas no exerc\u00edcio de suas fun\u00e7\u00f5es.<\/p><p><strong>Contribui para a cria\u00e7\u00e3o de um ambiente de seguran\u00e7a cont\u00ednua<\/strong>, focando na capacita\u00e7\u00e3o do colaborador para evitar perigos no tr\u00e2nsito.<\/p><p><strong>Promove o cumprimento da legisla\u00e7\u00e3o de tr\u00e2nsito<\/strong>, como a proibi\u00e7\u00e3o do uso de equipamentos de comunica\u00e7\u00e3o ao dirigir, o que mitiga riscos de distra\u00e7\u00e3o e colis\u00f5es.<\/p><p><strong>\u00c9 fundamental para a opera\u00e7\u00e3o segura<\/strong> de ve\u00edculos de for\u00e7a motriz pr\u00f3pria, como empilhadeiras e caminh\u00f5es Munck, que possuem riscos espec\u00edficos de movimenta\u00e7\u00e3o.<\/p><p><strong>Complementa a seguran\u00e7a em atividades cr\u00edticas<\/strong>, como no caso de motoristas de caminh\u00e3o-tanque, que precisam lidar com os riscos adicionais de produtos inflam\u00e1veis e combust\u00edveis.<\/p><p><strong>Privilegia uma abordagem preventiva<\/strong>, permitindo que o condutor identifique perigos e avalie riscos antes que eventos indesej\u00e1veis se consumem.<\/p>\t\t\t\t\t\t\t\t<\/div>\n\t\t\t\t<\/div>\n\t\t\t\t\t<\/div>\n\t\t<\/div>\n\t\t\t\t\t<\/div>\n\t\t<\/section>\n\t\t\t\t<section class=\"elementor-section elementor-top-section elementor-element elementor-element-f2438a5 elementor-section-boxed elementor-section-height-default elementor-section-height-default\" data-id=\"f2438a5\" data-element_type=\"section\" data-e-type=\"section\" data-settings=\"{&quot;background_background&quot;:&quot;gradient&quot;,&quot;shape_divider_top&quot;:&quot;mountains&quot;}\">\n\t\t\t\t\t<div class=\"elementor-shape elementor-shape-top\" aria-hidden=\"true\" data-negative=\"false\">\n\t\t\t<svg xmlns=\"http:\/\/www.w3.org\/2000\/svg\" viewBox=\"0 0 1000 100\" preserveAspectRatio=\"none\">\n\t<path class=\"elementor-shape-fill\" opacity=\"0.33\" d=\"M473,67.3c-203.9,88.3-263.1-34-320.3,0C66,119.1,0,59.7,0,59.7V0h1000v59.7 c0,0-62.1,26.1-94.9,29.3c-32.8,3.3-62.8-12.3-75.8-22.1C806,49.6,745.3,8.7,694.9,4.7S492.4,59,473,67.3z\"\/>\n\t<path class=\"elementor-shape-fill\" opacity=\"0.66\" d=\"M734,67.3c-45.5,0-77.2-23.2-129.1-39.1c-28.6-8.7-150.3-10.1-254,39.1 s-91.7-34.4-149.2,0C115.7,118.3,0,39.8,0,39.8V0h1000v36.5c0,0-28.2-18.5-92.1-18.5C810.2,18.1,775.7,67.3,734,67.3z\"\/>\n\t<path class=\"elementor-shape-fill\" d=\"M766.1,28.9c-200-57.5-266,65.5-395.1,19.5C242,1.8,242,5.4,184.8,20.6C128,35.8,132.3,44.9,89.9,52.5C28.6,63.7,0,0,0,0 h1000c0,0-9.9,40.9-83.6,48.1S829.6,47,766.1,28.9z\"\/>\n<\/svg>\t\t<\/div>\n\t\t\t\t\t<div class=\"elementor-container elementor-column-gap-default\">\n\t\t\t\t\t<div class=\"elementor-column elementor-col-100 elementor-top-column elementor-element elementor-element-4fc3409\" data-id=\"4fc3409\" data-element_type=\"column\" data-e-type=\"column\">\n\t\t\t<div class=\"elementor-widget-wrap elementor-element-populated\">\n\t\t\t\t\t\t<div class=\"elementor-element elementor-element-671f8be elementor-widget elementor-widget-html\" data-id=\"671f8be\" data-element_type=\"widget\" data-e-type=\"widget\" data-widget_type=\"html.default\">\n\t\t\t\t<div class=\"elementor-widget-container\">\n\t\t\t\t\t<style>\r\n.somatick-form {\r\n    max-width: 800px;\r\n    width: 100%;\r\n    margin: 40px auto;\r\n    padding: 40px;\r\n    background: #f4f6f9;\r\n    border-radius: 12px;\r\n    font-family: Arial, sans-serif;\r\n    box-shadow: 0 5px 20px rgba(0,0,0,0.08);\r\n    box-sizing: border-box;\r\n}\r\n\r\n.somatick-form h2 {\r\n    text-align: center;\r\n    margin-bottom: 25px;\r\n    color: #0c2d57;\r\n}\r\n\r\n.somatick-form label {\r\n    font-weight: bold;\r\n    display: block;\r\n    margin-top: 15px;\r\n    margin-bottom: 5px;\r\n}\r\n\r\n.somatick-form input,\r\n.somatick-form select,\r\n.somatick-form textarea {\r\n    width: 100%;\r\n    padding: 12px;\r\n    border-radius: 6px;\r\n    border: 1px solid #ccc;\r\n    font-size: 15px;\r\n    box-sizing: border-box;\r\n}\r\n\r\n.somatick-form textarea {\r\n    resize: vertical;\r\n    min-height: 120px;\r\n}\r\n\r\n.somatick-form button {\r\n    margin-top: 20px;\r\n    width: 100%;\r\n    padding: 14px;\r\n    background-color: #25D366;\r\n    color: #fff;\r\n    border: none;\r\n    border-radius: 8px;\r\n    font-size: 16px;\r\n    cursor: pointer;\r\n    transition: 0.3s;\r\n}\r\n\r\n.somatick-form button:hover {\r\n    background-color: #1ebe5d;\r\n}\r\n\r\n\/* \ud83d\udd25 AJUSTE ESPEC\u00cdFICO PARA CELULAR *\/\r\n@media (max-width: 100vwpx) {\r\n\r\n    .somatick-form {\r\n        width: 1000vw;\r\n        max-width: 100vw;\r\n        margin: 0;\r\n        border-radius: 0;\r\n        padding: 25px 20px;\r\n    }\r\n\r\n}\r\n<\/style>\r\n\r\n<div class=\"somatick-form\">\r\n    <h2>Solicite um Treinamento<\/h2>\r\n\r\n    <form id=\"whatsappForm\">\r\n        \r\n        <label>Nome Completo<\/label>\r\n        <input type=\"text\" id=\"nome\" required>\r\n\r\n        <label>Empresa<\/label>\r\n        <input type=\"text\" id=\"empresa\">\r\n\r\n        <label>E-mail<\/label>\r\n        <input type=\"email\" id=\"email\" required>\r\n\r\n        <label>Telefone<\/label>\r\n        <input type=\"tel\" id=\"telefone\">\r\n\r\n        <label>Treinamento de Interesse<\/label>\r\n        <select id=\"curso\" required>\r\n            <option value=\"\">Selecione<\/option>\r\n            <option>Movimenta\u00e7\u00e3o de cargas<\/option>\r\n            <option>NRs<\/option>\r\n            <option>SMS<\/option>\r\n            <option>Cursos profissionalizantes<\/option>\r\n            <option>Treinamento Offshore<\/option>\r\n            <option>Outro<\/option>\r\n        <\/select>\r\n\r\n        <label>Mensagem<\/label>\r\n        <textarea id=\"mensagem\"><\/textarea>\r\n\r\n        <button type=\"submit\">Enviar pelo WhatsApp<\/button>\r\n\r\n    <\/form>\r\n<\/div>\r\n\r\n<script>\r\ndocument.getElementById(\"whatsappForm\").addEventListener(\"submit\", function(e) {\r\n    e.preventDefault();\r\n\r\n    var nome = document.getElementById(\"nome\").value;\r\n    var empresa = document.getElementById(\"empresa\").value;\r\n    var email = document.getElementById(\"email\").value;\r\n    var telefone = document.getElementById(\"telefone\").value;\r\n    var curso = document.getElementById(\"curso\").value;\r\n    var mensagem = document.getElementById(\"mensagem\").value;\r\n\r\n    var texto = \r\n    \"*Solicita\u00e7\u00e3o de Treinamento - Site Somatick* %0A%0A\" +\r\n    \"Nome: \" + nome + \"%0A\" +\r\n    \"Empresa: \" + empresa + \"%0A\" +\r\n    \"E-mail: \" + email + \"%0A\" +\r\n    \"Telefone: \" + telefone + \"%0A\" +\r\n    \"Treinamento: \" + curso + \"%0A%0A\" +\r\n    \"Mensagem: \" + mensagem;\r\n\r\n    var numero = \"5522981375447\"; \/\/ \ud83d\udd34 COLOQUE AQUI O WHATSAPP DA SOMATICK COM DDI E DDD\r\n\r\n    var url = \"https:\/\/wa.me\/\" + numero + \"?text=\" + texto;\r\n\r\n    window.open(url, '_blank');\r\n});\r\n<\/script>\r\n\t\t\t\t<\/div>\n\t\t\t\t<\/div>\n\t\t\t\t\t<\/div>\n\t\t<\/div>\n\t\t\t\t\t<\/div>\n\t\t<\/section>\n\t\t\t\t<\/div>\n\t\t","protected":false},"excerpt":{"rendered":"<p>Dire\u00e7\u00e3o Defensiva &lt;img width=&#8221;800&#8243; height=&#8221;179&#8243; src=&#8221;http:\/\/www.somatick.com.br\/site\/wp-content\/uploads\/2012\/10\/Dire\u00e7\u00e3o-Defensiva.jpg&#8221; alt=&#8221;&#8221; srcset=&#8221;https:\/\/www.somatick.com.br\/site\/wp-content\/uploads\/2012\/10\/Dire\u00e7\u00e3o-Defensiva.jpg 901w, https:\/\/www.somatick.com.br\/site\/wp-content\/uploads\/2012\/10\/Dire\u00e7\u00e3o-Defensiva-300&#215;67.jpg 300w, https:\/\/www.somatick.com.br\/site\/wp-content\/uploads\/2012\/10\/Dire\u00e7\u00e3o-Defensiva-900&#215;201.jpg 900w&#8221; sizes=&#8221;(max-width: 800px) 100vw, 800px&#8221; \/&gt; &lt;p data-start=&#8221;135&#8243; data-end=&#8221;154&#8243;&gt;OBJETIVO DO CURSO&lt;\/p&gt;&lt;p data-start=&#8221;156&#8243; data-end=&#8221;402&#8243;&gt;Capacitar condutores de ve\u00edculos para atuar de forma segura, respons\u00e1vel e preventiva diante das situa\u00e7\u00f5es reais enfrentadas no tr\u00e2nsito, desenvolvendo compet\u00eancias t\u00e9cnicas e comportamentais voltadas \u00e0 redu\u00e7\u00e3o de riscos e preven\u00e7\u00e3o [&hellip;]<\/p>\n","protected":false},"author":1,"featured_media":0,"parent":1168,"menu_order":3,"comment_status":"closed","ping_status":"closed","template":"","meta":{"_joinchat":[],"footnotes":""},"class_list":["post-1224","page","type-page","status-publish","hentry"],"jetpack_shortlink":"https:\/\/wp.me\/Ph7gUA-jK","jetpack-related-posts":[],"jetpack_sharing_enabled":true,"_links":{"self":[{"href":"https:\/\/www.somatick.com.br\/site\/wp-json\/wp\/v2\/pages\/1224","targetHints":{"allow":["GET"]}}],"collection":[{"href":"https:\/\/www.somatick.com.br\/site\/wp-json\/wp\/v2\/pages"}],"about":[{"href":"https:\/\/www.somatick.com.br\/site\/wp-json\/wp\/v2\/types\/page"}],"author":[{"embeddable":true,"href":"https:\/\/www.somatick.com.br\/site\/wp-json\/wp\/v2\/users\/1"}],"replies":[{"embeddable":true,"href":"https:\/\/www.somatick.com.br\/site\/wp-json\/wp\/v2\/comments?post=1224"}],"version-history":[{"count":43,"href":"https:\/\/www.somatick.com.br\/site\/wp-json\/wp\/v2\/pages\/1224\/revisions"}],"predecessor-version":[{"id":12924,"href":"https:\/\/www.somatick.com.br\/site\/wp-json\/wp\/v2\/pages\/1224\/revisions\/12924"}],"up":[{"embeddable":true,"href":"https:\/\/www.somatick.com.br\/site\/wp-json\/wp\/v2\/pages\/1168"}],"wp:attachment":[{"href":"https:\/\/www.somatick.com.br\/site\/wp-json\/wp\/v2\/media?parent=1224"}],"curies":[{"name":"wp","href":"https:\/\/api.w.org\/{rel}","templated":true}]}}