{"id":1162,"date":"2012-10-25T10:54:49","date_gmt":"2012-10-25T13:54:49","guid":{"rendered":"http:\/\/www.somatick.com.br\/?page_id=1162"},"modified":"2026-03-11T14:53:15","modified_gmt":"2026-03-11T17:53:15","slug":"seguranca-no-trabalho-em-altura","status":"publish","type":"page","link":"https:\/\/www.somatick.com.br\/site\/treinamentos\/altura-e-espacos-confinados\/seguranca-no-trabalho-em-altura\/","title":{"rendered":"NR35 Trabalho em Altura"},"content":{"rendered":"\t\t<div data-elementor-type=\"wp-page\" data-elementor-id=\"1162\" class=\"elementor elementor-1162\">\n\t\t\t\t\t\t<section class=\"elementor-section elementor-top-section elementor-element elementor-element-745e018 elementor-section-boxed elementor-section-height-default elementor-section-height-default\" data-id=\"745e018\" data-element_type=\"section\" data-e-type=\"section\">\n\t\t\t\t\t\t<div class=\"elementor-container elementor-column-gap-default\">\n\t\t\t\t\t<div class=\"elementor-column elementor-col-100 elementor-top-column elementor-element elementor-element-c93ee35\" data-id=\"c93ee35\" data-element_type=\"column\" data-e-type=\"column\">\n\t\t\t<div class=\"elementor-widget-wrap elementor-element-populated\">\n\t\t\t\t\t\t<div class=\"elementor-element elementor-element-fd35909 elementor-widget elementor-widget-heading\" data-id=\"fd35909\" data-element_type=\"widget\" data-e-type=\"widget\" data-widget_type=\"heading.default\">\n\t\t\t\t<div class=\"elementor-widget-container\">\n\t\t\t\t\t<h2 class=\"elementor-heading-title elementor-size-default\">NR35 Trabalho em Altura<\/h2>\t\t\t\t<\/div>\n\t\t\t\t<\/div>\n\t\t\t\t\t<\/div>\n\t\t<\/div>\n\t\t\t\t\t<\/div>\n\t\t<\/section>\n\t\t\t\t<section class=\"elementor-section elementor-top-section elementor-element elementor-element-c3b0b66 elementor-section-boxed elementor-section-height-default elementor-section-height-default\" data-id=\"c3b0b66\" data-element_type=\"section\" data-e-type=\"section\">\n\t\t\t\t\t\t<div class=\"elementor-container elementor-column-gap-default\">\n\t\t\t\t\t<div class=\"elementor-column elementor-col-100 elementor-top-column elementor-element elementor-element-05fa2b8\" data-id=\"05fa2b8\" data-element_type=\"column\" data-e-type=\"column\">\n\t\t\t<div class=\"elementor-widget-wrap elementor-element-populated\">\n\t\t\t\t\t\t<div class=\"elementor-element elementor-element-796ea85 elementor-invisible elementor-widget elementor-widget-image\" data-id=\"796ea85\" data-element_type=\"widget\" data-e-type=\"widget\" data-settings=\"{&quot;_animation&quot;:&quot;zoomInDown&quot;}\" data-widget_type=\"image.default\">\n\t\t\t\t<div class=\"elementor-widget-container\">\n\t\t\t\t\t\t\t\t\t\t\t\t\t\t\t<img fetchpriority=\"high\" decoding=\"async\" data-attachment-id=\"5037\" data-permalink=\"https:\/\/www.somatick.com.br\/site\/treinamentos\/altura-e-espacos-confinados\/seguranca-no-trabalho-em-altura\/seguranca-no-trabalho-em-altura-2\/\" data-orig-file=\"https:\/\/www.somatick.com.br\/site\/wp-content\/uploads\/2012\/10\/Seguran\u00e7a-no-trabalho-em-altura.jpg\" data-orig-size=\"901,202\" data-comments-opened=\"0\" data-image-meta=\"{&quot;aperture&quot;:&quot;0&quot;,&quot;credit&quot;:&quot;Diogo&quot;,&quot;camera&quot;:&quot;&quot;,&quot;caption&quot;:&quot;&quot;,&quot;created_timestamp&quot;:&quot;1395221430&quot;,&quot;copyright&quot;:&quot;&quot;,&quot;focal_length&quot;:&quot;0&quot;,&quot;iso&quot;:&quot;0&quot;,&quot;shutter_speed&quot;:&quot;0&quot;,&quot;title&quot;:&quot;&quot;}\" data-image-title=\"Seguran\u00e7a no trabalho em altura\" data-image-description=\"\" data-image-caption=\"\" data-large-file=\"https:\/\/www.somatick.com.br\/site\/wp-content\/uploads\/2012\/10\/Seguran\u00e7a-no-trabalho-em-altura.jpg\" width=\"800\" height=\"179\" src=\"https:\/\/www.somatick.com.br\/site\/wp-content\/uploads\/2012\/10\/Seguran\u00e7a-no-trabalho-em-altura.jpg\" class=\"attachment-large size-large wp-image-5037\" alt=\"\" srcset=\"https:\/\/www.somatick.com.br\/site\/wp-content\/uploads\/2012\/10\/Seguran\u00e7a-no-trabalho-em-altura.jpg 901w, https:\/\/www.somatick.com.br\/site\/wp-content\/uploads\/2012\/10\/Seguran\u00e7a-no-trabalho-em-altura-300x67.jpg 300w, https:\/\/www.somatick.com.br\/site\/wp-content\/uploads\/2012\/10\/Seguran\u00e7a-no-trabalho-em-altura-900x201.jpg 900w\" sizes=\"(max-width: 800px) 100vw, 800px\" data-attachment-id=\"5037\" data-permalink=\"https:\/\/www.somatick.com.br\/site\/treinamentos\/altura-e-espacos-confinados\/seguranca-no-trabalho-em-altura\/seguranca-no-trabalho-em-altura-2\/\" data-orig-file=\"https:\/\/www.somatick.com.br\/site\/wp-content\/uploads\/2012\/10\/Seguran\u00e7a-no-trabalho-em-altura.jpg\" data-orig-size=\"901,202\" data-comments-opened=\"0\" data-image-meta=\"{&quot;aperture&quot;:&quot;0&quot;,&quot;credit&quot;:&quot;Diogo&quot;,&quot;camera&quot;:&quot;&quot;,&quot;caption&quot;:&quot;&quot;,&quot;created_timestamp&quot;:&quot;1395221430&quot;,&quot;copyright&quot;:&quot;&quot;,&quot;focal_length&quot;:&quot;0&quot;,&quot;iso&quot;:&quot;0&quot;,&quot;shutter_speed&quot;:&quot;0&quot;,&quot;title&quot;:&quot;&quot;}\" data-image-title=\"Seguran\u00e7a no trabalho em altura\" data-image-description=\"\" data-image-caption=\"\" data-large-file=\"https:\/\/www.somatick.com.br\/site\/wp-content\/uploads\/2012\/10\/Seguran\u00e7a-no-trabalho-em-altura.jpg\" \/>\t\t\t\t\t\t\t\t\t\t\t\t\t\t\t<\/div>\n\t\t\t\t<\/div>\n\t\t\t\t\t<\/div>\n\t\t<\/div>\n\t\t\t\t\t<\/div>\n\t\t<\/section>\n\t\t\t\t<section class=\"elementor-section elementor-top-section elementor-element elementor-element-9767f97 elementor-section-boxed elementor-section-height-default elementor-section-height-default\" data-id=\"9767f97\" data-element_type=\"section\" data-e-type=\"section\">\n\t\t\t\t\t\t<div class=\"elementor-container elementor-column-gap-default\">\n\t\t\t\t\t<div class=\"elementor-column elementor-col-100 elementor-top-column elementor-element elementor-element-7690d2a0\" data-id=\"7690d2a0\" data-element_type=\"column\" data-e-type=\"column\">\n\t\t\t<div class=\"elementor-widget-wrap elementor-element-populated\">\n\t\t\t\t\t\t<div class=\"elementor-element elementor-element-47f4bfe6 elementor-widget elementor-widget-text-editor\" data-id=\"47f4bfe6\" data-element_type=\"widget\" data-e-type=\"widget\" data-widget_type=\"text-editor.default\">\n\t\t\t\t<div class=\"elementor-widget-container\">\n\t\t\t\t\t\t\t\t\t<address><p data-start=\"134\" data-end=\"153\"><strong>OBJETIVO DO CURSO<\/strong><\/p><p data-start=\"155\" data-end=\"408\">Capacitar os trabalhadores para o entendimento e aplica\u00e7\u00e3o dos padr\u00f5es de seguran\u00e7a em atividades realizadas em altura, desenvolvendo compet\u00eancias para identifica\u00e7\u00e3o, an\u00e1lise e controle dos riscos envolvidos, bem como para a execu\u00e7\u00e3o segura das tarefas.<\/p><p data-start=\"410\" data-end=\"756\">O curso aborda os requisitos t\u00e9cnicos e legais aplic\u00e1veis ao trabalho em altura, com \u00eanfase na preven\u00e7\u00e3o de quedas, uso correto de Equipamentos de Prote\u00e7\u00e3o Individual (EPI), sistemas de ancoragem, inspe\u00e7\u00e3o de equipamentos, procedimentos operacionais e medidas de emerg\u00eancia, conforme estabelecido na NR-35 \u2013 Trabalho em Altura (norma brasileira).<\/p><p data-start=\"758\" data-end=\"902\">O objetivo \u00e9 garantir que o trabalhador execute suas atividades de forma segura, consciente e em conformidade com as exig\u00eancias legais vigentes.<\/p><hr data-start=\"904\" data-end=\"907\" \/><p data-start=\"909\" data-end=\"927\"><strong>CAMPO DE ATUA\u00c7\u00c3O<\/strong><\/p><p data-start=\"929\" data-end=\"1105\">Aplic\u00e1vel a todas as atividades executadas acima de 2,00 metros do n\u00edvel inferior, onde haja risco de queda, em ambientes industriais, prediais, comerciais, onshore e offshore.<\/p><hr data-start=\"1107\" data-end=\"1110\" \/><p data-start=\"1112\" data-end=\"1126\"><strong>P\u00daBLICO-ALVO<\/strong><\/p><p data-start=\"1128\" data-end=\"1252\">Todos os trabalhadores que realizem atividades em altura acima de 2,00 metros do n\u00edvel inferior, onde exista risco de queda.<\/p><hr data-start=\"1254\" data-end=\"1257\" \/><p data-start=\"1259\" data-end=\"1277\"><strong>DURA\u00c7\u00c3O DO CURSO<\/strong><\/p><p data-start=\"1279\" data-end=\"1333\">Carga Hor\u00e1ria: 08 horas\/aula, ministradas em 01 dia.<\/p><p data-start=\"1335\" data-end=\"1455\">A carga hor\u00e1ria contempla conte\u00fado te\u00f3rico e atividades pr\u00e1ticas voltadas \u00e0 aplica\u00e7\u00e3o correta das t\u00e9cnicas de seguran\u00e7a.<\/p><hr data-start=\"1457\" data-end=\"1460\" \/><p data-start=\"1462\" data-end=\"1475\"><strong>METODOLOGIA<\/strong><\/p><p data-start=\"1477\" data-end=\"1615\">Metodologia composta por exposi\u00e7\u00e3o te\u00f3rica dialogada, complementada por exerc\u00edcios pr\u00e1ticos realizados em simulador de trabalho em altura.<\/p><p data-start=\"1617\" data-end=\"1649\">S\u00e3o desenvolvidas atividades de:<\/p><p data-start=\"1651\" data-end=\"1809\">\u2022 Identifica\u00e7\u00e3o e an\u00e1lise de riscos<br data-start=\"1686\" data-end=\"1689\" \/>\u2022 Inspe\u00e7\u00e3o e uso correto de EPIs<br data-start=\"1721\" data-end=\"1724\" \/>\u2022 T\u00e9cnicas b\u00e1sicas de movimenta\u00e7\u00e3o e posicionamento<br data-start=\"1775\" data-end=\"1778\" \/>\u2022 Procedimentos de emerg\u00eancia<\/p><hr data-start=\"1811\" data-end=\"1814\" \/><p data-start=\"1816\" data-end=\"1835\"><strong>VALIDADE DO CURSO<\/strong><\/p><p data-start=\"1837\" data-end=\"2053\">O certificado possui validade de 02 (dois) anos, conforme estabelecido pela NR-35 (norma brasileira), podendo ser antecipado em caso de mudan\u00e7a de procedimento, condi\u00e7\u00e3o de risco ou retorno de afastamento prolongado.<\/p><hr data-start=\"2055\" data-end=\"2058\" \/><p data-start=\"2060\" data-end=\"2071\"><strong>AVALIA\u00c7\u00c3O<\/strong><\/p><p data-start=\"2073\" data-end=\"2112\">A avalia\u00e7\u00e3o ser\u00e1 realizada por meio de:<\/p><p data-start=\"2114\" data-end=\"2174\">\u2022 Exames escritos<br data-start=\"2131\" data-end=\"2134\" \/>\u2022 Exames orais<br data-start=\"2148\" data-end=\"2151\" \/>\u2022 Exerc\u00edcios pr\u00e1ticos<\/p><p data-start=\"2176\" data-end=\"2299\">O processo avaliativo verifica a assimila\u00e7\u00e3o do conte\u00fado te\u00f3rico e a correta aplica\u00e7\u00e3o das pr\u00e1ticas de seguran\u00e7a em altura.<\/p><\/address><p><!--:en--><\/p><p><!--:--><\/p>\t\t\t\t\t\t\t\t<\/div>\n\t\t\t\t<\/div>\n\t\t\t\t\t<\/div>\n\t\t<\/div>\n\t\t\t\t\t<\/div>\n\t\t<\/section>\n\t\t\t\t<section class=\"elementor-section elementor-top-section elementor-element elementor-element-6bf0140 elementor-section-boxed elementor-section-height-default elementor-section-height-default\" data-id=\"6bf0140\" data-element_type=\"section\" data-e-type=\"section\">\n\t\t\t\t\t\t<div class=\"elementor-container elementor-column-gap-default\">\n\t\t\t\t\t<div class=\"elementor-column elementor-col-50 elementor-top-column elementor-element elementor-element-33e4174\" data-id=\"33e4174\" data-element_type=\"column\" data-e-type=\"column\">\n\t\t\t<div class=\"elementor-widget-wrap elementor-element-populated\">\n\t\t\t\t\t\t<div class=\"elementor-element elementor-element-1fbcc09 elementor-invisible elementor-widget elementor-widget-image\" data-id=\"1fbcc09\" data-element_type=\"widget\" data-e-type=\"widget\" data-settings=\"{&quot;_animation&quot;:&quot;fadeInLeft&quot;}\" data-widget_type=\"image.default\">\n\t\t\t\t<div class=\"elementor-widget-container\">\n\t\t\t\t\t\t\t\t\t\t\t\t\t\t\t<img decoding=\"async\" data-attachment-id=\"12853\" data-permalink=\"https:\/\/www.somatick.com.br\/site\/treinamentos\/altura-e-espacos-confinados\/resgate-em-altura-nr35\/design-sem-nome-13\/\" data-orig-file=\"https:\/\/www.somatick.com.br\/site\/wp-content\/uploads\/2026\/03\/Design-sem-nome-13.png\" data-orig-size=\"1000,1000\" data-comments-opened=\"0\" data-image-meta=\"{&quot;aperture&quot;:&quot;0&quot;,&quot;credit&quot;:&quot;&quot;,&quot;camera&quot;:&quot;&quot;,&quot;caption&quot;:&quot;&quot;,&quot;created_timestamp&quot;:&quot;0&quot;,&quot;copyright&quot;:&quot;&quot;,&quot;focal_length&quot;:&quot;0&quot;,&quot;iso&quot;:&quot;0&quot;,&quot;shutter_speed&quot;:&quot;0&quot;,&quot;title&quot;:&quot;&quot;,&quot;orientation&quot;:&quot;0&quot;}\" data-image-title=\"trabalho-em-altura\" data-image-description=\"\" data-image-caption=\"\" data-large-file=\"https:\/\/www.somatick.com.br\/site\/wp-content\/uploads\/2026\/03\/Design-sem-nome-13.png\" width=\"800\" height=\"800\" src=\"https:\/\/www.somatick.com.br\/site\/wp-content\/uploads\/2026\/03\/Design-sem-nome-13.png\" class=\"attachment-large size-large wp-image-12853\" alt=\"\" srcset=\"https:\/\/www.somatick.com.br\/site\/wp-content\/uploads\/2026\/03\/Design-sem-nome-13.png 1000w, https:\/\/www.somatick.com.br\/site\/wp-content\/uploads\/2026\/03\/Design-sem-nome-13-300x300.png 300w, https:\/\/www.somatick.com.br\/site\/wp-content\/uploads\/2026\/03\/Design-sem-nome-13-150x150.png 150w, https:\/\/www.somatick.com.br\/site\/wp-content\/uploads\/2026\/03\/Design-sem-nome-13-768x768.png 768w\" sizes=\"(max-width: 800px) 100vw, 800px\" data-attachment-id=\"12853\" data-permalink=\"https:\/\/www.somatick.com.br\/site\/treinamentos\/altura-e-espacos-confinados\/resgate-em-altura-nr35\/design-sem-nome-13\/\" data-orig-file=\"https:\/\/www.somatick.com.br\/site\/wp-content\/uploads\/2026\/03\/Design-sem-nome-13.png\" data-orig-size=\"1000,1000\" data-comments-opened=\"0\" data-image-meta=\"{&quot;aperture&quot;:&quot;0&quot;,&quot;credit&quot;:&quot;&quot;,&quot;camera&quot;:&quot;&quot;,&quot;caption&quot;:&quot;&quot;,&quot;created_timestamp&quot;:&quot;0&quot;,&quot;copyright&quot;:&quot;&quot;,&quot;focal_length&quot;:&quot;0&quot;,&quot;iso&quot;:&quot;0&quot;,&quot;shutter_speed&quot;:&quot;0&quot;,&quot;title&quot;:&quot;&quot;,&quot;orientation&quot;:&quot;0&quot;}\" data-image-title=\"trabalho-em-altura\" data-image-description=\"\" data-image-caption=\"\" data-large-file=\"https:\/\/www.somatick.com.br\/site\/wp-content\/uploads\/2026\/03\/Design-sem-nome-13.png\" \/>\t\t\t\t\t\t\t\t\t\t\t\t\t\t\t<\/div>\n\t\t\t\t<\/div>\n\t\t\t\t\t<\/div>\n\t\t<\/div>\n\t\t\t\t<div class=\"elementor-column elementor-col-50 elementor-top-column elementor-element elementor-element-88af854\" data-id=\"88af854\" data-element_type=\"column\" data-e-type=\"column\">\n\t\t\t<div class=\"elementor-widget-wrap elementor-element-populated\">\n\t\t\t\t\t\t<div class=\"elementor-element elementor-element-d31f0d0 elementor-invisible elementor-widget elementor-widget-text-editor\" data-id=\"d31f0d0\" data-element_type=\"widget\" data-e-type=\"widget\" data-settings=\"{&quot;_animation&quot;:&quot;fadeInRight&quot;}\" data-widget_type=\"text-editor.default\">\n\t\t\t\t<div class=\"elementor-widget-container\">\n\t\t\t\t\t\t\t\t\t<h4 id=\"por-que-fazer-capacitao-em-espaos-confinados-nr-33\" class=\"font-editorial font-bold mb-2 mt-4 [.has-inline-images_&amp;]:clear-end text-lg first:mt-0 md:text-lg [hr+&amp;]:mt-4\">Por Que Fazer Treinamento de Trabalho em Altura (NR-35)?<\/h4><p class=\"my-2 [&amp;+p]:mt-4 [&amp;_strong:has(+br)]:inline-block [&amp;_strong:has(+br)]:pb-2\">Empresas com equipes treinadas evitam interdi\u00e7\u00f5es, multas e a\u00e7\u00f5es trabalhistas por falhas em emerg\u00eancia.<br \/>O plano de resgate integra comunica\u00e7\u00e3o, rotas de fuga e equipamentos, elevando a prontid\u00e3o operacional geral.<\/p><h5 class=\"font-editorial font-bold mb-2 mt-4 [.has-inline-images_&amp;]:clear-end text-base first:mt-0\"><strong>Procedimentos principais:<\/strong><\/h5><p class=\"my-2 [&amp;+p]:mt-4 [&amp;_strong:has(+br)]:inline-block [&amp;_strong:has(+br)]:pb-2\"><strong>An\u00e1lise e planejamento<\/strong>: Identificar riscos (queda, el\u00e9tricos), definir ancoragens seguras e emitir PT antes de iniciar.<\/p><p class=\"my-2 [&amp;+p]:mt-4 [&amp;_strong:has(+br)]:inline-block [&amp;_strong:has(+br)]:pb-2\"><strong>Execu\u00e7\u00e3o segura<\/strong>: Fiscalizar EPIs, posicionar sistemas de prote\u00e7\u00e3o coletiva (grades) ou individual ( trava-quedas), monitorar condi\u00e7\u00f5es clim\u00e1ticas.<\/p><p class=\"my-2 [&amp;+p]:mt-4 [&amp;_strong:has(+br)]:inline-block [&amp;_strong:has(+br)]:pb-2\"><strong>Emerg\u00eancia e resgate<\/strong>: Ativar plano de resgate, isolar \u00e1rea, resgatar v\u00edtima com polias\/descensores e aplicar socorros b\u00e1sicos.<\/p>\t\t\t\t\t\t\t\t<\/div>\n\t\t\t\t<\/div>\n\t\t\t\t\t<\/div>\n\t\t<\/div>\n\t\t\t\t\t<\/div>\n\t\t<\/section>\n\t\t\t\t<section class=\"elementor-section elementor-top-section elementor-element elementor-element-3533163 elementor-section-boxed elementor-section-height-default elementor-section-height-default\" data-id=\"3533163\" data-element_type=\"section\" data-e-type=\"section\" data-settings=\"{&quot;background_background&quot;:&quot;gradient&quot;,&quot;shape_divider_top&quot;:&quot;mountains&quot;}\">\n\t\t\t\t\t<div class=\"elementor-shape elementor-shape-top\" aria-hidden=\"true\" data-negative=\"false\">\n\t\t\t<svg xmlns=\"http:\/\/www.w3.org\/2000\/svg\" viewBox=\"0 0 1000 100\" preserveAspectRatio=\"none\">\n\t<path class=\"elementor-shape-fill\" opacity=\"0.33\" d=\"M473,67.3c-203.9,88.3-263.1-34-320.3,0C66,119.1,0,59.7,0,59.7V0h1000v59.7 c0,0-62.1,26.1-94.9,29.3c-32.8,3.3-62.8-12.3-75.8-22.1C806,49.6,745.3,8.7,694.9,4.7S492.4,59,473,67.3z\"\/>\n\t<path class=\"elementor-shape-fill\" opacity=\"0.66\" d=\"M734,67.3c-45.5,0-77.2-23.2-129.1-39.1c-28.6-8.7-150.3-10.1-254,39.1 s-91.7-34.4-149.2,0C115.7,118.3,0,39.8,0,39.8V0h1000v36.5c0,0-28.2-18.5-92.1-18.5C810.2,18.1,775.7,67.3,734,67.3z\"\/>\n\t<path class=\"elementor-shape-fill\" d=\"M766.1,28.9c-200-57.5-266,65.5-395.1,19.5C242,1.8,242,5.4,184.8,20.6C128,35.8,132.3,44.9,89.9,52.5C28.6,63.7,0,0,0,0 h1000c0,0-9.9,40.9-83.6,48.1S829.6,47,766.1,28.9z\"\/>\n<\/svg>\t\t<\/div>\n\t\t\t\t\t<div class=\"elementor-container elementor-column-gap-default\">\n\t\t\t\t\t<div class=\"elementor-column elementor-col-100 elementor-top-column elementor-element elementor-element-8155485\" data-id=\"8155485\" data-element_type=\"column\" data-e-type=\"column\">\n\t\t\t<div class=\"elementor-widget-wrap elementor-element-populated\">\n\t\t\t\t\t\t<div class=\"elementor-element elementor-element-0611987 elementor-widget elementor-widget-html\" data-id=\"0611987\" data-element_type=\"widget\" data-e-type=\"widget\" data-widget_type=\"html.default\">\n\t\t\t\t<div class=\"elementor-widget-container\">\n\t\t\t\t\t<style>\r\n.somatick-form {\r\n    max-width: 800px;\r\n    width: 100%;\r\n    margin: 40px auto;\r\n    padding: 40px;\r\n    background: #f4f6f9;\r\n    border-radius: 12px;\r\n    font-family: Arial, sans-serif;\r\n    box-shadow: 0 5px 20px rgba(0,0,0,0.08);\r\n    box-sizing: border-box;\r\n}\r\n\r\n.somatick-form h2 {\r\n    text-align: center;\r\n    margin-bottom: 25px;\r\n    color: #0c2d57;\r\n}\r\n\r\n.somatick-form label {\r\n    font-weight: bold;\r\n    display: block;\r\n    margin-top: 15px;\r\n    margin-bottom: 5px;\r\n}\r\n\r\n.somatick-form input,\r\n.somatick-form select,\r\n.somatick-form textarea {\r\n    width: 100%;\r\n    padding: 12px;\r\n    border-radius: 6px;\r\n    border: 1px solid #ccc;\r\n    font-size: 15px;\r\n    box-sizing: border-box;\r\n}\r\n\r\n.somatick-form textarea {\r\n    resize: vertical;\r\n    min-height: 120px;\r\n}\r\n\r\n.somatick-form button {\r\n    margin-top: 20px;\r\n    width: 100%;\r\n    padding: 14px;\r\n    background-color: #25D366;\r\n    color: #fff;\r\n    border: none;\r\n    border-radius: 8px;\r\n    font-size: 16px;\r\n    cursor: pointer;\r\n    transition: 0.3s;\r\n}\r\n\r\n.somatick-form button:hover {\r\n    background-color: #1ebe5d;\r\n}\r\n\r\n\/* \ud83d\udd25 AJUSTE ESPEC\u00cdFICO PARA CELULAR *\/\r\n@media (max-width: 100vwpx) {\r\n\r\n    .somatick-form {\r\n        width: 1000vw;\r\n        max-width: 100vw;\r\n        margin: 0;\r\n        border-radius: 0;\r\n        padding: 25px 20px;\r\n    }\r\n\r\n}\r\n<\/style>\r\n\r\n<div class=\"somatick-form\">\r\n    <h2>Solicite um Treinamento<\/h2>\r\n\r\n    <form id=\"whatsappForm\">\r\n        \r\n        <label>Nome Completo<\/label>\r\n        <input type=\"text\" id=\"nome\" required>\r\n\r\n        <label>Empresa<\/label>\r\n        <input type=\"text\" id=\"empresa\">\r\n\r\n        <label>E-mail<\/label>\r\n        <input type=\"email\" id=\"email\" required>\r\n\r\n        <label>Telefone<\/label>\r\n        <input type=\"tel\" id=\"telefone\">\r\n\r\n        <label>Treinamento de Interesse<\/label>\r\n        <select id=\"curso\" required>\r\n            <option value=\"\">Selecione<\/option>\r\n            <option>Movimenta\u00e7\u00e3o de cargas<\/option>\r\n            <option>NRs<\/option>\r\n            <option>SMS<\/option>\r\n            <option>Cursos profissionalizantes<\/option>\r\n            <option>Treinamento Offshore<\/option>\r\n            <option>Outro<\/option>\r\n        <\/select>\r\n\r\n        <label>Mensagem<\/label>\r\n        <textarea id=\"mensagem\"><\/textarea>\r\n\r\n        <button type=\"submit\">Enviar pelo WhatsApp<\/button>\r\n\r\n    <\/form>\r\n<\/div>\r\n\r\n<script>\r\ndocument.getElementById(\"whatsappForm\").addEventListener(\"submit\", function(e) {\r\n    e.preventDefault();\r\n\r\n    var nome = document.getElementById(\"nome\").value;\r\n    var empresa = document.getElementById(\"empresa\").value;\r\n    var email = document.getElementById(\"email\").value;\r\n    var telefone = document.getElementById(\"telefone\").value;\r\n    var curso = document.getElementById(\"curso\").value;\r\n    var mensagem = document.getElementById(\"mensagem\").value;\r\n\r\n    var texto = \r\n    \"*Solicita\u00e7\u00e3o de Treinamento - Site Somatick* %0A%0A\" +\r\n    \"Nome: \" + nome + \"%0A\" +\r\n    \"Empresa: \" + empresa + \"%0A\" +\r\n    \"E-mail: \" + email + \"%0A\" +\r\n    \"Telefone: \" + telefone + \"%0A\" +\r\n    \"Treinamento: \" + curso + \"%0A%0A\" +\r\n    \"Mensagem: \" + mensagem;\r\n\r\n    var numero = \"5522981375447\"; \/\/ \ud83d\udd34 COLOQUE AQUI O WHATSAPP DA SOMATICK COM DDI E DDD\r\n\r\n    var url = \"https:\/\/wa.me\/\" + numero + \"?text=\" + texto;\r\n\r\n    window.open(url, '_blank');\r\n});\r\n<\/script>\r\n\t\t\t\t<\/div>\n\t\t\t\t<\/div>\n\t\t\t\t\t<\/div>\n\t\t<\/div>\n\t\t\t\t\t<\/div>\n\t\t<\/section>\n\t\t\t\t<\/div>\n\t\t","protected":false},"excerpt":{"rendered":"<p>NR35 Trabalho em Altura &lt;img width=&#8221;800&#8243; height=&#8221;179&#8243; src=&#8221;http:\/\/www.somatick.com.br\/site\/wp-content\/uploads\/2012\/10\/Seguran\u00e7a-no-trabalho-em-altura.jpg&#8221; alt=&#8221;&#8221; srcset=&#8221;https:\/\/www.somatick.com.br\/site\/wp-content\/uploads\/2012\/10\/Seguran\u00e7a-no-trabalho-em-altura.jpg 901w, https:\/\/www.somatick.com.br\/site\/wp-content\/uploads\/2012\/10\/Seguran\u00e7a-no-trabalho-em-altura-300&#215;67.jpg 300w, https:\/\/www.somatick.com.br\/site\/wp-content\/uploads\/2012\/10\/Seguran\u00e7a-no-trabalho-em-altura-900&#215;201.jpg 900w&#8221; sizes=&#8221;(max-width: 800px) 100vw, 800px&#8221; \/&gt; &lt;address&gt;&lt;p data-start=&#8221;134&#8243; data-end=&#8221;153&#8243;&gt;&lt;strong&gt;OBJETIVO DO CURSO&lt;\/strong&gt;&lt;\/p&gt;&lt;p data-start=&#8221;155&#8243; data-end=&#8221;408&#8243;&gt;Capacitar os trabalhadores para o entendimento e aplica\u00e7\u00e3o dos padr\u00f5es de seguran\u00e7a em atividades realizadas em altura, desenvolvendo compet\u00eancias para identifica\u00e7\u00e3o, an\u00e1lise e controle dos riscos envolvidos, bem como [&hellip;]<\/p>\n","protected":false},"author":1,"featured_media":0,"parent":4171,"menu_order":6,"comment_status":"closed","ping_status":"closed","template":"","meta":{"_joinchat":[],"footnotes":""},"class_list":["post-1162","page","type-page","status-publish","hentry"],"jetpack_shortlink":"https:\/\/wp.me\/Ph7gUA-iK","jetpack-related-posts":[],"jetpack_sharing_enabled":true,"_links":{"self":[{"href":"https:\/\/www.somatick.com.br\/site\/wp-json\/wp\/v2\/pages\/1162","targetHints":{"allow":["GET"]}}],"collection":[{"href":"https:\/\/www.somatick.com.br\/site\/wp-json\/wp\/v2\/pages"}],"about":[{"href":"https:\/\/www.somatick.com.br\/site\/wp-json\/wp\/v2\/types\/page"}],"author":[{"embeddable":true,"href":"https:\/\/www.somatick.com.br\/site\/wp-json\/wp\/v2\/users\/1"}],"replies":[{"embeddable":true,"href":"https:\/\/www.somatick.com.br\/site\/wp-json\/wp\/v2\/comments?post=1162"}],"version-history":[{"count":74,"href":"https:\/\/www.somatick.com.br\/site\/wp-json\/wp\/v2\/pages\/1162\/revisions"}],"predecessor-version":[{"id":12995,"href":"https:\/\/www.somatick.com.br\/site\/wp-json\/wp\/v2\/pages\/1162\/revisions\/12995"}],"up":[{"embeddable":true,"href":"https:\/\/www.somatick.com.br\/site\/wp-json\/wp\/v2\/pages\/4171"}],"wp:attachment":[{"href":"https:\/\/www.somatick.com.br\/site\/wp-json\/wp\/v2\/media?parent=1162"}],"curies":[{"name":"wp","href":"https:\/\/api.w.org\/{rel}","templated":true}]}}