{"id":1128,"date":"2012-10-25T08:53:26","date_gmt":"2012-10-25T11:53:26","guid":{"rendered":"http:\/\/www.somatick.com.br\/?page_id=1128"},"modified":"2026-03-13T15:05:02","modified_gmt":"2026-03-13T18:05:02","slug":"dea-desfibrilador-externo-automatico","status":"publish","type":"page","link":"https:\/\/www.somatick.com.br\/site\/treinamentos\/saude\/dea-desfibrilador-externo-automatico\/","title":{"rendered":"DEA (Desfibrilador externo autom\u00e1tico)"},"content":{"rendered":"\t\t<div data-elementor-type=\"wp-page\" data-elementor-id=\"1128\" class=\"elementor elementor-1128\">\n\t\t\t\t\t\t<section class=\"elementor-section elementor-top-section elementor-element elementor-element-10a5895 elementor-section-boxed elementor-section-height-default elementor-section-height-default\" data-id=\"10a5895\" data-element_type=\"section\" data-e-type=\"section\">\n\t\t\t\t\t\t<div class=\"elementor-container elementor-column-gap-default\">\n\t\t\t\t\t<div class=\"elementor-column elementor-col-100 elementor-top-column elementor-element elementor-element-7be19e3\" data-id=\"7be19e3\" data-element_type=\"column\" data-e-type=\"column\">\n\t\t\t<div class=\"elementor-widget-wrap elementor-element-populated\">\n\t\t\t\t\t\t<div class=\"elementor-element elementor-element-262ff37 elementor-widget elementor-widget-heading\" data-id=\"262ff37\" data-element_type=\"widget\" data-e-type=\"widget\" data-widget_type=\"heading.default\">\n\t\t\t\t<div class=\"elementor-widget-container\">\n\t\t\t\t\t<h2 class=\"elementor-heading-title elementor-size-default\">DEA (Desfibrilador Externo Autom\u00e1tico)<\/h2>\t\t\t\t<\/div>\n\t\t\t\t<\/div>\n\t\t\t\t\t<\/div>\n\t\t<\/div>\n\t\t\t\t\t<\/div>\n\t\t<\/section>\n\t\t\t\t<section class=\"elementor-section elementor-top-section elementor-element elementor-element-65bd528 elementor-section-boxed elementor-section-height-default elementor-section-height-default\" data-id=\"65bd528\" data-element_type=\"section\" data-e-type=\"section\">\n\t\t\t\t\t\t<div class=\"elementor-container elementor-column-gap-default\">\n\t\t\t\t\t<div class=\"elementor-column elementor-col-100 elementor-top-column elementor-element elementor-element-6e732dc\" data-id=\"6e732dc\" data-element_type=\"column\" data-e-type=\"column\">\n\t\t\t<div class=\"elementor-widget-wrap elementor-element-populated\">\n\t\t\t\t\t\t<div class=\"elementor-element elementor-element-5865179 elementor-invisible elementor-widget elementor-widget-image\" data-id=\"5865179\" data-element_type=\"widget\" data-e-type=\"widget\" data-settings=\"{&quot;_animation&quot;:&quot;zoomInDown&quot;}\" data-widget_type=\"image.default\">\n\t\t\t\t<div class=\"elementor-widget-container\">\n\t\t\t\t\t\t\t\t\t\t\t\t\t\t\t<img fetchpriority=\"high\" decoding=\"async\" data-attachment-id=\"5164\" data-permalink=\"https:\/\/www.somatick.com.br\/site\/treinamentos\/saude\/dea-desfibrilador-externo-automatico\/dea\/\" data-orig-file=\"https:\/\/www.somatick.com.br\/site\/wp-content\/uploads\/2012\/10\/DEA.jpg\" data-orig-size=\"901,202\" data-comments-opened=\"0\" data-image-meta=\"{&quot;aperture&quot;:&quot;0&quot;,&quot;credit&quot;:&quot;Diogo&quot;,&quot;camera&quot;:&quot;&quot;,&quot;caption&quot;:&quot;&quot;,&quot;created_timestamp&quot;:&quot;1395408603&quot;,&quot;copyright&quot;:&quot;&quot;,&quot;focal_length&quot;:&quot;0&quot;,&quot;iso&quot;:&quot;0&quot;,&quot;shutter_speed&quot;:&quot;0&quot;,&quot;title&quot;:&quot;&quot;}\" data-image-title=\"DEA\" data-image-description=\"\" data-image-caption=\"\" data-large-file=\"https:\/\/www.somatick.com.br\/site\/wp-content\/uploads\/2012\/10\/DEA.jpg\" width=\"800\" height=\"179\" src=\"https:\/\/www.somatick.com.br\/site\/wp-content\/uploads\/2012\/10\/DEA.jpg\" class=\"attachment-large size-large wp-image-5164\" alt=\"\" srcset=\"https:\/\/www.somatick.com.br\/site\/wp-content\/uploads\/2012\/10\/DEA.jpg 901w, https:\/\/www.somatick.com.br\/site\/wp-content\/uploads\/2012\/10\/DEA-300x67.jpg 300w, https:\/\/www.somatick.com.br\/site\/wp-content\/uploads\/2012\/10\/DEA-900x201.jpg 900w\" sizes=\"(max-width: 800px) 100vw, 800px\" data-attachment-id=\"5164\" data-permalink=\"https:\/\/www.somatick.com.br\/site\/treinamentos\/saude\/dea-desfibrilador-externo-automatico\/dea\/\" data-orig-file=\"https:\/\/www.somatick.com.br\/site\/wp-content\/uploads\/2012\/10\/DEA.jpg\" data-orig-size=\"901,202\" data-comments-opened=\"0\" data-image-meta=\"{&quot;aperture&quot;:&quot;0&quot;,&quot;credit&quot;:&quot;Diogo&quot;,&quot;camera&quot;:&quot;&quot;,&quot;caption&quot;:&quot;&quot;,&quot;created_timestamp&quot;:&quot;1395408603&quot;,&quot;copyright&quot;:&quot;&quot;,&quot;focal_length&quot;:&quot;0&quot;,&quot;iso&quot;:&quot;0&quot;,&quot;shutter_speed&quot;:&quot;0&quot;,&quot;title&quot;:&quot;&quot;}\" data-image-title=\"DEA\" data-image-description=\"\" data-image-caption=\"\" data-large-file=\"https:\/\/www.somatick.com.br\/site\/wp-content\/uploads\/2012\/10\/DEA.jpg\" \/>\t\t\t\t\t\t\t\t\t\t\t\t\t\t\t<\/div>\n\t\t\t\t<\/div>\n\t\t\t\t\t<\/div>\n\t\t<\/div>\n\t\t\t\t\t<\/div>\n\t\t<\/section>\n\t\t\t\t<section class=\"elementor-section elementor-top-section elementor-element elementor-element-3a4c5f12 elementor-section-boxed elementor-section-height-default elementor-section-height-default\" data-id=\"3a4c5f12\" data-element_type=\"section\" data-e-type=\"section\">\n\t\t\t\t\t\t<div class=\"elementor-container elementor-column-gap-default\">\n\t\t\t\t\t<div class=\"elementor-column elementor-col-100 elementor-top-column elementor-element elementor-element-4f43904f\" data-id=\"4f43904f\" data-element_type=\"column\" data-e-type=\"column\">\n\t\t\t<div class=\"elementor-widget-wrap elementor-element-populated\">\n\t\t\t\t\t\t<div class=\"elementor-element elementor-element-10e5b850 elementor-widget elementor-widget-text-editor\" data-id=\"10e5b850\" data-element_type=\"widget\" data-e-type=\"widget\" data-widget_type=\"text-editor.default\">\n\t\t\t\t<div class=\"elementor-widget-container\">\n\t\t\t\t\t\t\t\t\t<p class=\"my-2 [&amp;+p]:mt-4 [&amp;_strong:has(+br)]:inline-block [&amp;_strong:has(+br)]:pb-2\"><strong>OBJETIVO<\/strong><br \/>Capacitar profissionais para o uso adequado, seguro e eficiente do desfibrilador externo autom\u00e1tico (DEA) em situa\u00e7\u00f5es de emerg\u00eancia que exijam ressuscita\u00e7\u00e3o cardiopulmonar (RCP). Ao final do treinamento, os participantes estar\u00e3o aptos a reconhecer paradas cardiorrespirat\u00f3rias, aplicar protocolos de RCP integrados ao DEA e aumentar as chances de sobreviv\u00eancia em cen\u00e1rios reais de trabalho.<\/p><hr \/><p class=\"my-2 [&amp;+p]:mt-4 [&amp;_strong:has(+br)]:inline-block [&amp;_strong:has(+br)]:pb-2\"><strong>CARGA HOR\u00c1RIA<\/strong><br \/>8 horas (aulas te\u00f3ricas, pr\u00e1ticas e simula\u00e7\u00f5es).<\/p>\t\t\t\t\t\t\t\t<\/div>\n\t\t\t\t<\/div>\n\t\t\t\t\t<\/div>\n\t\t<\/div>\n\t\t\t\t\t<\/div>\n\t\t<\/section>\n\t\t\t\t<section class=\"elementor-section elementor-top-section elementor-element elementor-element-2b63d5f elementor-section-boxed elementor-section-height-default elementor-section-height-default\" data-id=\"2b63d5f\" data-element_type=\"section\" data-e-type=\"section\">\n\t\t\t\t\t\t<div class=\"elementor-container elementor-column-gap-default\">\n\t\t\t\t\t<div class=\"elementor-column elementor-col-50 elementor-top-column elementor-element elementor-element-5e2f3fd\" data-id=\"5e2f3fd\" data-element_type=\"column\" data-e-type=\"column\">\n\t\t\t<div class=\"elementor-widget-wrap elementor-element-populated\">\n\t\t\t\t\t\t<div class=\"elementor-element elementor-element-6b739c1 elementor-invisible elementor-widget elementor-widget-image\" data-id=\"6b739c1\" data-element_type=\"widget\" data-e-type=\"widget\" data-settings=\"{&quot;_animation&quot;:&quot;fadeInLeft&quot;}\" data-widget_type=\"image.default\">\n\t\t\t\t<div class=\"elementor-widget-container\">\n\t\t\t\t\t\t\t\t\t\t\t\t\t\t\t<img decoding=\"async\" data-attachment-id=\"13211\" data-permalink=\"https:\/\/www.somatick.com.br\/site\/treinamentos\/saude\/dea-desfibrilador-externo-automatico\/design-sem-nome-19-2\/\" data-orig-file=\"https:\/\/www.somatick.com.br\/site\/wp-content\/uploads\/2026\/03\/Design-sem-nome-19-1.png\" data-orig-size=\"1000,1000\" data-comments-opened=\"0\" data-image-meta=\"{&quot;aperture&quot;:&quot;0&quot;,&quot;credit&quot;:&quot;&quot;,&quot;camera&quot;:&quot;&quot;,&quot;caption&quot;:&quot;&quot;,&quot;created_timestamp&quot;:&quot;0&quot;,&quot;copyright&quot;:&quot;&quot;,&quot;focal_length&quot;:&quot;0&quot;,&quot;iso&quot;:&quot;0&quot;,&quot;shutter_speed&quot;:&quot;0&quot;,&quot;title&quot;:&quot;&quot;,&quot;orientation&quot;:&quot;0&quot;}\" data-image-title=\"desfibrilador\" data-image-description=\"\" data-image-caption=\"\" data-large-file=\"https:\/\/www.somatick.com.br\/site\/wp-content\/uploads\/2026\/03\/Design-sem-nome-19-1.png\" width=\"800\" height=\"800\" src=\"https:\/\/www.somatick.com.br\/site\/wp-content\/uploads\/2026\/03\/Design-sem-nome-19-1.png\" class=\"attachment-large size-large wp-image-13211\" alt=\"\" srcset=\"https:\/\/www.somatick.com.br\/site\/wp-content\/uploads\/2026\/03\/Design-sem-nome-19-1.png 1000w, https:\/\/www.somatick.com.br\/site\/wp-content\/uploads\/2026\/03\/Design-sem-nome-19-1-300x300.png 300w, https:\/\/www.somatick.com.br\/site\/wp-content\/uploads\/2026\/03\/Design-sem-nome-19-1-150x150.png 150w, https:\/\/www.somatick.com.br\/site\/wp-content\/uploads\/2026\/03\/Design-sem-nome-19-1-768x768.png 768w\" sizes=\"(max-width: 800px) 100vw, 800px\" data-attachment-id=\"13211\" data-permalink=\"https:\/\/www.somatick.com.br\/site\/treinamentos\/saude\/dea-desfibrilador-externo-automatico\/design-sem-nome-19-2\/\" data-orig-file=\"https:\/\/www.somatick.com.br\/site\/wp-content\/uploads\/2026\/03\/Design-sem-nome-19-1.png\" data-orig-size=\"1000,1000\" data-comments-opened=\"0\" data-image-meta=\"{&quot;aperture&quot;:&quot;0&quot;,&quot;credit&quot;:&quot;&quot;,&quot;camera&quot;:&quot;&quot;,&quot;caption&quot;:&quot;&quot;,&quot;created_timestamp&quot;:&quot;0&quot;,&quot;copyright&quot;:&quot;&quot;,&quot;focal_length&quot;:&quot;0&quot;,&quot;iso&quot;:&quot;0&quot;,&quot;shutter_speed&quot;:&quot;0&quot;,&quot;title&quot;:&quot;&quot;,&quot;orientation&quot;:&quot;0&quot;}\" data-image-title=\"desfibrilador\" data-image-description=\"\" data-image-caption=\"\" data-large-file=\"https:\/\/www.somatick.com.br\/site\/wp-content\/uploads\/2026\/03\/Design-sem-nome-19-1.png\" \/>\t\t\t\t\t\t\t\t\t\t\t\t\t\t\t<\/div>\n\t\t\t\t<\/div>\n\t\t\t\t\t<\/div>\n\t\t<\/div>\n\t\t\t\t<div class=\"elementor-column elementor-col-50 elementor-top-column elementor-element elementor-element-c074a56\" data-id=\"c074a56\" data-element_type=\"column\" data-e-type=\"column\">\n\t\t\t<div class=\"elementor-widget-wrap elementor-element-populated\">\n\t\t\t\t\t\t<div class=\"elementor-element elementor-element-0d405f8 elementor-invisible elementor-widget elementor-widget-text-editor\" data-id=\"0d405f8\" data-element_type=\"widget\" data-e-type=\"widget\" data-settings=\"{&quot;_animation&quot;:&quot;fadeInRight&quot;}\" data-widget_type=\"text-editor.default\">\n\t\t\t\t<div class=\"elementor-widget-container\">\n\t\t\t\t\t\t\t\t\t<h4 id=\"por-que-fazer-capacitao-em-espaos-confinados-nr-33\" class=\"font-editorial font-bold mb-2 mt-4 [.has-inline-images_&amp;]:clear-end text-lg first:mt-0 md:text-lg [hr+&amp;]:mt-4\">Por Que Fazer Treinamento de DEA (Desfibrilador Externo Autom\u00e1tico)?<\/h4><article class=\"text-token-text-primary w-full focus:outline-none [--shadow-height:45px] has-data-writing-block:pointer-events-none has-data-writing-block:-mt-(--shadow-height) has-data-writing-block:pt-(--shadow-height) [&amp;:has([data-writing-block])&gt;*]:pointer-events-auto scroll-mt-(--header-height)\" dir=\"auto\" tabindex=\"-1\" data-turn-id=\"7de7202b-d5aa-4fd5-b789-f06d2457ca7d\" data-testid=\"conversation-turn-43\" data-scroll-anchor=\"false\" data-turn=\"user\"><\/article><article class=\"text-token-text-primary w-full focus:outline-none [--shadow-height:45px] has-data-writing-block:pointer-events-none has-data-writing-block:-mt-(--shadow-height) has-data-writing-block:pt-(--shadow-height) [&amp;:has([data-writing-block])&gt;*]:pointer-events-auto scroll-mt-[calc(var(--header-height)+min(200px,max(70px,20svh)))]\" dir=\"auto\" tabindex=\"-1\" data-turn-id=\"request-69b2a682-a6c8-832a-824a-3c56a8e55dcb-1\" data-testid=\"conversation-turn-44\" data-scroll-anchor=\"true\" data-turn=\"assistant\"><div class=\"text-base my-auto mx-auto pb-10 [--thread-content-margin:var(--thread-content-margin-xs,calc(var(--spacing)*4))] @w-sm\/main:[--thread-content-margin:var(--thread-content-margin-sm,calc(var(--spacing)*6))] @w-lg\/main:[--thread-content-margin:var(--thread-content-margin-lg,calc(var(--spacing)*16))] px-(--thread-content-margin)\"><div class=\"[--thread-content-max-width:40rem] @w-lg\/main:[--thread-content-max-width:48rem] mx-auto max-w-(--thread-content-max-width) flex-1 group\/turn-messages focus-visible:outline-hidden relative flex w-full min-w-0 flex-col agent-turn\" tabindex=\"-1\"><div class=\"flex max-w-full flex-col gap-4 grow\"><div class=\"min-h-8 text-message relative flex w-full flex-col items-end gap-2 text-start break-words whitespace-normal [.text-message+&amp;]:mt-1\" dir=\"auto\" data-message-author-role=\"assistant\" data-message-id=\"b04a2a5b-d0ff-4cb2-a5cf-a279f930c170\" data-message-model-slug=\"gpt-5-3\"><div class=\"flex w-full flex-col gap-1 empty:hidden\"><div class=\"streaming-animation markdown prose dark:prose-invert w-full wrap-break-word dark markdown-new-styling\"><p data-start=\"0\" data-end=\"283\">Fazer o treinamento de DEA (Desfibrilador Externo Autom\u00e1tico) \u00e9 fundamental para preparar pessoas a agir rapidamente em casos de parada cardiorrespirat\u00f3ria, aumentando significativamente as chances de sobreviv\u00eancia da v\u00edtima at\u00e9 a chegada do atendimento m\u00e9dico especializado. O <span class=\"hover:entity-accent entity-underline inline cursor-pointer align-baseline\"><span class=\"whitespace-normal\">Desfibrilador Externo Autom\u00e1tico<\/span><\/span> (DEA) \u00e9 um equipamento utilizado para aplicar choques el\u00e9tricos controlados no cora\u00e7\u00e3o, com o objetivo de restabelecer o ritmo card\u00edaco normal em situa\u00e7\u00f5es de emerg\u00eancia.<\/p><p data-start=\"501\" data-end=\"774\"><strong>Atendimento r\u00e1pido em:<\/strong> parada cardiorrespirat\u00f3ria<br data-start=\"549\" data-end=\"552\" \/>A parada cardiorrespirat\u00f3ria \u00e9 uma situa\u00e7\u00e3o cr\u00edtica em que cada minuto sem atendimento reduz as chances de sobreviv\u00eancia. O treinamento ensina a reconhecer os sinais de emerg\u00eancia e utilizar o DEA de forma r\u00e1pida e segura.<\/p><p data-start=\"776\" data-end=\"1011\"><strong>Uso correto do equipamento:<\/strong> Durante o treinamento, os participantes aprendem a operar o DEA, posicionar corretamente os eletrodos e seguir as instru\u00e7\u00f5es do equipamento, garantindo que o procedimento seja realizado de forma eficaz.<\/p><p data-start=\"1013\" data-end=\"1322\"><strong>Integra\u00e7\u00e3o com o suporte b\u00e1sico de vida:<\/strong> O uso do DEA faz parte das t\u00e9cnicas de suporte b\u00e1sico de vida, que incluem a avalia\u00e7\u00e3o da v\u00edtima e a realiza\u00e7\u00e3o de compress\u00f5es tor\u00e1cicas. O treinamento prepara os participantes para aplicar essas t\u00e9cnicas de maneira correta at\u00e9 a chegada do socorro especializado.<\/p><\/div><\/div><\/div><\/div><\/div><\/div><\/article>\t\t\t\t\t\t\t\t<\/div>\n\t\t\t\t<\/div>\n\t\t\t\t\t<\/div>\n\t\t<\/div>\n\t\t\t\t\t<\/div>\n\t\t<\/section>\n\t\t\t\t<section class=\"elementor-section elementor-top-section elementor-element elementor-element-e51425e elementor-section-boxed elementor-section-height-default elementor-section-height-default\" data-id=\"e51425e\" data-element_type=\"section\" data-e-type=\"section\" data-settings=\"{&quot;background_background&quot;:&quot;gradient&quot;,&quot;shape_divider_top&quot;:&quot;mountains&quot;}\">\n\t\t\t\t\t<div class=\"elementor-shape elementor-shape-top\" aria-hidden=\"true\" data-negative=\"false\">\n\t\t\t<svg xmlns=\"http:\/\/www.w3.org\/2000\/svg\" viewBox=\"0 0 1000 100\" preserveAspectRatio=\"none\">\n\t<path class=\"elementor-shape-fill\" opacity=\"0.33\" d=\"M473,67.3c-203.9,88.3-263.1-34-320.3,0C66,119.1,0,59.7,0,59.7V0h1000v59.7 c0,0-62.1,26.1-94.9,29.3c-32.8,3.3-62.8-12.3-75.8-22.1C806,49.6,745.3,8.7,694.9,4.7S492.4,59,473,67.3z\"\/>\n\t<path class=\"elementor-shape-fill\" opacity=\"0.66\" d=\"M734,67.3c-45.5,0-77.2-23.2-129.1-39.1c-28.6-8.7-150.3-10.1-254,39.1 s-91.7-34.4-149.2,0C115.7,118.3,0,39.8,0,39.8V0h1000v36.5c0,0-28.2-18.5-92.1-18.5C810.2,18.1,775.7,67.3,734,67.3z\"\/>\n\t<path class=\"elementor-shape-fill\" d=\"M766.1,28.9c-200-57.5-266,65.5-395.1,19.5C242,1.8,242,5.4,184.8,20.6C128,35.8,132.3,44.9,89.9,52.5C28.6,63.7,0,0,0,0 h1000c0,0-9.9,40.9-83.6,48.1S829.6,47,766.1,28.9z\"\/>\n<\/svg>\t\t<\/div>\n\t\t\t\t\t<div class=\"elementor-container elementor-column-gap-default\">\n\t\t\t\t\t<div class=\"elementor-column elementor-col-100 elementor-top-column elementor-element elementor-element-af15aa9\" data-id=\"af15aa9\" data-element_type=\"column\" data-e-type=\"column\">\n\t\t\t<div class=\"elementor-widget-wrap elementor-element-populated\">\n\t\t\t\t\t\t<div class=\"elementor-element elementor-element-e0b20e1 elementor-widget elementor-widget-html\" data-id=\"e0b20e1\" data-element_type=\"widget\" data-e-type=\"widget\" data-widget_type=\"html.default\">\n\t\t\t\t<div class=\"elementor-widget-container\">\n\t\t\t\t\t<style>\r\n.somatick-form {\r\n    max-width: 800px;\r\n    width: 100%;\r\n    margin: 40px auto;\r\n    padding: 40px;\r\n    background: #f4f6f9;\r\n    border-radius: 12px;\r\n    font-family: Arial, sans-serif;\r\n    box-shadow: 0 5px 20px rgba(0,0,0,0.08);\r\n    box-sizing: border-box;\r\n}\r\n\r\n.somatick-form h2 {\r\n    text-align: center;\r\n    margin-bottom: 25px;\r\n    color: #0c2d57;\r\n}\r\n\r\n.somatick-form label {\r\n    font-weight: bold;\r\n    display: block;\r\n    margin-top: 15px;\r\n    margin-bottom: 5px;\r\n}\r\n\r\n.somatick-form input,\r\n.somatick-form select,\r\n.somatick-form textarea {\r\n    width: 100%;\r\n    padding: 12px;\r\n    border-radius: 6px;\r\n    border: 1px solid #ccc;\r\n    font-size: 15px;\r\n    box-sizing: border-box;\r\n}\r\n\r\n.somatick-form textarea {\r\n    resize: vertical;\r\n    min-height: 120px;\r\n}\r\n\r\n.somatick-form button {\r\n    margin-top: 20px;\r\n    width: 100%;\r\n    padding: 14px;\r\n    background-color: #25D366;\r\n    color: #fff;\r\n    border: none;\r\n    border-radius: 8px;\r\n    font-size: 16px;\r\n    cursor: pointer;\r\n    transition: 0.3s;\r\n}\r\n\r\n.somatick-form button:hover {\r\n    background-color: #1ebe5d;\r\n}\r\n\r\n\/* \ud83d\udd25 AJUSTE ESPEC\u00cdFICO PARA CELULAR *\/\r\n@media (max-width: 100vwpx) {\r\n\r\n    .somatick-form {\r\n        width: 1000vw;\r\n        max-width: 100vw;\r\n        margin: 0;\r\n        border-radius: 0;\r\n        padding: 25px 20px;\r\n    }\r\n\r\n}\r\n<\/style>\r\n\r\n<div class=\"somatick-form\">\r\n    <h2>Solicite um Treinamento<\/h2>\r\n\r\n    <form id=\"whatsappForm\">\r\n        \r\n        <label>Nome Completo<\/label>\r\n        <input type=\"text\" id=\"nome\" required>\r\n\r\n        <label>Empresa<\/label>\r\n        <input type=\"text\" id=\"empresa\">\r\n\r\n        <label>E-mail<\/label>\r\n        <input type=\"email\" id=\"email\" required>\r\n\r\n        <label>Telefone<\/label>\r\n        <input type=\"tel\" id=\"telefone\">\r\n\r\n        <label>Treinamento de Interesse<\/label>\r\n        <select id=\"curso\" required>\r\n            <option value=\"\">Selecione<\/option>\r\n            <option>Movimenta\u00e7\u00e3o de cargas<\/option>\r\n            <option>NRs<\/option>\r\n            <option>SMS<\/option>\r\n            <option>Cursos profissionalizantes<\/option>\r\n            <option>Treinamento Offshore<\/option>\r\n            <option>Outro<\/option>\r\n        <\/select>\r\n\r\n        <label>Mensagem<\/label>\r\n        <textarea id=\"mensagem\"><\/textarea>\r\n\r\n        <button type=\"submit\">Enviar pelo WhatsApp<\/button>\r\n\r\n    <\/form>\r\n<\/div>\r\n\r\n<script>\r\ndocument.getElementById(\"whatsappForm\").addEventListener(\"submit\", function(e) {\r\n    e.preventDefault();\r\n\r\n    var nome = document.getElementById(\"nome\").value;\r\n    var empresa = document.getElementById(\"empresa\").value;\r\n    var email = document.getElementById(\"email\").value;\r\n    var telefone = document.getElementById(\"telefone\").value;\r\n    var curso = document.getElementById(\"curso\").value;\r\n    var mensagem = document.getElementById(\"mensagem\").value;\r\n\r\n    var texto = \r\n    \"*Solicita\u00e7\u00e3o de Treinamento - Site Somatick* %0A%0A\" +\r\n    \"Nome: \" + nome + \"%0A\" +\r\n    \"Empresa: \" + empresa + \"%0A\" +\r\n    \"E-mail: \" + email + \"%0A\" +\r\n    \"Telefone: \" + telefone + \"%0A\" +\r\n    \"Treinamento: \" + curso + \"%0A%0A\" +\r\n    \"Mensagem: \" + mensagem;\r\n\r\n    var numero = \"5522981375447\"; \/\/ \ud83d\udd34 COLOQUE AQUI O WHATSAPP DA SOMATICK COM DDI E DDD\r\n\r\n    var url = \"https:\/\/wa.me\/\" + numero + \"?text=\" + texto;\r\n\r\n    window.open(url, '_blank');\r\n});\r\n<\/script>\r\n\t\t\t\t<\/div>\n\t\t\t\t<\/div>\n\t\t\t\t\t<\/div>\n\t\t<\/div>\n\t\t\t\t\t<\/div>\n\t\t<\/section>\n\t\t\t\t<\/div>\n\t\t","protected":false},"excerpt":{"rendered":"<p>DEA (Desfibrilador Externo Autom\u00e1tico) &lt;img width=&#8221;800&#8243; height=&#8221;179&#8243; src=&#8221;http:\/\/www.somatick.com.br\/site\/wp-content\/uploads\/2012\/10\/DEA.jpg&#8221; alt=&#8221;&#8221; srcset=&#8221;https:\/\/www.somatick.com.br\/site\/wp-content\/uploads\/2012\/10\/DEA.jpg 901w, https:\/\/www.somatick.com.br\/site\/wp-content\/uploads\/2012\/10\/DEA-300&#215;67.jpg 300w, https:\/\/www.somatick.com.br\/site\/wp-content\/uploads\/2012\/10\/DEA-900&#215;201.jpg 900w&#8221; sizes=&#8221;(max-width: 800px) 100vw, 800px&#8221; \/&gt; &lt;p&gt;&lt;strong&gt;OBJETIVO&lt;\/strong&gt;&lt;br \/&gt;Capacitar profissionais para o uso adequado, seguro e eficiente do desfibrilador externo autom\u00e1tico (DEA) em situa\u00e7\u00f5es de emerg\u00eancia que exijam ressuscita\u00e7\u00e3o cardiopulmonar (RCP). Ao final do treinamento, os participantes estar\u00e3o aptos a reconhecer paradas [&hellip;]<\/p>\n","protected":false},"author":1,"featured_media":0,"parent":1115,"menu_order":2,"comment_status":"closed","ping_status":"closed","template":"","meta":{"_joinchat":[],"footnotes":""},"class_list":["post-1128","page","type-page","status-publish","hentry"],"jetpack_shortlink":"https:\/\/wp.me\/Ph7gUA-ic","jetpack-related-posts":[],"jetpack_sharing_enabled":true,"_links":{"self":[{"href":"https:\/\/www.somatick.com.br\/site\/wp-json\/wp\/v2\/pages\/1128","targetHints":{"allow":["GET"]}}],"collection":[{"href":"https:\/\/www.somatick.com.br\/site\/wp-json\/wp\/v2\/pages"}],"about":[{"href":"https:\/\/www.somatick.com.br\/site\/wp-json\/wp\/v2\/types\/page"}],"author":[{"embeddable":true,"href":"https:\/\/www.somatick.com.br\/site\/wp-json\/wp\/v2\/users\/1"}],"replies":[{"embeddable":true,"href":"https:\/\/www.somatick.com.br\/site\/wp-json\/wp\/v2\/comments?post=1128"}],"version-history":[{"count":42,"href":"https:\/\/www.somatick.com.br\/site\/wp-json\/wp\/v2\/pages\/1128\/revisions"}],"predecessor-version":[{"id":13214,"href":"https:\/\/www.somatick.com.br\/site\/wp-json\/wp\/v2\/pages\/1128\/revisions\/13214"}],"up":[{"embeddable":true,"href":"https:\/\/www.somatick.com.br\/site\/wp-json\/wp\/v2\/pages\/1115"}],"wp:attachment":[{"href":"https:\/\/www.somatick.com.br\/site\/wp-json\/wp\/v2\/media?parent=1128"}],"curies":[{"name":"wp","href":"https:\/\/api.w.org\/{rel}","templated":true}]}}