{"id":1111,"date":"2012-10-24T14:31:30","date_gmt":"2012-10-24T17:31:30","guid":{"rendered":"http:\/\/www.somatick.com.br\/?page_id=1111"},"modified":"2026-03-13T09:42:38","modified_gmt":"2026-03-13T12:42:38","slug":"basico-de-pintura-industrial","status":"publish","type":"page","link":"https:\/\/www.somatick.com.br\/site\/treinamentos\/qualificacao-profissional\/basico-de-pintura-industrial\/","title":{"rendered":"B\u00e1sico de Pintura Industrial"},"content":{"rendered":"\t\t<div data-elementor-type=\"wp-page\" data-elementor-id=\"1111\" class=\"elementor elementor-1111\">\n\t\t\t\t\t\t<section class=\"elementor-section elementor-top-section elementor-element elementor-element-3cea0b7 elementor-section-boxed elementor-section-height-default elementor-section-height-default\" data-id=\"3cea0b7\" data-element_type=\"section\" data-e-type=\"section\">\n\t\t\t\t\t\t<div class=\"elementor-container elementor-column-gap-default\">\n\t\t\t\t\t<div class=\"elementor-column elementor-col-100 elementor-top-column elementor-element elementor-element-ae10a07\" data-id=\"ae10a07\" data-element_type=\"column\" data-e-type=\"column\">\n\t\t\t<div class=\"elementor-widget-wrap elementor-element-populated\">\n\t\t\t\t\t\t<div class=\"elementor-element elementor-element-9c18395 elementor-widget elementor-widget-heading\" data-id=\"9c18395\" data-element_type=\"widget\" data-e-type=\"widget\" data-widget_type=\"heading.default\">\n\t\t\t\t<div class=\"elementor-widget-container\">\n\t\t\t\t\t<h2 class=\"elementor-heading-title elementor-size-default\">B\u00e1sico de Pintura Industrial<\/h2>\t\t\t\t<\/div>\n\t\t\t\t<\/div>\n\t\t\t\t\t<\/div>\n\t\t<\/div>\n\t\t\t\t\t<\/div>\n\t\t<\/section>\n\t\t\t\t<section class=\"elementor-section elementor-top-section elementor-element elementor-element-6ddc12a elementor-section-boxed elementor-section-height-default elementor-section-height-default\" data-id=\"6ddc12a\" data-element_type=\"section\" data-e-type=\"section\">\n\t\t\t\t\t\t<div class=\"elementor-container elementor-column-gap-default\">\n\t\t\t\t\t<div class=\"elementor-column elementor-col-100 elementor-top-column elementor-element elementor-element-10c9e15\" data-id=\"10c9e15\" data-element_type=\"column\" data-e-type=\"column\">\n\t\t\t<div class=\"elementor-widget-wrap elementor-element-populated\">\n\t\t\t\t\t\t<div class=\"elementor-element elementor-element-5a6ee48 elementor-invisible elementor-widget elementor-widget-image\" data-id=\"5a6ee48\" data-element_type=\"widget\" data-e-type=\"widget\" data-settings=\"{&quot;_animation&quot;:&quot;zoomInDown&quot;}\" data-widget_type=\"image.default\">\n\t\t\t\t<div class=\"elementor-widget-container\">\n\t\t\t\t\t\t\t\t\t\t\t\t\t\t\t<img fetchpriority=\"high\" decoding=\"async\" data-attachment-id=\"5197\" data-permalink=\"https:\/\/www.somatick.com.br\/site\/treinamentos\/qualificacao-profissional\/basico-de-pintura-industrial\/basico-de-pintura-industrial-2\/\" data-orig-file=\"https:\/\/www.somatick.com.br\/site\/wp-content\/uploads\/2012\/10\/B\u00e1sico-de-pintura-industrial.jpg\" data-orig-size=\"901,202\" data-comments-opened=\"0\" data-image-meta=\"{&quot;aperture&quot;:&quot;0&quot;,&quot;credit&quot;:&quot;Diogo&quot;,&quot;camera&quot;:&quot;&quot;,&quot;caption&quot;:&quot;&quot;,&quot;created_timestamp&quot;:&quot;1395421242&quot;,&quot;copyright&quot;:&quot;&quot;,&quot;focal_length&quot;:&quot;0&quot;,&quot;iso&quot;:&quot;0&quot;,&quot;shutter_speed&quot;:&quot;0&quot;,&quot;title&quot;:&quot;&quot;}\" data-image-title=\"B\u00e1sico de pintura industrial\" data-image-description=\"\" data-image-caption=\"\" data-large-file=\"https:\/\/www.somatick.com.br\/site\/wp-content\/uploads\/2012\/10\/B\u00e1sico-de-pintura-industrial.jpg\" width=\"800\" height=\"179\" src=\"https:\/\/www.somatick.com.br\/site\/wp-content\/uploads\/2012\/10\/B\u00e1sico-de-pintura-industrial.jpg\" class=\"attachment-large size-large wp-image-5197\" alt=\"\" srcset=\"https:\/\/www.somatick.com.br\/site\/wp-content\/uploads\/2012\/10\/B\u00e1sico-de-pintura-industrial.jpg 901w, https:\/\/www.somatick.com.br\/site\/wp-content\/uploads\/2012\/10\/B\u00e1sico-de-pintura-industrial-300x67.jpg 300w, https:\/\/www.somatick.com.br\/site\/wp-content\/uploads\/2012\/10\/B\u00e1sico-de-pintura-industrial-900x201.jpg 900w\" sizes=\"(max-width: 800px) 100vw, 800px\" data-attachment-id=\"5197\" data-permalink=\"https:\/\/www.somatick.com.br\/site\/treinamentos\/qualificacao-profissional\/basico-de-pintura-industrial\/basico-de-pintura-industrial-2\/\" data-orig-file=\"https:\/\/www.somatick.com.br\/site\/wp-content\/uploads\/2012\/10\/B\u00e1sico-de-pintura-industrial.jpg\" data-orig-size=\"901,202\" data-comments-opened=\"0\" data-image-meta=\"{&quot;aperture&quot;:&quot;0&quot;,&quot;credit&quot;:&quot;Diogo&quot;,&quot;camera&quot;:&quot;&quot;,&quot;caption&quot;:&quot;&quot;,&quot;created_timestamp&quot;:&quot;1395421242&quot;,&quot;copyright&quot;:&quot;&quot;,&quot;focal_length&quot;:&quot;0&quot;,&quot;iso&quot;:&quot;0&quot;,&quot;shutter_speed&quot;:&quot;0&quot;,&quot;title&quot;:&quot;&quot;}\" data-image-title=\"B\u00e1sico de pintura industrial\" data-image-description=\"\" data-image-caption=\"\" data-large-file=\"https:\/\/www.somatick.com.br\/site\/wp-content\/uploads\/2012\/10\/B\u00e1sico-de-pintura-industrial.jpg\" \/>\t\t\t\t\t\t\t\t\t\t\t\t\t\t\t<\/div>\n\t\t\t\t<\/div>\n\t\t\t\t\t<\/div>\n\t\t<\/div>\n\t\t\t\t\t<\/div>\n\t\t<\/section>\n\t\t\t\t<section class=\"elementor-section elementor-top-section elementor-element elementor-element-10128eba elementor-section-boxed elementor-section-height-default elementor-section-height-default\" data-id=\"10128eba\" data-element_type=\"section\" data-e-type=\"section\">\n\t\t\t\t\t\t<div class=\"elementor-container elementor-column-gap-default\">\n\t\t\t\t\t<div class=\"elementor-column elementor-col-100 elementor-top-column elementor-element elementor-element-2c82b192\" data-id=\"2c82b192\" data-element_type=\"column\" data-e-type=\"column\">\n\t\t\t<div class=\"elementor-widget-wrap elementor-element-populated\">\n\t\t\t\t\t\t<div class=\"elementor-element elementor-element-5b7a29c7 elementor-widget elementor-widget-text-editor\" data-id=\"5b7a29c7\" data-element_type=\"widget\" data-e-type=\"widget\" data-widget_type=\"text-editor.default\">\n\t\t\t\t<div class=\"elementor-widget-container\">\n\t\t\t\t\t\t\t\t\t<p data-start=\"0\" data-end=\"10\"><strong>OBJETIVO<\/strong><\/p><p data-start=\"12\" data-end=\"273\">O treinamento capacita Pintores, Hidrojatistas, Jatistas de Abrasivos, Encarregados e Supervisores de Pintura Industrial, fornecendo suporte te\u00f3rico e pr\u00e1tico para a correta execu\u00e7\u00e3o dos servi\u00e7os de prepara\u00e7\u00e3o de superf\u00edcies e aplica\u00e7\u00e3o de tintas industriais.<\/p><p data-start=\"275\" data-end=\"606\">O curso aborda t\u00e9cnicas de tratamento de superf\u00edcies, inspe\u00e7\u00e3o visual, controle de contamina\u00e7\u00e3o, par\u00e2metros de aplica\u00e7\u00e3o, condi\u00e7\u00f5es ambientais, espessura de pel\u00edcula e crit\u00e9rios de qualidade, visando garantir conformidade com especifica\u00e7\u00f5es t\u00e9cnicas, aumento da durabilidade dos revestimentos e maior produtividade nas opera\u00e7\u00f5es.<\/p><p data-start=\"608\" data-end=\"746\">Tamb\u00e9m enfatiza boas pr\u00e1ticas de Seguran\u00e7a e Sa\u00fade no Trabalho, controle de riscos operacionais e redu\u00e7\u00e3o de retrabalhos e desperd\u00edcios.<\/p><hr \/><p data-start=\"749\" data-end=\"764\"><strong>CARGA HOR\u00c1RIA<\/strong><\/p><p data-start=\"766\" data-end=\"805\" data-is-last-node=\"\" data-is-only-node=\"\">Cursos com dura\u00e7\u00e3o de 10 h\/a ou 16 h\/a.<\/p>\t\t\t\t\t\t\t\t<\/div>\n\t\t\t\t<\/div>\n\t\t\t\t\t<\/div>\n\t\t<\/div>\n\t\t\t\t\t<\/div>\n\t\t<\/section>\n\t\t\t\t<section class=\"elementor-section elementor-top-section elementor-element elementor-element-3223cb8 elementor-section-boxed elementor-section-height-default elementor-section-height-default\" data-id=\"3223cb8\" data-element_type=\"section\" data-e-type=\"section\">\n\t\t\t\t\t\t<div class=\"elementor-container elementor-column-gap-default\">\n\t\t\t\t\t<div class=\"elementor-column elementor-col-50 elementor-top-column elementor-element elementor-element-b1c7022\" data-id=\"b1c7022\" data-element_type=\"column\" data-e-type=\"column\">\n\t\t\t<div class=\"elementor-widget-wrap elementor-element-populated\">\n\t\t\t\t\t\t<div class=\"elementor-element elementor-element-b0d3426 elementor-invisible elementor-widget elementor-widget-image\" data-id=\"b0d3426\" data-element_type=\"widget\" data-e-type=\"widget\" data-settings=\"{&quot;_animation&quot;:&quot;fadeInLeft&quot;}\" data-widget_type=\"image.default\">\n\t\t\t\t<div class=\"elementor-widget-container\">\n\t\t\t\t\t\t\t\t\t\t\t\t\t\t\t<img decoding=\"async\" data-attachment-id=\"13154\" data-permalink=\"https:\/\/www.somatick.com.br\/site\/treinamentos\/qualificacao-profissional\/basico-de-pintura-industrial\/typeelementorsiteurlhttpswww-somatick-com-brsitewp-jsonelementsid1336dabeltypesectionisinnerfalseislockedfalsesettingsstructure20_titlelayoutboxedcontent_widthunitpxsizesiz-17\/\" data-orig-file=\"https:\/\/www.somatick.com.br\/site\/wp-content\/uploads\/2026\/03\/typeelementorsiteurlhttpswww.somatick.com_.brsitewp-jsonelementsid1336dabelTypesectionisInnerfalseisLockedfalsesettingsstructure20_titlelayoutboxedcontent_widthunitpxsizesiz-17.png\" data-orig-size=\"1000,1000\" data-comments-opened=\"0\" data-image-meta=\"{&quot;aperture&quot;:&quot;0&quot;,&quot;credit&quot;:&quot;&quot;,&quot;camera&quot;:&quot;&quot;,&quot;caption&quot;:&quot;&quot;,&quot;created_timestamp&quot;:&quot;0&quot;,&quot;copyright&quot;:&quot;&quot;,&quot;focal_length&quot;:&quot;0&quot;,&quot;iso&quot;:&quot;0&quot;,&quot;shutter_speed&quot;:&quot;0&quot;,&quot;title&quot;:&quot;&quot;,&quot;orientation&quot;:&quot;0&quot;}\" data-image-title=\"{typeelementor,siteurlhttpswww.somatick.com.brsitewp-json,elements[{id1336dab,elTypesection,isInnerfalse,isLockedfalse,settings{structure20,_title,layoutboxed,content_width{unitpx,size,siz (17)\" data-image-description=\"\" data-image-caption=\"\" data-large-file=\"https:\/\/www.somatick.com.br\/site\/wp-content\/uploads\/2026\/03\/typeelementorsiteurlhttpswww.somatick.com_.brsitewp-jsonelementsid1336dabelTypesectionisInnerfalseisLockedfalsesettingsstructure20_titlelayoutboxedcontent_widthunitpxsizesiz-17.png\" width=\"800\" height=\"800\" src=\"https:\/\/www.somatick.com.br\/site\/wp-content\/uploads\/2026\/03\/typeelementorsiteurlhttpswww.somatick.com_.brsitewp-jsonelementsid1336dabelTypesectionisInnerfalseisLockedfalsesettingsstructure20_titlelayoutboxedcontent_widthunitpxsizesiz-17.png\" class=\"attachment-large size-large wp-image-13154\" alt=\"\" srcset=\"https:\/\/www.somatick.com.br\/site\/wp-content\/uploads\/2026\/03\/typeelementorsiteurlhttpswww.somatick.com_.brsitewp-jsonelementsid1336dabelTypesectionisInnerfalseisLockedfalsesettingsstructure20_titlelayoutboxedcontent_widthunitpxsizesiz-17.png 1000w, https:\/\/www.somatick.com.br\/site\/wp-content\/uploads\/2026\/03\/typeelementorsiteurlhttpswww.somatick.com_.brsitewp-jsonelementsid1336dabelTypesectionisInnerfalseisLockedfalsesettingsstructure20_titlelayoutboxedcontent_widthunitpxsizesiz-17-300x300.png 300w, https:\/\/www.somatick.com.br\/site\/wp-content\/uploads\/2026\/03\/typeelementorsiteurlhttpswww.somatick.com_.brsitewp-jsonelementsid1336dabelTypesectionisInnerfalseisLockedfalsesettingsstructure20_titlelayoutboxedcontent_widthunitpxsizesiz-17-150x150.png 150w, https:\/\/www.somatick.com.br\/site\/wp-content\/uploads\/2026\/03\/typeelementorsiteurlhttpswww.somatick.com_.brsitewp-jsonelementsid1336dabelTypesectionisInnerfalseisLockedfalsesettingsstructure20_titlelayoutboxedcontent_widthunitpxsizesiz-17-768x768.png 768w\" sizes=\"(max-width: 800px) 100vw, 800px\" data-attachment-id=\"13154\" data-permalink=\"https:\/\/www.somatick.com.br\/site\/treinamentos\/qualificacao-profissional\/basico-de-pintura-industrial\/typeelementorsiteurlhttpswww-somatick-com-brsitewp-jsonelementsid1336dabeltypesectionisinnerfalseislockedfalsesettingsstructure20_titlelayoutboxedcontent_widthunitpxsizesiz-17\/\" data-orig-file=\"https:\/\/www.somatick.com.br\/site\/wp-content\/uploads\/2026\/03\/typeelementorsiteurlhttpswww.somatick.com_.brsitewp-jsonelementsid1336dabelTypesectionisInnerfalseisLockedfalsesettingsstructure20_titlelayoutboxedcontent_widthunitpxsizesiz-17.png\" data-orig-size=\"1000,1000\" data-comments-opened=\"0\" data-image-meta=\"{&quot;aperture&quot;:&quot;0&quot;,&quot;credit&quot;:&quot;&quot;,&quot;camera&quot;:&quot;&quot;,&quot;caption&quot;:&quot;&quot;,&quot;created_timestamp&quot;:&quot;0&quot;,&quot;copyright&quot;:&quot;&quot;,&quot;focal_length&quot;:&quot;0&quot;,&quot;iso&quot;:&quot;0&quot;,&quot;shutter_speed&quot;:&quot;0&quot;,&quot;title&quot;:&quot;&quot;,&quot;orientation&quot;:&quot;0&quot;}\" data-image-title=\"{typeelementor,siteurlhttpswww.somatick.com.brsitewp-json,elements[{id1336dab,elTypesection,isInnerfalse,isLockedfalse,settings{structure20,_title,layoutboxed,content_width{unitpx,size,siz (17)\" data-image-description=\"\" data-image-caption=\"\" data-large-file=\"https:\/\/www.somatick.com.br\/site\/wp-content\/uploads\/2026\/03\/typeelementorsiteurlhttpswww.somatick.com_.brsitewp-jsonelementsid1336dabelTypesectionisInnerfalseisLockedfalsesettingsstructure20_titlelayoutboxedcontent_widthunitpxsizesiz-17.png\" \/>\t\t\t\t\t\t\t\t\t\t\t\t\t\t\t<\/div>\n\t\t\t\t<\/div>\n\t\t\t\t\t<\/div>\n\t\t<\/div>\n\t\t\t\t<div class=\"elementor-column elementor-col-50 elementor-top-column elementor-element elementor-element-471acb3\" data-id=\"471acb3\" data-element_type=\"column\" data-e-type=\"column\">\n\t\t\t<div class=\"elementor-widget-wrap elementor-element-populated\">\n\t\t\t\t\t\t<div class=\"elementor-element elementor-element-3b25eb5 elementor-invisible elementor-widget elementor-widget-text-editor\" data-id=\"3b25eb5\" data-element_type=\"widget\" data-e-type=\"widget\" data-settings=\"{&quot;_animation&quot;:&quot;fadeInRight&quot;}\" data-widget_type=\"text-editor.default\">\n\t\t\t\t<div class=\"elementor-widget-container\">\n\t\t\t\t\t\t\t\t\t<h4 id=\"por-que-fazer-capacitao-em-espaos-confinados-nr-33\" class=\"font-editorial font-bold mb-2 mt-4 [.has-inline-images_&amp;]:clear-end text-lg first:mt-0 md:text-lg [hr+&amp;]:mt-4\">Por Que Fazer Treinamento de B\u00e1sico de Pintura Industrial?<\/h4><p data-start=\"0\" data-end=\"287\">Fazer o treinamento B\u00e1sico de Pintura Industrial \u00e9 essencial para capacitar profissionais a executar atividades de prepara\u00e7\u00e3o de superf\u00edcies, aplica\u00e7\u00e3o de tintas e prote\u00e7\u00e3o de estruturas, garantindo qualidade no servi\u00e7o, durabilidade dos materiais e seguran\u00e7a durante o trabalho. A pintura industrial \u00e9 amplamente utilizada em ind\u00fastrias, estruturas met\u00e1licas, equipamentos, tubula\u00e7\u00f5es e instala\u00e7\u00f5es offshore, tendo como principal objetivo proteger superf\u00edcies contra corros\u00e3o, desgaste e agentes ambientais.<\/p><p data-start=\"523\" data-end=\"783\"><strong>Prote\u00e7\u00e3o contra corros\u00e3o e desgaste:<\/strong> O treinamento ensina a import\u00e2ncia dos sistemas de pintura para proteger estruturas met\u00e1licas contra corros\u00e3o, umidade, produtos qu\u00edmicos e intemp\u00e9ries, aumentando a vida \u00fatil de equipamentos e instala\u00e7\u00f5es industriais.<\/p><p data-start=\"785\" data-end=\"1065\"><strong>Conhecimento sobre materiais e produtos:<\/strong> Durante o treinamento, os profissionais aprendem sobre tipos de tintas industriais, solventes, primers, catalisadores e m\u00e9todos de aplica\u00e7\u00e3o, garantindo que cada produto seja utilizado corretamente conforme as especifica\u00e7\u00f5es t\u00e9cnicas.<\/p><p data-start=\"1067\" data-end=\"1354\"><strong>Prepara\u00e7\u00e3o adequada da superf\u00edcie:<\/strong> Uma das etapas mais importantes da pintura industrial \u00e9 a prepara\u00e7\u00e3o da superf\u00edcie, que pode incluir limpeza, lixamento ou jateamento. O treinamento orienta sobre as t\u00e9cnicas corretas para garantir a ader\u00eancia da tinta e a qualidade do acabamento.<\/p>\t\t\t\t\t\t\t\t<\/div>\n\t\t\t\t<\/div>\n\t\t\t\t\t<\/div>\n\t\t<\/div>\n\t\t\t\t\t<\/div>\n\t\t<\/section>\n\t\t\t\t<section class=\"elementor-section elementor-top-section elementor-element elementor-element-bc00dfb elementor-section-boxed elementor-section-height-default elementor-section-height-default\" data-id=\"bc00dfb\" data-element_type=\"section\" data-e-type=\"section\" data-settings=\"{&quot;background_background&quot;:&quot;gradient&quot;,&quot;shape_divider_top&quot;:&quot;mountains&quot;}\">\n\t\t\t\t\t<div class=\"elementor-shape elementor-shape-top\" aria-hidden=\"true\" data-negative=\"false\">\n\t\t\t<svg xmlns=\"http:\/\/www.w3.org\/2000\/svg\" viewBox=\"0 0 1000 100\" preserveAspectRatio=\"none\">\n\t<path class=\"elementor-shape-fill\" opacity=\"0.33\" d=\"M473,67.3c-203.9,88.3-263.1-34-320.3,0C66,119.1,0,59.7,0,59.7V0h1000v59.7 c0,0-62.1,26.1-94.9,29.3c-32.8,3.3-62.8-12.3-75.8-22.1C806,49.6,745.3,8.7,694.9,4.7S492.4,59,473,67.3z\"\/>\n\t<path class=\"elementor-shape-fill\" opacity=\"0.66\" d=\"M734,67.3c-45.5,0-77.2-23.2-129.1-39.1c-28.6-8.7-150.3-10.1-254,39.1 s-91.7-34.4-149.2,0C115.7,118.3,0,39.8,0,39.8V0h1000v36.5c0,0-28.2-18.5-92.1-18.5C810.2,18.1,775.7,67.3,734,67.3z\"\/>\n\t<path class=\"elementor-shape-fill\" d=\"M766.1,28.9c-200-57.5-266,65.5-395.1,19.5C242,1.8,242,5.4,184.8,20.6C128,35.8,132.3,44.9,89.9,52.5C28.6,63.7,0,0,0,0 h1000c0,0-9.9,40.9-83.6,48.1S829.6,47,766.1,28.9z\"\/>\n<\/svg>\t\t<\/div>\n\t\t\t\t\t<div class=\"elementor-container elementor-column-gap-default\">\n\t\t\t\t\t<div class=\"elementor-column elementor-col-100 elementor-top-column elementor-element elementor-element-0f47c03\" data-id=\"0f47c03\" data-element_type=\"column\" data-e-type=\"column\">\n\t\t\t<div class=\"elementor-widget-wrap elementor-element-populated\">\n\t\t\t\t\t\t<div class=\"elementor-element elementor-element-8a88c15 elementor-widget elementor-widget-html\" data-id=\"8a88c15\" data-element_type=\"widget\" data-e-type=\"widget\" data-widget_type=\"html.default\">\n\t\t\t\t<div class=\"elementor-widget-container\">\n\t\t\t\t\t<style>\r\n.somatick-form {\r\n    max-width: 800px;\r\n    width: 100%;\r\n    margin: 40px auto;\r\n    padding: 40px;\r\n    background: #f4f6f9;\r\n    border-radius: 12px;\r\n    font-family: Arial, sans-serif;\r\n    box-shadow: 0 5px 20px rgba(0,0,0,0.08);\r\n    box-sizing: border-box;\r\n}\r\n\r\n.somatick-form h2 {\r\n    text-align: center;\r\n    margin-bottom: 25px;\r\n    color: #0c2d57;\r\n}\r\n\r\n.somatick-form label {\r\n    font-weight: bold;\r\n    display: block;\r\n    margin-top: 15px;\r\n    margin-bottom: 5px;\r\n}\r\n\r\n.somatick-form input,\r\n.somatick-form select,\r\n.somatick-form textarea {\r\n    width: 100%;\r\n    padding: 12px;\r\n    border-radius: 6px;\r\n    border: 1px solid #ccc;\r\n    font-size: 15px;\r\n    box-sizing: border-box;\r\n}\r\n\r\n.somatick-form textarea {\r\n    resize: vertical;\r\n    min-height: 120px;\r\n}\r\n\r\n.somatick-form button {\r\n    margin-top: 20px;\r\n    width: 100%;\r\n    padding: 14px;\r\n    background-color: #25D366;\r\n    color: #fff;\r\n    border: none;\r\n    border-radius: 8px;\r\n    font-size: 16px;\r\n    cursor: pointer;\r\n    transition: 0.3s;\r\n}\r\n\r\n.somatick-form button:hover {\r\n    background-color: #1ebe5d;\r\n}\r\n\r\n\/* \ud83d\udd25 AJUSTE ESPEC\u00cdFICO PARA CELULAR *\/\r\n@media (max-width: 100vwpx) {\r\n\r\n    .somatick-form {\r\n        width: 1000vw;\r\n        max-width: 100vw;\r\n        margin: 0;\r\n        border-radius: 0;\r\n        padding: 25px 20px;\r\n    }\r\n\r\n}\r\n<\/style>\r\n\r\n<div class=\"somatick-form\">\r\n    <h2>Solicite um Treinamento<\/h2>\r\n\r\n    <form id=\"whatsappForm\">\r\n        \r\n        <label>Nome Completo<\/label>\r\n        <input type=\"text\" id=\"nome\" required>\r\n\r\n        <label>Empresa<\/label>\r\n        <input type=\"text\" id=\"empresa\">\r\n\r\n        <label>E-mail<\/label>\r\n        <input type=\"email\" id=\"email\" required>\r\n\r\n        <label>Telefone<\/label>\r\n        <input type=\"tel\" id=\"telefone\">\r\n\r\n        <label>Treinamento de Interesse<\/label>\r\n        <select id=\"curso\" required>\r\n            <option value=\"\">Selecione<\/option>\r\n            <option>Movimenta\u00e7\u00e3o de cargas<\/option>\r\n            <option>NRs<\/option>\r\n            <option>SMS<\/option>\r\n            <option>Cursos profissionalizantes<\/option>\r\n            <option>Treinamento Offshore<\/option>\r\n            <option>Outro<\/option>\r\n        <\/select>\r\n\r\n        <label>Mensagem<\/label>\r\n        <textarea id=\"mensagem\"><\/textarea>\r\n\r\n        <button type=\"submit\">Enviar pelo WhatsApp<\/button>\r\n\r\n    <\/form>\r\n<\/div>\r\n\r\n<script>\r\ndocument.getElementById(\"whatsappForm\").addEventListener(\"submit\", function(e) {\r\n    e.preventDefault();\r\n\r\n    var nome = document.getElementById(\"nome\").value;\r\n    var empresa = document.getElementById(\"empresa\").value;\r\n    var email = document.getElementById(\"email\").value;\r\n    var telefone = document.getElementById(\"telefone\").value;\r\n    var curso = document.getElementById(\"curso\").value;\r\n    var mensagem = document.getElementById(\"mensagem\").value;\r\n\r\n    var texto = \r\n    \"*Solicita\u00e7\u00e3o de Treinamento - Site Somatick* %0A%0A\" +\r\n    \"Nome: \" + nome + \"%0A\" +\r\n    \"Empresa: \" + empresa + \"%0A\" +\r\n    \"E-mail: \" + email + \"%0A\" +\r\n    \"Telefone: \" + telefone + \"%0A\" +\r\n    \"Treinamento: \" + curso + \"%0A%0A\" +\r\n    \"Mensagem: \" + mensagem;\r\n\r\n    var numero = \"5522981375447\"; \/\/ \ud83d\udd34 COLOQUE AQUI O WHATSAPP DA SOMATICK COM DDI E DDD\r\n\r\n    var url = \"https:\/\/wa.me\/\" + numero + \"?text=\" + texto;\r\n\r\n    window.open(url, '_blank');\r\n});\r\n<\/script>\r\n\t\t\t\t<\/div>\n\t\t\t\t<\/div>\n\t\t\t\t\t<\/div>\n\t\t<\/div>\n\t\t\t\t\t<\/div>\n\t\t<\/section>\n\t\t\t\t<\/div>\n\t\t","protected":false},"excerpt":{"rendered":"<p>B\u00e1sico de Pintura Industrial &lt;img width=&#8221;800&#8243; height=&#8221;179&#8243; src=&#8221;http:\/\/www.somatick.com.br\/site\/wp-content\/uploads\/2012\/10\/B\u00e1sico-de-pintura-industrial.jpg&#8221; alt=&#8221;&#8221; srcset=&#8221;https:\/\/www.somatick.com.br\/site\/wp-content\/uploads\/2012\/10\/B\u00e1sico-de-pintura-industrial.jpg 901w, https:\/\/www.somatick.com.br\/site\/wp-content\/uploads\/2012\/10\/B\u00e1sico-de-pintura-industrial-300&#215;67.jpg 300w, https:\/\/www.somatick.com.br\/site\/wp-content\/uploads\/2012\/10\/B\u00e1sico-de-pintura-industrial-900&#215;201.jpg 900w&#8221; sizes=&#8221;(max-width: 800px) 100vw, 800px&#8221; \/&gt; &lt;p data-start=&#8221;0&#8243; data-end=&#8221;10&#8243;&gt;&lt;strong&gt;OBJETIVO&lt;\/strong&gt;&lt;\/p&gt;&lt;p data-start=&#8221;12&#8243; data-end=&#8221;273&#8243;&gt;O treinamento capacita Pintores, Hidrojatistas, Jatistas de Abrasivos, Encarregados e Supervisores de Pintura Industrial, fornecendo suporte te\u00f3rico e pr\u00e1tico para a correta execu\u00e7\u00e3o dos servi\u00e7os de prepara\u00e7\u00e3o de superf\u00edcies e aplica\u00e7\u00e3o [&hellip;]<\/p>\n","protected":false},"author":1,"featured_media":0,"parent":1088,"menu_order":2,"comment_status":"closed","ping_status":"closed","template":"","meta":{"_joinchat":[],"footnotes":""},"class_list":["post-1111","page","type-page","status-publish","hentry"],"jetpack_shortlink":"https:\/\/wp.me\/Ph7gUA-hV","jetpack-related-posts":[],"jetpack_sharing_enabled":true,"_links":{"self":[{"href":"https:\/\/www.somatick.com.br\/site\/wp-json\/wp\/v2\/pages\/1111","targetHints":{"allow":["GET"]}}],"collection":[{"href":"https:\/\/www.somatick.com.br\/site\/wp-json\/wp\/v2\/pages"}],"about":[{"href":"https:\/\/www.somatick.com.br\/site\/wp-json\/wp\/v2\/types\/page"}],"author":[{"embeddable":true,"href":"https:\/\/www.somatick.com.br\/site\/wp-json\/wp\/v2\/users\/1"}],"replies":[{"embeddable":true,"href":"https:\/\/www.somatick.com.br\/site\/wp-json\/wp\/v2\/comments?post=1111"}],"version-history":[{"count":38,"href":"https:\/\/www.somatick.com.br\/site\/wp-json\/wp\/v2\/pages\/1111\/revisions"}],"predecessor-version":[{"id":13157,"href":"https:\/\/www.somatick.com.br\/site\/wp-json\/wp\/v2\/pages\/1111\/revisions\/13157"}],"up":[{"embeddable":true,"href":"https:\/\/www.somatick.com.br\/site\/wp-json\/wp\/v2\/pages\/1088"}],"wp:attachment":[{"href":"https:\/\/www.somatick.com.br\/site\/wp-json\/wp\/v2\/media?parent=1111"}],"curies":[{"name":"wp","href":"https:\/\/api.w.org\/{rel}","templated":true}]}}