{"id":1061,"date":"2012-10-24T10:33:18","date_gmt":"2012-10-24T13:33:18","guid":{"rendered":"http:\/\/www.somatick.com.br\/?page_id=1061"},"modified":"2026-03-12T10:02:37","modified_gmt":"2026-03-12T13:02:37","slug":"operador-de-guincho-pull-in-pull-out","status":"publish","type":"page","link":"https:\/\/www.somatick.com.br\/site\/treinamentos\/sms-cargas-operacao-com-equipamentos\/operador-de-guincho-pull-in-pull-out\/","title":{"rendered":"Operador de Guincho Pull In \/ Pull Out"},"content":{"rendered":"\t\t<div data-elementor-type=\"wp-page\" data-elementor-id=\"1061\" class=\"elementor elementor-1061\">\n\t\t\t\t\t\t<section class=\"elementor-section elementor-top-section elementor-element elementor-element-08238bf elementor-section-boxed elementor-section-height-default elementor-section-height-default\" data-id=\"08238bf\" data-element_type=\"section\" data-e-type=\"section\">\n\t\t\t\t\t\t<div class=\"elementor-container elementor-column-gap-default\">\n\t\t\t\t\t<div class=\"elementor-column elementor-col-100 elementor-top-column elementor-element elementor-element-b32b048\" data-id=\"b32b048\" data-element_type=\"column\" data-e-type=\"column\">\n\t\t\t<div class=\"elementor-widget-wrap elementor-element-populated\">\n\t\t\t\t\t\t<div class=\"elementor-element elementor-element-7b9ebd5 elementor-widget elementor-widget-heading\" data-id=\"7b9ebd5\" data-element_type=\"widget\" data-e-type=\"widget\" data-widget_type=\"heading.default\">\n\t\t\t\t<div class=\"elementor-widget-container\">\n\t\t\t\t\t<h2 class=\"elementor-heading-title elementor-size-default\">Operador de Guincho Pull In \/ Pull Out<\/h2>\t\t\t\t<\/div>\n\t\t\t\t<\/div>\n\t\t\t\t\t<\/div>\n\t\t<\/div>\n\t\t\t\t\t<\/div>\n\t\t<\/section>\n\t\t\t\t<section class=\"elementor-section elementor-top-section elementor-element elementor-element-1de6cbf elementor-section-boxed elementor-section-height-default elementor-section-height-default\" data-id=\"1de6cbf\" data-element_type=\"section\" data-e-type=\"section\">\n\t\t\t\t\t\t<div class=\"elementor-container elementor-column-gap-default\">\n\t\t\t\t\t<div class=\"elementor-column elementor-col-100 elementor-top-column elementor-element elementor-element-b112dbe\" data-id=\"b112dbe\" data-element_type=\"column\" data-e-type=\"column\">\n\t\t\t<div class=\"elementor-widget-wrap elementor-element-populated\">\n\t\t\t\t\t\t<div class=\"elementor-element elementor-element-c4acd16 elementor-invisible elementor-widget elementor-widget-image\" data-id=\"c4acd16\" data-element_type=\"widget\" data-e-type=\"widget\" data-settings=\"{&quot;_animation&quot;:&quot;zoomInDown&quot;}\" data-widget_type=\"image.default\">\n\t\t\t\t<div class=\"elementor-widget-container\">\n\t\t\t\t\t\t\t\t\t\t\t\t\t\t\t<img fetchpriority=\"high\" decoding=\"async\" data-attachment-id=\"5266\" data-permalink=\"https:\/\/www.somatick.com.br\/site\/treinamentos\/sms-cargas-operacao-com-equipamentos\/operador-de-guincho-pull-in-pull-out\/operador-de-guincho-pull-in-pull-out-2\/\" data-orig-file=\"https:\/\/www.somatick.com.br\/site\/wp-content\/uploads\/2012\/10\/Operador-de-Guincho-Pull-In-Pull-Out.jpg\" data-orig-size=\"901,202\" data-comments-opened=\"0\" data-image-meta=\"{&quot;aperture&quot;:&quot;0&quot;,&quot;credit&quot;:&quot;Diogo&quot;,&quot;camera&quot;:&quot;&quot;,&quot;caption&quot;:&quot;&quot;,&quot;created_timestamp&quot;:&quot;1395670688&quot;,&quot;copyright&quot;:&quot;&quot;,&quot;focal_length&quot;:&quot;0&quot;,&quot;iso&quot;:&quot;0&quot;,&quot;shutter_speed&quot;:&quot;0&quot;,&quot;title&quot;:&quot;&quot;}\" data-image-title=\"Operador de Guincho Pull In Pull Out\" data-image-description=\"\" data-image-caption=\"\" data-large-file=\"https:\/\/www.somatick.com.br\/site\/wp-content\/uploads\/2012\/10\/Operador-de-Guincho-Pull-In-Pull-Out.jpg\" width=\"800\" height=\"179\" src=\"https:\/\/www.somatick.com.br\/site\/wp-content\/uploads\/2012\/10\/Operador-de-Guincho-Pull-In-Pull-Out.jpg\" class=\"attachment-large size-large wp-image-5266\" alt=\"\" srcset=\"https:\/\/www.somatick.com.br\/site\/wp-content\/uploads\/2012\/10\/Operador-de-Guincho-Pull-In-Pull-Out.jpg 901w, https:\/\/www.somatick.com.br\/site\/wp-content\/uploads\/2012\/10\/Operador-de-Guincho-Pull-In-Pull-Out-300x67.jpg 300w, https:\/\/www.somatick.com.br\/site\/wp-content\/uploads\/2012\/10\/Operador-de-Guincho-Pull-In-Pull-Out-900x201.jpg 900w\" sizes=\"(max-width: 800px) 100vw, 800px\" data-attachment-id=\"5266\" data-permalink=\"https:\/\/www.somatick.com.br\/site\/treinamentos\/sms-cargas-operacao-com-equipamentos\/operador-de-guincho-pull-in-pull-out\/operador-de-guincho-pull-in-pull-out-2\/\" data-orig-file=\"https:\/\/www.somatick.com.br\/site\/wp-content\/uploads\/2012\/10\/Operador-de-Guincho-Pull-In-Pull-Out.jpg\" data-orig-size=\"901,202\" data-comments-opened=\"0\" data-image-meta=\"{&quot;aperture&quot;:&quot;0&quot;,&quot;credit&quot;:&quot;Diogo&quot;,&quot;camera&quot;:&quot;&quot;,&quot;caption&quot;:&quot;&quot;,&quot;created_timestamp&quot;:&quot;1395670688&quot;,&quot;copyright&quot;:&quot;&quot;,&quot;focal_length&quot;:&quot;0&quot;,&quot;iso&quot;:&quot;0&quot;,&quot;shutter_speed&quot;:&quot;0&quot;,&quot;title&quot;:&quot;&quot;}\" data-image-title=\"Operador de Guincho Pull In Pull Out\" data-image-description=\"\" data-image-caption=\"\" data-large-file=\"https:\/\/www.somatick.com.br\/site\/wp-content\/uploads\/2012\/10\/Operador-de-Guincho-Pull-In-Pull-Out.jpg\" \/>\t\t\t\t\t\t\t\t\t\t\t\t\t\t\t<\/div>\n\t\t\t\t<\/div>\n\t\t\t\t\t<\/div>\n\t\t<\/div>\n\t\t\t\t\t<\/div>\n\t\t<\/section>\n\t\t\t\t<section class=\"elementor-section elementor-top-section elementor-element elementor-element-65c22887 elementor-section-boxed elementor-section-height-default elementor-section-height-default\" data-id=\"65c22887\" data-element_type=\"section\" data-e-type=\"section\">\n\t\t\t\t\t\t<div class=\"elementor-container elementor-column-gap-default\">\n\t\t\t\t\t<div class=\"elementor-column elementor-col-100 elementor-top-column elementor-element elementor-element-7bf8486e\" data-id=\"7bf8486e\" data-element_type=\"column\" data-e-type=\"column\">\n\t\t\t<div class=\"elementor-widget-wrap elementor-element-populated\">\n\t\t\t\t\t\t<div class=\"elementor-element elementor-element-4d960cbb elementor-widget elementor-widget-text-editor\" data-id=\"4d960cbb\" data-element_type=\"widget\" data-e-type=\"widget\" data-widget_type=\"text-editor.default\">\n\t\t\t\t<div class=\"elementor-widget-container\">\n\t\t\t\t\t\t\t\t\t<address><p data-start=\"102\" data-end=\"123\"><strong data-start=\"102\" data-end=\"123\">OBJETIVO DO CURSO<\/strong><\/p><p data-start=\"125\" data-end=\"352\">Capacitar profissionais para a realiza\u00e7\u00e3o segura e eficiente de opera\u00e7\u00f5es de Pull In \/ Pull Out, envolvendo a utiliza\u00e7\u00e3o de guinchos, desenvolvendo compet\u00eancias t\u00e9cnicas para planejamento, execu\u00e7\u00e3o e controle dessas atividades.<\/p><p data-start=\"354\" data-end=\"614\">O curso aborda procedimentos operacionais padronizados, inspe\u00e7\u00e3o pr\u00e9 e p\u00f3s-operacional, crit\u00e9rios de manuten\u00e7\u00e3o e conserva\u00e7\u00e3o dos equipamentos, an\u00e1lise de riscos, comunica\u00e7\u00e3o operacional e medidas preventivas aplic\u00e1veis \u00e0s opera\u00e7\u00f5es com tracionamento mec\u00e2nico.<\/p><p data-start=\"616\" data-end=\"810\">Visa uniformizar pr\u00e1ticas de trabalho, refor\u00e7ar a disciplina operacional e garantir a integridade f\u00edsica dos trabalhadores, a seguran\u00e7a das cargas e a confiabilidade dos equipamentos utilizados.<\/p><hr data-start=\"812\" data-end=\"815\" \/><p data-start=\"817\" data-end=\"834\"><strong data-start=\"817\" data-end=\"834\">CARGA HOR\u00c1RIA<\/strong><\/p><p data-start=\"836\" data-end=\"865\">Carga Hor\u00e1ria: 12 horas\/aula.<\/p><\/address><p><!--:--><\/p>\t\t\t\t\t\t\t\t<\/div>\n\t\t\t\t<\/div>\n\t\t\t\t\t<\/div>\n\t\t<\/div>\n\t\t\t\t\t<\/div>\n\t\t<\/section>\n\t\t\t\t<section class=\"elementor-section elementor-top-section elementor-element elementor-element-e3b169c elementor-section-boxed elementor-section-height-default elementor-section-height-default\" data-id=\"e3b169c\" data-element_type=\"section\" data-e-type=\"section\">\n\t\t\t\t\t\t<div class=\"elementor-container elementor-column-gap-default\">\n\t\t\t\t\t<div class=\"elementor-column elementor-col-50 elementor-top-column elementor-element elementor-element-e82523a\" data-id=\"e82523a\" data-element_type=\"column\" data-e-type=\"column\">\n\t\t\t<div class=\"elementor-widget-wrap elementor-element-populated\">\n\t\t\t\t\t\t<div class=\"elementor-element elementor-element-32bdeb6 elementor-invisible elementor-widget elementor-widget-image\" data-id=\"32bdeb6\" data-element_type=\"widget\" data-e-type=\"widget\" data-settings=\"{&quot;_animation&quot;:&quot;fadeInLeft&quot;}\" data-widget_type=\"image.default\">\n\t\t\t\t<div class=\"elementor-widget-container\">\n\t\t\t\t\t\t\t\t\t\t\t\t\t\t\t<img decoding=\"async\" data-attachment-id=\"13080\" data-permalink=\"https:\/\/www.somatick.com.br\/site\/treinamentos\/sms-cargas-operacao-com-equipamentos\/operador-de-guincho-pull-in-pull-out\/typeelementorsiteurlhttpswww-somatick-com-brsitewp-jsonelementsid1336dabeltypesectionisinnerfalseislockedfalsesettingsstructure20_titlelayoutboxedcontent_widthunitpxsizesiz-3\/\" data-orig-file=\"https:\/\/www.somatick.com.br\/site\/wp-content\/uploads\/2026\/03\/typeelementorsiteurlhttpswww.somatick.com_.brsitewp-jsonelementsid1336dabelTypesectionisInnerfalseisLockedfalsesettingsstructure20_titlelayoutboxedcontent_widthunitpxsizesiz-3.png\" data-orig-size=\"1000,1000\" data-comments-opened=\"0\" data-image-meta=\"{&quot;aperture&quot;:&quot;0&quot;,&quot;credit&quot;:&quot;&quot;,&quot;camera&quot;:&quot;&quot;,&quot;caption&quot;:&quot;&quot;,&quot;created_timestamp&quot;:&quot;0&quot;,&quot;copyright&quot;:&quot;&quot;,&quot;focal_length&quot;:&quot;0&quot;,&quot;iso&quot;:&quot;0&quot;,&quot;shutter_speed&quot;:&quot;0&quot;,&quot;title&quot;:&quot;&quot;,&quot;orientation&quot;:&quot;0&quot;}\" data-image-title=\"guincho-pull-in\" data-image-description=\"\" data-image-caption=\"\" data-large-file=\"https:\/\/www.somatick.com.br\/site\/wp-content\/uploads\/2026\/03\/typeelementorsiteurlhttpswww.somatick.com_.brsitewp-jsonelementsid1336dabelTypesectionisInnerfalseisLockedfalsesettingsstructure20_titlelayoutboxedcontent_widthunitpxsizesiz-3.png\" width=\"800\" height=\"800\" src=\"https:\/\/www.somatick.com.br\/site\/wp-content\/uploads\/2026\/03\/typeelementorsiteurlhttpswww.somatick.com_.brsitewp-jsonelementsid1336dabelTypesectionisInnerfalseisLockedfalsesettingsstructure20_titlelayoutboxedcontent_widthunitpxsizesiz-3.png\" class=\"attachment-large size-large wp-image-13080\" alt=\"\" srcset=\"https:\/\/www.somatick.com.br\/site\/wp-content\/uploads\/2026\/03\/typeelementorsiteurlhttpswww.somatick.com_.brsitewp-jsonelementsid1336dabelTypesectionisInnerfalseisLockedfalsesettingsstructure20_titlelayoutboxedcontent_widthunitpxsizesiz-3.png 1000w, https:\/\/www.somatick.com.br\/site\/wp-content\/uploads\/2026\/03\/typeelementorsiteurlhttpswww.somatick.com_.brsitewp-jsonelementsid1336dabelTypesectionisInnerfalseisLockedfalsesettingsstructure20_titlelayoutboxedcontent_widthunitpxsizesiz-3-300x300.png 300w, https:\/\/www.somatick.com.br\/site\/wp-content\/uploads\/2026\/03\/typeelementorsiteurlhttpswww.somatick.com_.brsitewp-jsonelementsid1336dabelTypesectionisInnerfalseisLockedfalsesettingsstructure20_titlelayoutboxedcontent_widthunitpxsizesiz-3-150x150.png 150w, https:\/\/www.somatick.com.br\/site\/wp-content\/uploads\/2026\/03\/typeelementorsiteurlhttpswww.somatick.com_.brsitewp-jsonelementsid1336dabelTypesectionisInnerfalseisLockedfalsesettingsstructure20_titlelayoutboxedcontent_widthunitpxsizesiz-3-768x768.png 768w\" sizes=\"(max-width: 800px) 100vw, 800px\" data-attachment-id=\"13080\" data-permalink=\"https:\/\/www.somatick.com.br\/site\/treinamentos\/sms-cargas-operacao-com-equipamentos\/operador-de-guincho-pull-in-pull-out\/typeelementorsiteurlhttpswww-somatick-com-brsitewp-jsonelementsid1336dabeltypesectionisinnerfalseislockedfalsesettingsstructure20_titlelayoutboxedcontent_widthunitpxsizesiz-3\/\" data-orig-file=\"https:\/\/www.somatick.com.br\/site\/wp-content\/uploads\/2026\/03\/typeelementorsiteurlhttpswww.somatick.com_.brsitewp-jsonelementsid1336dabelTypesectionisInnerfalseisLockedfalsesettingsstructure20_titlelayoutboxedcontent_widthunitpxsizesiz-3.png\" data-orig-size=\"1000,1000\" data-comments-opened=\"0\" data-image-meta=\"{&quot;aperture&quot;:&quot;0&quot;,&quot;credit&quot;:&quot;&quot;,&quot;camera&quot;:&quot;&quot;,&quot;caption&quot;:&quot;&quot;,&quot;created_timestamp&quot;:&quot;0&quot;,&quot;copyright&quot;:&quot;&quot;,&quot;focal_length&quot;:&quot;0&quot;,&quot;iso&quot;:&quot;0&quot;,&quot;shutter_speed&quot;:&quot;0&quot;,&quot;title&quot;:&quot;&quot;,&quot;orientation&quot;:&quot;0&quot;}\" data-image-title=\"guincho-pull-in\" data-image-description=\"\" data-image-caption=\"\" data-large-file=\"https:\/\/www.somatick.com.br\/site\/wp-content\/uploads\/2026\/03\/typeelementorsiteurlhttpswww.somatick.com_.brsitewp-jsonelementsid1336dabelTypesectionisInnerfalseisLockedfalsesettingsstructure20_titlelayoutboxedcontent_widthunitpxsizesiz-3.png\" \/>\t\t\t\t\t\t\t\t\t\t\t\t\t\t\t<\/div>\n\t\t\t\t<\/div>\n\t\t\t\t\t<\/div>\n\t\t<\/div>\n\t\t\t\t<div class=\"elementor-column elementor-col-50 elementor-top-column elementor-element elementor-element-05e4218\" data-id=\"05e4218\" data-element_type=\"column\" data-e-type=\"column\">\n\t\t\t<div class=\"elementor-widget-wrap elementor-element-populated\">\n\t\t\t\t\t\t<div class=\"elementor-element elementor-element-0cea0d6 elementor-invisible elementor-widget elementor-widget-text-editor\" data-id=\"0cea0d6\" data-element_type=\"widget\" data-e-type=\"widget\" data-settings=\"{&quot;_animation&quot;:&quot;fadeInRight&quot;}\" data-widget_type=\"text-editor.default\">\n\t\t\t\t<div class=\"elementor-widget-container\">\n\t\t\t\t\t\t\t\t\t<h4 id=\"por-que-fazer-capacitao-em-espaos-confinados-nr-33\" class=\"font-editorial font-bold mb-2 mt-4 [.has-inline-images_&amp;]:clear-end text-lg first:mt-0 md:text-lg [hr+&amp;]:mt-4\">Por Que Fazer Treinamento de Operador de Guincho Pull In \/ Pull Out?<\/h4><p class=\"my-2 [&amp;+p]:mt-4 [&amp;_strong:has(+br)]:inline-block [&amp;_strong:has(+br)]:pb-2\">Fazer o treinamento de Operador de Guincho Pull In \/ Pull Out \u00e9 fundamental para garantir a seguran\u00e7a, efici\u00eancia e controle das opera\u00e7\u00f5es de movimenta\u00e7\u00e3o e posicionamento de equipamentos e estruturas, especialmente em ambientes industriais e offshore.<\/p><h5 class=\"font-editorial font-bold mb-2 mt-4 [.has-inline-images_&amp;]:clear-end text-base first:mt-0\">Maior efici\u00eancia e confiabilidade das opera\u00e7\u00f5es<\/h5><p data-start=\"468\" data-end=\"819\"><strong>Seguran\u00e7a nas opera\u00e7\u00f5es:<\/strong> As opera\u00e7\u00f5es com guinchos envolvem grandes esfor\u00e7os mec\u00e2nicos e movimenta\u00e7\u00e3o de cargas pesadas, podendo causar acidentes graves caso sejam executadas de forma inadequada. O treinamento capacita o operador a compreender os limites do equipamento, identificar riscos e aplicar procedimentos seguros durante toda a opera\u00e7\u00e3o.<\/p><p data-start=\"821\" data-end=\"1109\"><strong>Controle adequado da movimenta\u00e7\u00e3o:<\/strong> O treinamento ensina t\u00e9cnicas para controlar a tra\u00e7\u00e3o do guincho, a velocidade de movimenta\u00e7\u00e3o e o alinhamento da carga, evitando movimentos bruscos, desalinhamentos ou esfor\u00e7os excessivos que possam causar falhas no sistema ou danos \u00e0s estruturas.<\/p><p data-start=\"1111\" data-end=\"1451\"><strong>Preven\u00e7\u00e3o de acidentes e falhas operacionais:<\/strong> A utiliza\u00e7\u00e3o incorreta do guincho pode provocar rompimento de cabos, deslocamento inesperado da carga, danos a equipamentos e risco aos trabalhadores envolvidos na opera\u00e7\u00e3o. O treinamento orienta sobre inspe\u00e7\u00e3o do equipamento, comunica\u00e7\u00e3o com a equipe e procedimentos corretos de opera\u00e7\u00e3o.<\/p>\t\t\t\t\t\t\t\t<\/div>\n\t\t\t\t<\/div>\n\t\t\t\t\t<\/div>\n\t\t<\/div>\n\t\t\t\t\t<\/div>\n\t\t<\/section>\n\t\t\t\t<section class=\"elementor-section elementor-top-section elementor-element elementor-element-eb45099 elementor-section-boxed elementor-section-height-default elementor-section-height-default\" data-id=\"eb45099\" data-element_type=\"section\" data-e-type=\"section\" data-settings=\"{&quot;background_background&quot;:&quot;gradient&quot;,&quot;shape_divider_top&quot;:&quot;mountains&quot;}\">\n\t\t\t\t\t<div class=\"elementor-shape elementor-shape-top\" aria-hidden=\"true\" data-negative=\"false\">\n\t\t\t<svg xmlns=\"http:\/\/www.w3.org\/2000\/svg\" viewBox=\"0 0 1000 100\" preserveAspectRatio=\"none\">\n\t<path class=\"elementor-shape-fill\" opacity=\"0.33\" d=\"M473,67.3c-203.9,88.3-263.1-34-320.3,0C66,119.1,0,59.7,0,59.7V0h1000v59.7 c0,0-62.1,26.1-94.9,29.3c-32.8,3.3-62.8-12.3-75.8-22.1C806,49.6,745.3,8.7,694.9,4.7S492.4,59,473,67.3z\"\/>\n\t<path class=\"elementor-shape-fill\" opacity=\"0.66\" d=\"M734,67.3c-45.5,0-77.2-23.2-129.1-39.1c-28.6-8.7-150.3-10.1-254,39.1 s-91.7-34.4-149.2,0C115.7,118.3,0,39.8,0,39.8V0h1000v36.5c0,0-28.2-18.5-92.1-18.5C810.2,18.1,775.7,67.3,734,67.3z\"\/>\n\t<path class=\"elementor-shape-fill\" d=\"M766.1,28.9c-200-57.5-266,65.5-395.1,19.5C242,1.8,242,5.4,184.8,20.6C128,35.8,132.3,44.9,89.9,52.5C28.6,63.7,0,0,0,0 h1000c0,0-9.9,40.9-83.6,48.1S829.6,47,766.1,28.9z\"\/>\n<\/svg>\t\t<\/div>\n\t\t\t\t\t<div class=\"elementor-container elementor-column-gap-default\">\n\t\t\t\t\t<div class=\"elementor-column elementor-col-100 elementor-top-column elementor-element elementor-element-130975d\" data-id=\"130975d\" data-element_type=\"column\" data-e-type=\"column\">\n\t\t\t<div class=\"elementor-widget-wrap elementor-element-populated\">\n\t\t\t\t\t\t<div class=\"elementor-element elementor-element-c911924 elementor-widget elementor-widget-html\" data-id=\"c911924\" data-element_type=\"widget\" data-e-type=\"widget\" data-widget_type=\"html.default\">\n\t\t\t\t<div class=\"elementor-widget-container\">\n\t\t\t\t\t<style>\r\n.somatick-form {\r\n    max-width: 800px;\r\n    width: 100%;\r\n    margin: 40px auto;\r\n    padding: 40px;\r\n    background: #f4f6f9;\r\n    border-radius: 12px;\r\n    font-family: Arial, sans-serif;\r\n    box-shadow: 0 5px 20px rgba(0,0,0,0.08);\r\n    box-sizing: border-box;\r\n}\r\n\r\n.somatick-form h2 {\r\n    text-align: center;\r\n    margin-bottom: 25px;\r\n    color: #0c2d57;\r\n}\r\n\r\n.somatick-form label {\r\n    font-weight: bold;\r\n    display: block;\r\n    margin-top: 15px;\r\n    margin-bottom: 5px;\r\n}\r\n\r\n.somatick-form input,\r\n.somatick-form select,\r\n.somatick-form textarea {\r\n    width: 100%;\r\n    padding: 12px;\r\n    border-radius: 6px;\r\n    border: 1px solid #ccc;\r\n    font-size: 15px;\r\n    box-sizing: border-box;\r\n}\r\n\r\n.somatick-form textarea {\r\n    resize: vertical;\r\n    min-height: 120px;\r\n}\r\n\r\n.somatick-form button {\r\n    margin-top: 20px;\r\n    width: 100%;\r\n    padding: 14px;\r\n    background-color: #25D366;\r\n    color: #fff;\r\n    border: none;\r\n    border-radius: 8px;\r\n    font-size: 16px;\r\n    cursor: pointer;\r\n    transition: 0.3s;\r\n}\r\n\r\n.somatick-form button:hover {\r\n    background-color: #1ebe5d;\r\n}\r\n\r\n\/* \ud83d\udd25 AJUSTE ESPEC\u00cdFICO PARA CELULAR *\/\r\n@media (max-width: 100vwpx) {\r\n\r\n    .somatick-form {\r\n        width: 1000vw;\r\n        max-width: 100vw;\r\n        margin: 0;\r\n        border-radius: 0;\r\n        padding: 25px 20px;\r\n    }\r\n\r\n}\r\n<\/style>\r\n\r\n<div class=\"somatick-form\">\r\n    <h2>Solicite um Treinamento<\/h2>\r\n\r\n    <form id=\"whatsappForm\">\r\n        \r\n        <label>Nome Completo<\/label>\r\n        <input type=\"text\" id=\"nome\" required>\r\n\r\n        <label>Empresa<\/label>\r\n        <input type=\"text\" id=\"empresa\">\r\n\r\n        <label>E-mail<\/label>\r\n        <input type=\"email\" id=\"email\" required>\r\n\r\n        <label>Telefone<\/label>\r\n        <input type=\"tel\" id=\"telefone\">\r\n\r\n        <label>Treinamento de Interesse<\/label>\r\n        <select id=\"curso\" required>\r\n            <option value=\"\">Selecione<\/option>\r\n            <option>Movimenta\u00e7\u00e3o de cargas<\/option>\r\n            <option>NRs<\/option>\r\n            <option>SMS<\/option>\r\n            <option>Cursos profissionalizantes<\/option>\r\n            <option>Treinamento Offshore<\/option>\r\n            <option>Outro<\/option>\r\n        <\/select>\r\n\r\n        <label>Mensagem<\/label>\r\n        <textarea id=\"mensagem\"><\/textarea>\r\n\r\n        <button type=\"submit\">Enviar pelo WhatsApp<\/button>\r\n\r\n    <\/form>\r\n<\/div>\r\n\r\n<script>\r\ndocument.getElementById(\"whatsappForm\").addEventListener(\"submit\", function(e) {\r\n    e.preventDefault();\r\n\r\n    var nome = document.getElementById(\"nome\").value;\r\n    var empresa = document.getElementById(\"empresa\").value;\r\n    var email = document.getElementById(\"email\").value;\r\n    var telefone = document.getElementById(\"telefone\").value;\r\n    var curso = document.getElementById(\"curso\").value;\r\n    var mensagem = document.getElementById(\"mensagem\").value;\r\n\r\n    var texto = \r\n    \"*Solicita\u00e7\u00e3o de Treinamento - Site Somatick* %0A%0A\" +\r\n    \"Nome: \" + nome + \"%0A\" +\r\n    \"Empresa: \" + empresa + \"%0A\" +\r\n    \"E-mail: \" + email + \"%0A\" +\r\n    \"Telefone: \" + telefone + \"%0A\" +\r\n    \"Treinamento: \" + curso + \"%0A%0A\" +\r\n    \"Mensagem: \" + mensagem;\r\n\r\n    var numero = \"5522981375447\"; \/\/ \ud83d\udd34 COLOQUE AQUI O WHATSAPP DA SOMATICK COM DDI E DDD\r\n\r\n    var url = \"https:\/\/wa.me\/\" + numero + \"?text=\" + texto;\r\n\r\n    window.open(url, '_blank');\r\n});\r\n<\/script>\r\n\t\t\t\t<\/div>\n\t\t\t\t<\/div>\n\t\t\t\t\t<\/div>\n\t\t<\/div>\n\t\t\t\t\t<\/div>\n\t\t<\/section>\n\t\t\t\t<\/div>\n\t\t","protected":false},"excerpt":{"rendered":"<p>Operador de Guincho Pull In \/ Pull Out &lt;img width=&#8221;800&#8243; height=&#8221;179&#8243; src=&#8221;http:\/\/www.somatick.com.br\/site\/wp-content\/uploads\/2012\/10\/Operador-de-Guincho-Pull-In-Pull-Out.jpg&#8221; alt=&#8221;&#8221; srcset=&#8221;https:\/\/www.somatick.com.br\/site\/wp-content\/uploads\/2012\/10\/Operador-de-Guincho-Pull-In-Pull-Out.jpg 901w, https:\/\/www.somatick.com.br\/site\/wp-content\/uploads\/2012\/10\/Operador-de-Guincho-Pull-In-Pull-Out-300&#215;67.jpg 300w, https:\/\/www.somatick.com.br\/site\/wp-content\/uploads\/2012\/10\/Operador-de-Guincho-Pull-In-Pull-Out-900&#215;201.jpg 900w&#8221; sizes=&#8221;(max-width: 800px) 100vw, 800px&#8221; \/&gt; &lt;address&gt;&lt;p data-start=&#8221;102&#8243; data-end=&#8221;123&#8243;&gt;&lt;strong data-start=&#8221;102&#8243; data-end=&#8221;123&#8243;&gt;OBJETIVO DO CURSO&lt;\/strong&gt;&lt;\/p&gt;&lt;p data-start=&#8221;125&#8243; data-end=&#8221;352&#8243;&gt;Capacitar profissionais para a realiza\u00e7\u00e3o segura e eficiente de opera\u00e7\u00f5es de Pull In \/ Pull Out, envolvendo a utiliza\u00e7\u00e3o de guinchos, desenvolvendo compet\u00eancias [&hellip;]<\/p>\n","protected":false},"author":1,"featured_media":0,"parent":1019,"menu_order":2,"comment_status":"closed","ping_status":"closed","template":"","meta":{"_joinchat":[],"footnotes":""},"class_list":["post-1061","page","type-page","status-publish","hentry"],"jetpack_shortlink":"https:\/\/wp.me\/Ph7gUA-h7","jetpack-related-posts":[],"jetpack_sharing_enabled":true,"_links":{"self":[{"href":"https:\/\/www.somatick.com.br\/site\/wp-json\/wp\/v2\/pages\/1061","targetHints":{"allow":["GET"]}}],"collection":[{"href":"https:\/\/www.somatick.com.br\/site\/wp-json\/wp\/v2\/pages"}],"about":[{"href":"https:\/\/www.somatick.com.br\/site\/wp-json\/wp\/v2\/types\/page"}],"author":[{"embeddable":true,"href":"https:\/\/www.somatick.com.br\/site\/wp-json\/wp\/v2\/users\/1"}],"replies":[{"embeddable":true,"href":"https:\/\/www.somatick.com.br\/site\/wp-json\/wp\/v2\/comments?post=1061"}],"version-history":[{"count":44,"href":"https:\/\/www.somatick.com.br\/site\/wp-json\/wp\/v2\/pages\/1061\/revisions"}],"predecessor-version":[{"id":13087,"href":"https:\/\/www.somatick.com.br\/site\/wp-json\/wp\/v2\/pages\/1061\/revisions\/13087"}],"up":[{"embeddable":true,"href":"https:\/\/www.somatick.com.br\/site\/wp-json\/wp\/v2\/pages\/1019"}],"wp:attachment":[{"href":"https:\/\/www.somatick.com.br\/site\/wp-json\/wp\/v2\/media?parent=1061"}],"curies":[{"name":"wp","href":"https:\/\/api.w.org\/{rel}","templated":true}]}}