{"id":1052,"date":"2012-10-24T10:11:05","date_gmt":"2012-10-24T13:11:05","guid":{"rendered":"http:\/\/www.somatick.com.br\/?page_id=1052"},"modified":"2026-03-12T10:31:59","modified_gmt":"2026-03-12T13:31:59","slug":"operador-de-guindauto-munck","status":"publish","type":"page","link":"https:\/\/www.somatick.com.br\/site\/treinamentos\/sms-cargas-operacao-com-equipamentos\/operador-de-guindauto-munck\/","title":{"rendered":"Operador de Guindauto (Munck)"},"content":{"rendered":"\t\t<div data-elementor-type=\"wp-page\" data-elementor-id=\"1052\" class=\"elementor elementor-1052\">\n\t\t\t\t\t\t<section class=\"elementor-section elementor-top-section elementor-element elementor-element-6d15165 elementor-section-boxed elementor-section-height-default elementor-section-height-default\" data-id=\"6d15165\" data-element_type=\"section\" data-e-type=\"section\">\n\t\t\t\t\t\t<div class=\"elementor-container elementor-column-gap-default\">\n\t\t\t\t\t<div class=\"elementor-column elementor-col-100 elementor-top-column elementor-element elementor-element-8d1c1ac\" data-id=\"8d1c1ac\" data-element_type=\"column\" data-e-type=\"column\">\n\t\t\t<div class=\"elementor-widget-wrap elementor-element-populated\">\n\t\t\t\t\t\t<div class=\"elementor-element elementor-element-534d69d elementor-widget elementor-widget-heading\" data-id=\"534d69d\" data-element_type=\"widget\" data-e-type=\"widget\" data-widget_type=\"heading.default\">\n\t\t\t\t<div class=\"elementor-widget-container\">\n\t\t\t\t\t<h2 class=\"elementor-heading-title elementor-size-default\">Operador de Guindauto (Munck)<\/h2>\t\t\t\t<\/div>\n\t\t\t\t<\/div>\n\t\t\t\t\t<\/div>\n\t\t<\/div>\n\t\t\t\t\t<\/div>\n\t\t<\/section>\n\t\t\t\t<section class=\"elementor-section elementor-top-section elementor-element elementor-element-beeda12 elementor-section-boxed elementor-section-height-default elementor-section-height-default\" data-id=\"beeda12\" data-element_type=\"section\" data-e-type=\"section\">\n\t\t\t\t\t\t<div class=\"elementor-container elementor-column-gap-default\">\n\t\t\t\t\t<div class=\"elementor-column elementor-col-100 elementor-top-column elementor-element elementor-element-32d067b\" data-id=\"32d067b\" data-element_type=\"column\" data-e-type=\"column\">\n\t\t\t<div class=\"elementor-widget-wrap elementor-element-populated\">\n\t\t\t\t\t\t<div class=\"elementor-element elementor-element-afad984 elementor-invisible elementor-widget elementor-widget-image\" data-id=\"afad984\" data-element_type=\"widget\" data-e-type=\"widget\" data-settings=\"{&quot;_animation&quot;:&quot;zoomInDown&quot;}\" data-widget_type=\"image.default\">\n\t\t\t\t<div class=\"elementor-widget-container\">\n\t\t\t\t\t\t\t\t\t\t\t\t\t\t\t<img fetchpriority=\"high\" decoding=\"async\" data-attachment-id=\"5262\" data-permalink=\"https:\/\/www.somatick.com.br\/site\/treinamentos\/sms-cargas-operacao-com-equipamentos\/operador-de-guindauto-munck\/operador-de-guindauto-munck-2\/\" data-orig-file=\"https:\/\/www.somatick.com.br\/site\/wp-content\/uploads\/2012\/10\/Operador-de-Guindauto-Munck.jpg\" data-orig-size=\"901,202\" data-comments-opened=\"0\" data-image-meta=\"{&quot;aperture&quot;:&quot;0&quot;,&quot;credit&quot;:&quot;Diogo&quot;,&quot;camera&quot;:&quot;&quot;,&quot;caption&quot;:&quot;&quot;,&quot;created_timestamp&quot;:&quot;1395669748&quot;,&quot;copyright&quot;:&quot;&quot;,&quot;focal_length&quot;:&quot;0&quot;,&quot;iso&quot;:&quot;0&quot;,&quot;shutter_speed&quot;:&quot;0&quot;,&quot;title&quot;:&quot;&quot;}\" data-image-title=\"Operador de Guindauto (Munck)\" data-image-description=\"\" data-image-caption=\"\" data-large-file=\"https:\/\/www.somatick.com.br\/site\/wp-content\/uploads\/2012\/10\/Operador-de-Guindauto-Munck.jpg\" width=\"800\" height=\"179\" src=\"https:\/\/www.somatick.com.br\/site\/wp-content\/uploads\/2012\/10\/Operador-de-Guindauto-Munck.jpg\" class=\"attachment-large size-large wp-image-5262\" alt=\"\" srcset=\"https:\/\/www.somatick.com.br\/site\/wp-content\/uploads\/2012\/10\/Operador-de-Guindauto-Munck.jpg 901w, https:\/\/www.somatick.com.br\/site\/wp-content\/uploads\/2012\/10\/Operador-de-Guindauto-Munck-300x67.jpg 300w, https:\/\/www.somatick.com.br\/site\/wp-content\/uploads\/2012\/10\/Operador-de-Guindauto-Munck-900x201.jpg 900w\" sizes=\"(max-width: 800px) 100vw, 800px\" data-attachment-id=\"5262\" data-permalink=\"https:\/\/www.somatick.com.br\/site\/treinamentos\/sms-cargas-operacao-com-equipamentos\/operador-de-guindauto-munck\/operador-de-guindauto-munck-2\/\" data-orig-file=\"https:\/\/www.somatick.com.br\/site\/wp-content\/uploads\/2012\/10\/Operador-de-Guindauto-Munck.jpg\" data-orig-size=\"901,202\" data-comments-opened=\"0\" data-image-meta=\"{&quot;aperture&quot;:&quot;0&quot;,&quot;credit&quot;:&quot;Diogo&quot;,&quot;camera&quot;:&quot;&quot;,&quot;caption&quot;:&quot;&quot;,&quot;created_timestamp&quot;:&quot;1395669748&quot;,&quot;copyright&quot;:&quot;&quot;,&quot;focal_length&quot;:&quot;0&quot;,&quot;iso&quot;:&quot;0&quot;,&quot;shutter_speed&quot;:&quot;0&quot;,&quot;title&quot;:&quot;&quot;}\" data-image-title=\"Operador de Guindauto (Munck)\" data-image-description=\"\" data-image-caption=\"\" data-large-file=\"https:\/\/www.somatick.com.br\/site\/wp-content\/uploads\/2012\/10\/Operador-de-Guindauto-Munck.jpg\" \/>\t\t\t\t\t\t\t\t\t\t\t\t\t\t\t<\/div>\n\t\t\t\t<\/div>\n\t\t\t\t\t<\/div>\n\t\t<\/div>\n\t\t\t\t\t<\/div>\n\t\t<\/section>\n\t\t\t\t<section class=\"elementor-section elementor-top-section elementor-element elementor-element-7d63835d elementor-section-boxed elementor-section-height-default elementor-section-height-default\" data-id=\"7d63835d\" data-element_type=\"section\" data-e-type=\"section\">\n\t\t\t\t\t\t<div class=\"elementor-container elementor-column-gap-default\">\n\t\t\t\t\t<div class=\"elementor-column elementor-col-100 elementor-top-column elementor-element elementor-element-43856907\" data-id=\"43856907\" data-element_type=\"column\" data-e-type=\"column\">\n\t\t\t<div class=\"elementor-widget-wrap elementor-element-populated\">\n\t\t\t\t\t\t<div class=\"elementor-element elementor-element-2eb3f9fb elementor-widget elementor-widget-text-editor\" data-id=\"2eb3f9fb\" data-element_type=\"widget\" data-e-type=\"widget\" data-widget_type=\"text-editor.default\">\n\t\t\t\t<div class=\"elementor-widget-container\">\n\t\t\t\t\t\t\t\t\t<address>\u00a0<\/address><p data-start=\"99\" data-end=\"120\"><strong data-start=\"99\" data-end=\"120\">OBJETIVO DO CURSO<\/strong><\/p><p data-start=\"122\" data-end=\"374\">Qualificar os participantes para a opera\u00e7\u00e3o segura e eficiente de eleva\u00e7\u00e3o e movimenta\u00e7\u00e3o de cargas utilizando caminh\u00e3o guindauto, em conformidade com os requisitos estabelecidos na NR-11 \u2013 Transporte, Movimenta\u00e7\u00e3o, Armazenagem e Manuseio de Materiais.<\/p><p data-start=\"376\" data-end=\"664\">O curso aborda princ\u00edpios de estabilidade e capacidade de carga, leitura de tabela de carga, inspe\u00e7\u00e3o pr\u00e9-operacional, t\u00e9cnicas de posicionamento do equipamento, utiliza\u00e7\u00e3o de acess\u00f3rios de i\u00e7amento, an\u00e1lise de riscos, sinaliza\u00e7\u00e3o, comunica\u00e7\u00e3o operacional e responsabilidades do operador.<\/p><p data-start=\"666\" data-end=\"823\">Visa promover a preven\u00e7\u00e3o de acidentes, a integridade das cargas, a seguran\u00e7a dos trabalhadores envolvidos na opera\u00e7\u00e3o e o cumprimento das normas aplic\u00e1veis.<\/p><hr data-start=\"825\" data-end=\"828\" \/><p data-start=\"830\" data-end=\"850\"><strong data-start=\"830\" data-end=\"850\">DURA\u00c7\u00c3O DO CURSO<\/strong><\/p><p data-start=\"852\" data-end=\"881\">Carga Hor\u00e1ria: 10 horas\/aula.<\/p><hr data-start=\"883\" data-end=\"886\" \/><p data-start=\"888\" data-end=\"903\"><strong data-start=\"888\" data-end=\"903\">METODOLOGIA<\/strong><\/p><p data-start=\"905\" data-end=\"1050\">Exposi\u00e7\u00e3o te\u00f3rica dialogada, aliada a exerc\u00edcios pr\u00e1ticos supervisionados, com simula\u00e7\u00e3o de opera\u00e7\u00f5es reais de eleva\u00e7\u00e3o e movimenta\u00e7\u00e3o de cargas.<\/p><hr data-start=\"1052\" data-end=\"1055\" \/><p data-start=\"1057\" data-end=\"1070\"><strong data-start=\"1057\" data-end=\"1070\">AVALIA\u00c7\u00c3O<\/strong><\/p><p data-start=\"1072\" data-end=\"1248\">A avalia\u00e7\u00e3o ser\u00e1 realizada por meio de exames escritos e exerc\u00edcios pr\u00e1ticos, visando verificar a assimila\u00e7\u00e3o dos conte\u00fados t\u00e9cnicos e a habilidade operacional do participante.<\/p><p>\u00a0<\/p><p><!--:--><\/p>\t\t\t\t\t\t\t\t<\/div>\n\t\t\t\t<\/div>\n\t\t\t\t\t<\/div>\n\t\t<\/div>\n\t\t\t\t\t<\/div>\n\t\t<\/section>\n\t\t\t\t<section class=\"elementor-section elementor-top-section elementor-element elementor-element-5de6e1e elementor-section-boxed elementor-section-height-default elementor-section-height-default\" data-id=\"5de6e1e\" data-element_type=\"section\" data-e-type=\"section\">\n\t\t\t\t\t\t<div class=\"elementor-container elementor-column-gap-default\">\n\t\t\t\t\t<div class=\"elementor-column elementor-col-50 elementor-top-column elementor-element elementor-element-61219e2\" data-id=\"61219e2\" data-element_type=\"column\" data-e-type=\"column\">\n\t\t\t<div class=\"elementor-widget-wrap elementor-element-populated\">\n\t\t\t\t\t\t<div class=\"elementor-element elementor-element-4bd3e4e elementor-invisible elementor-widget elementor-widget-image\" data-id=\"4bd3e4e\" data-element_type=\"widget\" data-e-type=\"widget\" data-settings=\"{&quot;_animation&quot;:&quot;fadeInLeft&quot;}\" data-widget_type=\"image.default\">\n\t\t\t\t<div class=\"elementor-widget-container\">\n\t\t\t\t\t\t\t\t\t\t\t\t\t\t\t<img decoding=\"async\" data-attachment-id=\"13094\" data-permalink=\"https:\/\/www.somatick.com.br\/site\/treinamentos\/sms-cargas-operacao-com-equipamentos\/operador-de-guindauto-munck\/typeelementorsiteurlhttpswww-somatick-com-brsitewp-jsonelementsid1336dabeltypesectionisinnerfalseislockedfalsesettingsstructure20_titlelayoutboxedcontent_widthunitpxsizesiz-6\/\" data-orig-file=\"https:\/\/www.somatick.com.br\/site\/wp-content\/uploads\/2026\/03\/typeelementorsiteurlhttpswww.somatick.com_.brsitewp-jsonelementsid1336dabelTypesectionisInnerfalseisLockedfalsesettingsstructure20_titlelayoutboxedcontent_widthunitpxsizesiz-6.png\" data-orig-size=\"1000,1000\" data-comments-opened=\"0\" data-image-meta=\"{&quot;aperture&quot;:&quot;0&quot;,&quot;credit&quot;:&quot;&quot;,&quot;camera&quot;:&quot;&quot;,&quot;caption&quot;:&quot;&quot;,&quot;created_timestamp&quot;:&quot;0&quot;,&quot;copyright&quot;:&quot;&quot;,&quot;focal_length&quot;:&quot;0&quot;,&quot;iso&quot;:&quot;0&quot;,&quot;shutter_speed&quot;:&quot;0&quot;,&quot;title&quot;:&quot;&quot;,&quot;orientation&quot;:&quot;0&quot;}\" data-image-title=\"guindauto\" data-image-description=\"\" data-image-caption=\"\" data-large-file=\"https:\/\/www.somatick.com.br\/site\/wp-content\/uploads\/2026\/03\/typeelementorsiteurlhttpswww.somatick.com_.brsitewp-jsonelementsid1336dabelTypesectionisInnerfalseisLockedfalsesettingsstructure20_titlelayoutboxedcontent_widthunitpxsizesiz-6.png\" width=\"800\" height=\"800\" src=\"https:\/\/www.somatick.com.br\/site\/wp-content\/uploads\/2026\/03\/typeelementorsiteurlhttpswww.somatick.com_.brsitewp-jsonelementsid1336dabelTypesectionisInnerfalseisLockedfalsesettingsstructure20_titlelayoutboxedcontent_widthunitpxsizesiz-6.png\" class=\"attachment-large size-large wp-image-13094\" alt=\"\" srcset=\"https:\/\/www.somatick.com.br\/site\/wp-content\/uploads\/2026\/03\/typeelementorsiteurlhttpswww.somatick.com_.brsitewp-jsonelementsid1336dabelTypesectionisInnerfalseisLockedfalsesettingsstructure20_titlelayoutboxedcontent_widthunitpxsizesiz-6.png 1000w, https:\/\/www.somatick.com.br\/site\/wp-content\/uploads\/2026\/03\/typeelementorsiteurlhttpswww.somatick.com_.brsitewp-jsonelementsid1336dabelTypesectionisInnerfalseisLockedfalsesettingsstructure20_titlelayoutboxedcontent_widthunitpxsizesiz-6-300x300.png 300w, https:\/\/www.somatick.com.br\/site\/wp-content\/uploads\/2026\/03\/typeelementorsiteurlhttpswww.somatick.com_.brsitewp-jsonelementsid1336dabelTypesectionisInnerfalseisLockedfalsesettingsstructure20_titlelayoutboxedcontent_widthunitpxsizesiz-6-150x150.png 150w, https:\/\/www.somatick.com.br\/site\/wp-content\/uploads\/2026\/03\/typeelementorsiteurlhttpswww.somatick.com_.brsitewp-jsonelementsid1336dabelTypesectionisInnerfalseisLockedfalsesettingsstructure20_titlelayoutboxedcontent_widthunitpxsizesiz-6-768x768.png 768w\" sizes=\"(max-width: 800px) 100vw, 800px\" data-attachment-id=\"13094\" data-permalink=\"https:\/\/www.somatick.com.br\/site\/treinamentos\/sms-cargas-operacao-com-equipamentos\/operador-de-guindauto-munck\/typeelementorsiteurlhttpswww-somatick-com-brsitewp-jsonelementsid1336dabeltypesectionisinnerfalseislockedfalsesettingsstructure20_titlelayoutboxedcontent_widthunitpxsizesiz-6\/\" data-orig-file=\"https:\/\/www.somatick.com.br\/site\/wp-content\/uploads\/2026\/03\/typeelementorsiteurlhttpswww.somatick.com_.brsitewp-jsonelementsid1336dabelTypesectionisInnerfalseisLockedfalsesettingsstructure20_titlelayoutboxedcontent_widthunitpxsizesiz-6.png\" data-orig-size=\"1000,1000\" data-comments-opened=\"0\" data-image-meta=\"{&quot;aperture&quot;:&quot;0&quot;,&quot;credit&quot;:&quot;&quot;,&quot;camera&quot;:&quot;&quot;,&quot;caption&quot;:&quot;&quot;,&quot;created_timestamp&quot;:&quot;0&quot;,&quot;copyright&quot;:&quot;&quot;,&quot;focal_length&quot;:&quot;0&quot;,&quot;iso&quot;:&quot;0&quot;,&quot;shutter_speed&quot;:&quot;0&quot;,&quot;title&quot;:&quot;&quot;,&quot;orientation&quot;:&quot;0&quot;}\" data-image-title=\"guindauto\" data-image-description=\"\" data-image-caption=\"\" data-large-file=\"https:\/\/www.somatick.com.br\/site\/wp-content\/uploads\/2026\/03\/typeelementorsiteurlhttpswww.somatick.com_.brsitewp-jsonelementsid1336dabelTypesectionisInnerfalseisLockedfalsesettingsstructure20_titlelayoutboxedcontent_widthunitpxsizesiz-6.png\" \/>\t\t\t\t\t\t\t\t\t\t\t\t\t\t\t<\/div>\n\t\t\t\t<\/div>\n\t\t\t\t\t<\/div>\n\t\t<\/div>\n\t\t\t\t<div class=\"elementor-column elementor-col-50 elementor-top-column elementor-element elementor-element-8b75253\" data-id=\"8b75253\" data-element_type=\"column\" data-e-type=\"column\">\n\t\t\t<div class=\"elementor-widget-wrap elementor-element-populated\">\n\t\t\t\t\t\t<div class=\"elementor-element elementor-element-b93a9ce elementor-invisible elementor-widget elementor-widget-text-editor\" data-id=\"b93a9ce\" data-element_type=\"widget\" data-e-type=\"widget\" data-settings=\"{&quot;_animation&quot;:&quot;fadeInRight&quot;}\" data-widget_type=\"text-editor.default\">\n\t\t\t\t<div class=\"elementor-widget-container\">\n\t\t\t\t\t\t\t\t\t<h4 id=\"por-que-fazer-capacitao-em-espaos-confinados-nr-33\" class=\"font-editorial font-bold mb-2 mt-4 [.has-inline-images_&amp;]:clear-end text-lg first:mt-0 md:text-lg [hr+&amp;]:mt-4\">Por Que Fazer Treinamento de Operador de Guindauto?<\/h4><article class=\"text-token-text-primary w-full focus:outline-none [--shadow-height:45px] has-data-writing-block:pointer-events-none has-data-writing-block:-mt-(--shadow-height) has-data-writing-block:pt-(--shadow-height) [&amp;:has([data-writing-block])&gt;*]:pointer-events-auto scroll-mt-(--header-height)\" dir=\"auto\" tabindex=\"-1\" data-turn-id=\"7bc30450-b59e-4085-a4c3-67feb60103b4\" data-testid=\"conversation-turn-13\" data-scroll-anchor=\"false\" data-turn=\"user\"><\/article><article class=\"text-token-text-primary w-full focus:outline-none [--shadow-height:45px] has-data-writing-block:pointer-events-none has-data-writing-block:-mt-(--shadow-height) has-data-writing-block:pt-(--shadow-height) [&amp;:has([data-writing-block])&gt;*]:pointer-events-auto scroll-mt-[calc(var(--header-height)+min(200px,max(70px,20svh)))]\" dir=\"auto\" tabindex=\"-1\" data-turn-id=\"request-WEB:392e08ef-e4b4-44e6-89be-973450de8ec1-12\" data-testid=\"conversation-turn-14\" data-scroll-anchor=\"true\" data-turn=\"assistant\"><div class=\"text-base my-auto mx-auto pb-10 [--thread-content-margin:var(--thread-content-margin-xs,calc(var(--spacing)*4))] @w-sm\/main:[--thread-content-margin:var(--thread-content-margin-sm,calc(var(--spacing)*6))] @w-lg\/main:[--thread-content-margin:var(--thread-content-margin-lg,calc(var(--spacing)*16))] px-(--thread-content-margin)\"><div class=\"[--thread-content-max-width:40rem] @w-lg\/main:[--thread-content-max-width:48rem] mx-auto max-w-(--thread-content-max-width) flex-1 group\/turn-messages focus-visible:outline-hidden relative flex w-full min-w-0 flex-col agent-turn\" tabindex=\"-1\"><div class=\"flex max-w-full flex-col gap-4 grow\"><div class=\"min-h-8 text-message relative flex w-full flex-col items-end gap-2 text-start break-words whitespace-normal [.text-message+&amp;]:mt-1\" dir=\"auto\" data-message-author-role=\"assistant\" data-message-id=\"3b1bdf87-0215-4709-9632-4955213aefd0\" data-message-model-slug=\"gpt-5-3\"><div class=\"flex w-full flex-col gap-1 empty:hidden\"><div class=\"markdown prose dark:prose-invert w-full wrap-break-word dark markdown-new-styling\"><p data-start=\"0\" data-end=\"244\">Fazer o treinamento de Operador de Guindauto \u00e9 essencial para garantir que as opera\u00e7\u00f5es de i\u00e7amento e movimenta\u00e7\u00e3o de cargas sejam realizadas com seguran\u00e7a, efici\u00eancia e controle t\u00e9cnico, reduzindo riscos de acidentes e danos materiais.<\/p><\/div><\/div><\/div><\/div><\/div><\/div><\/article><h5 class=\"font-editorial font-bold mb-2 mt-4 [.has-inline-images_&amp;]:clear-end text-base first:mt-0\">Capacita\u00e7\u00e3o \u00e9 importante pois<\/h5><p data-start=\"488\" data-end=\"852\"><strong>Seguran\u00e7a nas opera\u00e7\u00f5es:<\/strong> A opera\u00e7\u00e3o de guinchos envolve movimenta\u00e7\u00e3o de cargas pesadas e aplica\u00e7\u00e3o de grandes esfor\u00e7os mec\u00e2nicos, o que pode gerar riscos como queda de cargas, rompimento de cabos e colis\u00f5es. O treinamento ensina o operador a identificar riscos, seguir procedimentos seguros e utilizar corretamente os dispositivos de seguran\u00e7a do equipamento.<\/p><p data-start=\"854\" data-end=\"1149\"><strong>Uso correto do equipamento:<\/strong> O treinamento apresenta o funcionamento do guincho, seus componentes e sistemas de controle, permitindo que o operador compreenda capacidades de carga, limites operacionais, sistemas de frenagem e controle de velocidade, evitando o uso inadequado do equipamento.<\/p><p data-start=\"1151\" data-end=\"1466\"><strong>Preven\u00e7\u00e3o de acidentes e danos materiais:<\/strong> A opera\u00e7\u00e3o incorreta de guinchos pode causar acidentes graves, danos a estruturas, equipamentos e interrup\u00e7\u00f5es nas atividades da empresa. Profissionais capacitados sabem como realizar inspe\u00e7\u00f5es, verificar condi\u00e7\u00f5es do equipamento e executar as opera\u00e7\u00f5es com seguran\u00e7a.<\/p>\t\t\t\t\t\t\t\t<\/div>\n\t\t\t\t<\/div>\n\t\t\t\t\t<\/div>\n\t\t<\/div>\n\t\t\t\t\t<\/div>\n\t\t<\/section>\n\t\t\t\t<section class=\"elementor-section elementor-top-section elementor-element elementor-element-fd5f8cd elementor-section-boxed elementor-section-height-default elementor-section-height-default\" data-id=\"fd5f8cd\" data-element_type=\"section\" data-e-type=\"section\" data-settings=\"{&quot;background_background&quot;:&quot;gradient&quot;,&quot;shape_divider_top&quot;:&quot;mountains&quot;}\">\n\t\t\t\t\t<div class=\"elementor-shape elementor-shape-top\" aria-hidden=\"true\" data-negative=\"false\">\n\t\t\t<svg xmlns=\"http:\/\/www.w3.org\/2000\/svg\" viewBox=\"0 0 1000 100\" preserveAspectRatio=\"none\">\n\t<path class=\"elementor-shape-fill\" opacity=\"0.33\" d=\"M473,67.3c-203.9,88.3-263.1-34-320.3,0C66,119.1,0,59.7,0,59.7V0h1000v59.7 c0,0-62.1,26.1-94.9,29.3c-32.8,3.3-62.8-12.3-75.8-22.1C806,49.6,745.3,8.7,694.9,4.7S492.4,59,473,67.3z\"\/>\n\t<path class=\"elementor-shape-fill\" opacity=\"0.66\" d=\"M734,67.3c-45.5,0-77.2-23.2-129.1-39.1c-28.6-8.7-150.3-10.1-254,39.1 s-91.7-34.4-149.2,0C115.7,118.3,0,39.8,0,39.8V0h1000v36.5c0,0-28.2-18.5-92.1-18.5C810.2,18.1,775.7,67.3,734,67.3z\"\/>\n\t<path class=\"elementor-shape-fill\" d=\"M766.1,28.9c-200-57.5-266,65.5-395.1,19.5C242,1.8,242,5.4,184.8,20.6C128,35.8,132.3,44.9,89.9,52.5C28.6,63.7,0,0,0,0 h1000c0,0-9.9,40.9-83.6,48.1S829.6,47,766.1,28.9z\"\/>\n<\/svg>\t\t<\/div>\n\t\t\t\t\t<div class=\"elementor-container elementor-column-gap-default\">\n\t\t\t\t\t<div class=\"elementor-column elementor-col-100 elementor-top-column elementor-element elementor-element-a8dabe8\" data-id=\"a8dabe8\" data-element_type=\"column\" data-e-type=\"column\">\n\t\t\t<div class=\"elementor-widget-wrap elementor-element-populated\">\n\t\t\t\t\t\t<div class=\"elementor-element elementor-element-572498e elementor-widget elementor-widget-html\" data-id=\"572498e\" data-element_type=\"widget\" data-e-type=\"widget\" data-widget_type=\"html.default\">\n\t\t\t\t<div class=\"elementor-widget-container\">\n\t\t\t\t\t<style>\r\n.somatick-form {\r\n    max-width: 800px;\r\n    width: 100%;\r\n    margin: 40px auto;\r\n    padding: 40px;\r\n    background: #f4f6f9;\r\n    border-radius: 12px;\r\n    font-family: Arial, sans-serif;\r\n    box-shadow: 0 5px 20px rgba(0,0,0,0.08);\r\n    box-sizing: border-box;\r\n}\r\n\r\n.somatick-form h2 {\r\n    text-align: center;\r\n    margin-bottom: 25px;\r\n    color: #0c2d57;\r\n}\r\n\r\n.somatick-form label {\r\n    font-weight: bold;\r\n    display: block;\r\n    margin-top: 15px;\r\n    margin-bottom: 5px;\r\n}\r\n\r\n.somatick-form input,\r\n.somatick-form select,\r\n.somatick-form textarea {\r\n    width: 100%;\r\n    padding: 12px;\r\n    border-radius: 6px;\r\n    border: 1px solid #ccc;\r\n    font-size: 15px;\r\n    box-sizing: border-box;\r\n}\r\n\r\n.somatick-form textarea {\r\n    resize: vertical;\r\n    min-height: 120px;\r\n}\r\n\r\n.somatick-form button {\r\n    margin-top: 20px;\r\n    width: 100%;\r\n    padding: 14px;\r\n    background-color: #25D366;\r\n    color: #fff;\r\n    border: none;\r\n    border-radius: 8px;\r\n    font-size: 16px;\r\n    cursor: pointer;\r\n    transition: 0.3s;\r\n}\r\n\r\n.somatick-form button:hover {\r\n    background-color: #1ebe5d;\r\n}\r\n\r\n\/* \ud83d\udd25 AJUSTE ESPEC\u00cdFICO PARA CELULAR *\/\r\n@media (max-width: 100vwpx) {\r\n\r\n    .somatick-form {\r\n        width: 1000vw;\r\n        max-width: 100vw;\r\n        margin: 0;\r\n        border-radius: 0;\r\n        padding: 25px 20px;\r\n    }\r\n\r\n}\r\n<\/style>\r\n\r\n<div class=\"somatick-form\">\r\n    <h2>Solicite um Treinamento<\/h2>\r\n\r\n    <form id=\"whatsappForm\">\r\n        \r\n        <label>Nome Completo<\/label>\r\n        <input type=\"text\" id=\"nome\" required>\r\n\r\n        <label>Empresa<\/label>\r\n        <input type=\"text\" id=\"empresa\">\r\n\r\n        <label>E-mail<\/label>\r\n        <input type=\"email\" id=\"email\" required>\r\n\r\n        <label>Telefone<\/label>\r\n        <input type=\"tel\" id=\"telefone\">\r\n\r\n        <label>Treinamento de Interesse<\/label>\r\n        <select id=\"curso\" required>\r\n            <option value=\"\">Selecione<\/option>\r\n            <option>Movimenta\u00e7\u00e3o de cargas<\/option>\r\n            <option>NRs<\/option>\r\n            <option>SMS<\/option>\r\n            <option>Cursos profissionalizantes<\/option>\r\n            <option>Treinamento Offshore<\/option>\r\n            <option>Outro<\/option>\r\n        <\/select>\r\n\r\n        <label>Mensagem<\/label>\r\n        <textarea id=\"mensagem\"><\/textarea>\r\n\r\n        <button type=\"submit\">Enviar pelo WhatsApp<\/button>\r\n\r\n    <\/form>\r\n<\/div>\r\n\r\n<script>\r\ndocument.getElementById(\"whatsappForm\").addEventListener(\"submit\", function(e) {\r\n    e.preventDefault();\r\n\r\n    var nome = document.getElementById(\"nome\").value;\r\n    var empresa = document.getElementById(\"empresa\").value;\r\n    var email = document.getElementById(\"email\").value;\r\n    var telefone = document.getElementById(\"telefone\").value;\r\n    var curso = document.getElementById(\"curso\").value;\r\n    var mensagem = document.getElementById(\"mensagem\").value;\r\n\r\n    var texto = \r\n    \"*Solicita\u00e7\u00e3o de Treinamento - Site Somatick* %0A%0A\" +\r\n    \"Nome: \" + nome + \"%0A\" +\r\n    \"Empresa: \" + empresa + \"%0A\" +\r\n    \"E-mail: \" + email + \"%0A\" +\r\n    \"Telefone: \" + telefone + \"%0A\" +\r\n    \"Treinamento: \" + curso + \"%0A%0A\" +\r\n    \"Mensagem: \" + mensagem;\r\n\r\n    var numero = \"5522981375447\"; \/\/ \ud83d\udd34 COLOQUE AQUI O WHATSAPP DA SOMATICK COM DDI E DDD\r\n\r\n    var url = \"https:\/\/wa.me\/\" + numero + \"?text=\" + texto;\r\n\r\n    window.open(url, '_blank');\r\n});\r\n<\/script>\r\n\t\t\t\t<\/div>\n\t\t\t\t<\/div>\n\t\t\t\t\t<\/div>\n\t\t<\/div>\n\t\t\t\t\t<\/div>\n\t\t<\/section>\n\t\t\t\t<\/div>\n\t\t","protected":false},"excerpt":{"rendered":"<p>Operador de Guindauto (Munck) &lt;img width=&#8221;800&#8243; height=&#8221;179&#8243; src=&#8221;http:\/\/www.somatick.com.br\/site\/wp-content\/uploads\/2012\/10\/Operador-de-Guindauto-Munck.jpg&#8221; alt=&#8221;&#8221; srcset=&#8221;https:\/\/www.somatick.com.br\/site\/wp-content\/uploads\/2012\/10\/Operador-de-Guindauto-Munck.jpg 901w, https:\/\/www.somatick.com.br\/site\/wp-content\/uploads\/2012\/10\/Operador-de-Guindauto-Munck-300&#215;67.jpg 300w, https:\/\/www.somatick.com.br\/site\/wp-content\/uploads\/2012\/10\/Operador-de-Guindauto-Munck-900&#215;201.jpg 900w&#8221; sizes=&#8221;(max-width: 800px) 100vw, 800px&#8221; \/&gt; &lt;address&gt;\u00a0&lt;\/address&gt;&lt;p data-start=&#8221;99&#8243; data-end=&#8221;120&#8243;&gt;&lt;strong data-start=&#8221;99&#8243; data-end=&#8221;120&#8243;&gt;OBJETIVO DO CURSO&lt;\/strong&gt;&lt;\/p&gt;&lt;p data-start=&#8221;122&#8243; data-end=&#8221;374&#8243;&gt;Qualificar os participantes para a opera\u00e7\u00e3o segura e eficiente de eleva\u00e7\u00e3o e movimenta\u00e7\u00e3o de cargas utilizando caminh\u00e3o guindauto, em conformidade com os requisitos estabelecidos na NR-11 \u2013 [&hellip;]<\/p>\n","protected":false},"author":1,"featured_media":0,"parent":1019,"menu_order":3,"comment_status":"closed","ping_status":"closed","template":"","meta":{"_joinchat":[],"footnotes":""},"class_list":["post-1052","page","type-page","status-publish","hentry"],"jetpack_shortlink":"https:\/\/wp.me\/Ph7gUA-gY","jetpack-related-posts":[],"jetpack_sharing_enabled":true,"_links":{"self":[{"href":"https:\/\/www.somatick.com.br\/site\/wp-json\/wp\/v2\/pages\/1052","targetHints":{"allow":["GET"]}}],"collection":[{"href":"https:\/\/www.somatick.com.br\/site\/wp-json\/wp\/v2\/pages"}],"about":[{"href":"https:\/\/www.somatick.com.br\/site\/wp-json\/wp\/v2\/types\/page"}],"author":[{"embeddable":true,"href":"https:\/\/www.somatick.com.br\/site\/wp-json\/wp\/v2\/users\/1"}],"replies":[{"embeddable":true,"href":"https:\/\/www.somatick.com.br\/site\/wp-json\/wp\/v2\/comments?post=1052"}],"version-history":[{"count":38,"href":"https:\/\/www.somatick.com.br\/site\/wp-json\/wp\/v2\/pages\/1052\/revisions"}],"predecessor-version":[{"id":13097,"href":"https:\/\/www.somatick.com.br\/site\/wp-json\/wp\/v2\/pages\/1052\/revisions\/13097"}],"up":[{"embeddable":true,"href":"https:\/\/www.somatick.com.br\/site\/wp-json\/wp\/v2\/pages\/1019"}],"wp:attachment":[{"href":"https:\/\/www.somatick.com.br\/site\/wp-json\/wp\/v2\/media?parent=1052"}],"curies":[{"name":"wp","href":"https:\/\/api.w.org\/{rel}","templated":true}]}}