{"id":1032,"date":"2012-10-24T09:28:22","date_gmt":"2012-10-24T12:28:22","guid":{"rendered":"http:\/\/www.somatick.com.br\/?page_id=1032"},"modified":"2026-03-10T15:59:34","modified_gmt":"2026-03-10T18:59:34","slug":"plataformas-de-trabalho-aereo-nr-18","status":"publish","type":"page","link":"https:\/\/www.somatick.com.br\/site\/treinamentos\/sms-cargas-operacao-com-equipamentos\/plataformas-de-trabalho-aereo-nr-18\/","title":{"rendered":"PEMT (Plataforma Elevat\u00f3ria M\u00f3vel de Trabalho)"},"content":{"rendered":"\t\t<div data-elementor-type=\"wp-page\" data-elementor-id=\"1032\" class=\"elementor elementor-1032\">\n\t\t\t\t\t\t<section class=\"elementor-section elementor-top-section elementor-element elementor-element-f5e1568 elementor-section-boxed elementor-section-height-default elementor-section-height-default\" data-id=\"f5e1568\" data-element_type=\"section\" data-e-type=\"section\">\n\t\t\t\t\t\t<div class=\"elementor-container elementor-column-gap-default\">\n\t\t\t\t\t<div class=\"elementor-column elementor-col-100 elementor-top-column elementor-element elementor-element-4c6d0fc\" data-id=\"4c6d0fc\" data-element_type=\"column\" data-e-type=\"column\">\n\t\t\t<div class=\"elementor-widget-wrap elementor-element-populated\">\n\t\t\t\t\t\t<div class=\"elementor-element elementor-element-ff9e958 elementor-widget elementor-widget-heading\" data-id=\"ff9e958\" data-element_type=\"widget\" data-e-type=\"widget\" data-widget_type=\"heading.default\">\n\t\t\t\t<div class=\"elementor-widget-container\">\n\t\t\t\t\t<h2 class=\"elementor-heading-title elementor-size-default\"><span data-teams=\"true\"><strong>PEMT (Plataforma Elevat\u00f3ria M\u00f3vel de Trabalho)<\/strong><\/span><\/h2>\t\t\t\t<\/div>\n\t\t\t\t<\/div>\n\t\t\t\t\t<\/div>\n\t\t<\/div>\n\t\t\t\t\t<\/div>\n\t\t<\/section>\n\t\t\t\t<section class=\"elementor-section elementor-top-section elementor-element elementor-element-89812bc elementor-section-boxed elementor-section-height-default elementor-section-height-default\" data-id=\"89812bc\" data-element_type=\"section\" data-e-type=\"section\">\n\t\t\t\t\t\t<div class=\"elementor-container elementor-column-gap-default\">\n\t\t\t\t\t<div class=\"elementor-column elementor-col-100 elementor-top-column elementor-element elementor-element-73767f9\" data-id=\"73767f9\" data-element_type=\"column\" data-e-type=\"column\">\n\t\t\t<div class=\"elementor-widget-wrap elementor-element-populated\">\n\t\t\t\t\t\t<div class=\"elementor-element elementor-element-d7d567d elementor-invisible elementor-widget elementor-widget-image\" data-id=\"d7d567d\" data-element_type=\"widget\" data-e-type=\"widget\" data-settings=\"{&quot;_animation&quot;:&quot;zoomInDown&quot;}\" data-widget_type=\"image.default\">\n\t\t\t\t<div class=\"elementor-widget-container\">\n\t\t\t\t\t\t\t\t\t\t\t\t\t\t\t<img fetchpriority=\"high\" decoding=\"async\" data-attachment-id=\"5269\" data-permalink=\"https:\/\/www.somatick.com.br\/site\/treinamentos\/sms-cargas-operacao-com-equipamentos\/plataformas-de-trabalho-aereo-nr-18\/plataformas-de-trabalho-aereo-nr-18-2\/\" data-orig-file=\"https:\/\/www.somatick.com.br\/site\/wp-content\/uploads\/2012\/10\/Plataformas-de-trabalho-a\u00e9reo-NR-18.jpg\" data-orig-size=\"901,202\" data-comments-opened=\"0\" data-image-meta=\"{&quot;aperture&quot;:&quot;0&quot;,&quot;credit&quot;:&quot;Diogo&quot;,&quot;camera&quot;:&quot;&quot;,&quot;caption&quot;:&quot;&quot;,&quot;created_timestamp&quot;:&quot;1395671692&quot;,&quot;copyright&quot;:&quot;&quot;,&quot;focal_length&quot;:&quot;0&quot;,&quot;iso&quot;:&quot;0&quot;,&quot;shutter_speed&quot;:&quot;0&quot;,&quot;title&quot;:&quot;&quot;}\" data-image-title=\"Plataformas de trabalho a\u00e9reo NR-18\" data-image-description=\"\" data-image-caption=\"\" data-large-file=\"https:\/\/www.somatick.com.br\/site\/wp-content\/uploads\/2012\/10\/Plataformas-de-trabalho-a\u00e9reo-NR-18.jpg\" width=\"800\" height=\"179\" src=\"https:\/\/www.somatick.com.br\/site\/wp-content\/uploads\/2012\/10\/Plataformas-de-trabalho-a\u00e9reo-NR-18.jpg\" class=\"attachment-large size-large wp-image-5269\" alt=\"\" srcset=\"https:\/\/www.somatick.com.br\/site\/wp-content\/uploads\/2012\/10\/Plataformas-de-trabalho-a\u00e9reo-NR-18.jpg 901w, https:\/\/www.somatick.com.br\/site\/wp-content\/uploads\/2012\/10\/Plataformas-de-trabalho-a\u00e9reo-NR-18-300x67.jpg 300w, https:\/\/www.somatick.com.br\/site\/wp-content\/uploads\/2012\/10\/Plataformas-de-trabalho-a\u00e9reo-NR-18-900x201.jpg 900w\" sizes=\"(max-width: 800px) 100vw, 800px\" data-attachment-id=\"5269\" data-permalink=\"https:\/\/www.somatick.com.br\/site\/treinamentos\/sms-cargas-operacao-com-equipamentos\/plataformas-de-trabalho-aereo-nr-18\/plataformas-de-trabalho-aereo-nr-18-2\/\" data-orig-file=\"https:\/\/www.somatick.com.br\/site\/wp-content\/uploads\/2012\/10\/Plataformas-de-trabalho-a\u00e9reo-NR-18.jpg\" data-orig-size=\"901,202\" data-comments-opened=\"0\" data-image-meta=\"{&quot;aperture&quot;:&quot;0&quot;,&quot;credit&quot;:&quot;Diogo&quot;,&quot;camera&quot;:&quot;&quot;,&quot;caption&quot;:&quot;&quot;,&quot;created_timestamp&quot;:&quot;1395671692&quot;,&quot;copyright&quot;:&quot;&quot;,&quot;focal_length&quot;:&quot;0&quot;,&quot;iso&quot;:&quot;0&quot;,&quot;shutter_speed&quot;:&quot;0&quot;,&quot;title&quot;:&quot;&quot;}\" data-image-title=\"Plataformas de trabalho a\u00e9reo NR-18\" data-image-description=\"\" data-image-caption=\"\" data-large-file=\"https:\/\/www.somatick.com.br\/site\/wp-content\/uploads\/2012\/10\/Plataformas-de-trabalho-a\u00e9reo-NR-18.jpg\" \/>\t\t\t\t\t\t\t\t\t\t\t\t\t\t\t<\/div>\n\t\t\t\t<\/div>\n\t\t\t\t\t<\/div>\n\t\t<\/div>\n\t\t\t\t\t<\/div>\n\t\t<\/section>\n\t\t\t\t<section class=\"elementor-section elementor-top-section elementor-element elementor-element-4059be51 elementor-section-boxed elementor-section-height-default elementor-section-height-default\" data-id=\"4059be51\" data-element_type=\"section\" data-e-type=\"section\">\n\t\t\t\t\t\t<div class=\"elementor-container elementor-column-gap-default\">\n\t\t\t\t\t<div class=\"elementor-column elementor-col-100 elementor-top-column elementor-element elementor-element-2878c84c\" data-id=\"2878c84c\" data-element_type=\"column\" data-e-type=\"column\">\n\t\t\t<div class=\"elementor-widget-wrap elementor-element-populated\">\n\t\t\t\t\t\t<div class=\"elementor-element elementor-element-7dffeed elementor-widget elementor-widget-text-editor\" data-id=\"7dffeed\" data-element_type=\"widget\" data-e-type=\"widget\" data-widget_type=\"text-editor.default\">\n\t\t\t\t<div class=\"elementor-widget-container\">\n\t\t\t\t\t\t\t\t\t<p data-start=\"135\" data-end=\"154\">OBJETIVO DO CURSO<\/p><p data-start=\"156\" data-end=\"375\">Capacitar operadores de Plataforma de Trabalho A\u00e9reo (PTA) para atua\u00e7\u00e3o segura e eficiente, desenvolvendo compet\u00eancias relacionadas aos princ\u00edpios fundamentais de seguran\u00e7a, inspe\u00e7\u00e3o, opera\u00e7\u00e3o e controle do equipamento.<\/p><p data-start=\"377\" data-end=\"671\">O treinamento contempla a an\u00e1lise das caracter\u00edsticas t\u00e9cnicas das PTAs, seus dispositivos de seguran\u00e7a, limita\u00e7\u00f5es operacionais, crit\u00e9rios de estabilidade, avalia\u00e7\u00e3o das condi\u00e7\u00f5es do terreno e do ambiente de trabalho, al\u00e9m dos procedimentos corretos de montagem, deslocamento e posicionamento.<\/p><p data-start=\"673\" data-end=\"868\">Tamb\u00e9m s\u00e3o abordadas as responsabilidades do operador, a preven\u00e7\u00e3o de riscos como tombamento, choque el\u00e9trico, queda de materiais e colis\u00f5es, bem como os procedimentos em situa\u00e7\u00f5es de emerg\u00eancia.<\/p><p data-start=\"870\" data-end=\"1109\">O objetivo \u00e9 assegurar que o profissional opere o equipamento com consci\u00eancia t\u00e9cnica, reduzindo riscos operacionais e garantindo conformidade com as normas de seguran\u00e7a aplic\u00e1veis (normas brasileiras vigentes e orienta\u00e7\u00f5es do fabricante).<\/p><hr data-start=\"1111\" data-end=\"1114\" \/><p data-start=\"1116\" data-end=\"1134\">DURA\u00c7\u00c3O DO CURSO<\/p><p data-start=\"1136\" data-end=\"1190\">Carga Hor\u00e1ria: 10 horas\/aula, ministradas em 01 dia.<\/p><p data-start=\"1192\" data-end=\"1278\">A carga hor\u00e1ria contempla fundamenta\u00e7\u00e3o te\u00f3rica e atividades pr\u00e1ticas supervisionadas.<\/p><hr data-start=\"1280\" data-end=\"1283\" \/><p data-start=\"1285\" data-end=\"1298\">METODOLOGIA<\/p><p data-start=\"1300\" data-end=\"1445\">Metodologia baseada em exposi\u00e7\u00e3o te\u00f3rica dialogada, complementada por exerc\u00edcios pr\u00e1ticos de inspe\u00e7\u00e3o e opera\u00e7\u00e3o da Plataforma de Trabalho A\u00e9reo.<\/p><p data-start=\"1447\" data-end=\"1502\">Durante o treinamento, s\u00e3o desenvolvidas atividades de:<\/p><p data-start=\"1504\" data-end=\"1683\">\u2022 Inspe\u00e7\u00e3o pr\u00e9-operacional<br data-start=\"1530\" data-end=\"1533\" \/>\u2022 Identifica\u00e7\u00e3o de riscos no ambiente<br data-start=\"1570\" data-end=\"1573\" \/>\u2022 Opera\u00e7\u00e3o segura do equipamento<br data-start=\"1605\" data-end=\"1608\" \/>\u2022 Procedimentos de emerg\u00eancia<br data-start=\"1637\" data-end=\"1640\" \/>\u2022 Aplica\u00e7\u00e3o de boas pr\u00e1ticas operacionais<\/p><hr data-start=\"1685\" data-end=\"1688\" \/><p data-start=\"1690\" data-end=\"1701\">AVALIA\u00c7\u00c3O<\/p><p data-start=\"1703\" data-end=\"1742\">A avalia\u00e7\u00e3o ser\u00e1 realizada por meio de:<\/p><p data-start=\"1744\" data-end=\"1816\">\u2022 Exames escritos<br data-start=\"1761\" data-end=\"1764\" \/>\u2022 Exames orais<br data-start=\"1778\" data-end=\"1781\" \/>\u2022 Exerc\u00edcios pr\u00e1ticos de opera\u00e7\u00e3o<\/p><p data-start=\"1818\" data-end=\"1962\">O processo avaliativo verifica o conhecimento t\u00e9cnico do participante e sua capacidade de operar o equipamento com seguran\u00e7a e responsabilidade.<\/p><p><!--:--><\/p>\t\t\t\t\t\t\t\t<\/div>\n\t\t\t\t<\/div>\n\t\t\t\t\t<\/div>\n\t\t<\/div>\n\t\t\t\t\t<\/div>\n\t\t<\/section>\n\t\t\t\t<section class=\"elementor-section elementor-top-section elementor-element elementor-element-37b579b elementor-section-boxed elementor-section-height-default elementor-section-height-default\" data-id=\"37b579b\" data-element_type=\"section\" data-e-type=\"section\">\n\t\t\t\t\t\t<div class=\"elementor-container elementor-column-gap-default\">\n\t\t\t\t\t<div class=\"elementor-column elementor-col-50 elementor-top-column elementor-element elementor-element-4afd2bf\" data-id=\"4afd2bf\" data-element_type=\"column\" data-e-type=\"column\">\n\t\t\t<div class=\"elementor-widget-wrap elementor-element-populated\">\n\t\t\t\t\t\t<div class=\"elementor-element elementor-element-96aaf30 elementor-invisible elementor-widget elementor-widget-image\" data-id=\"96aaf30\" data-element_type=\"widget\" data-e-type=\"widget\" data-settings=\"{&quot;_animation&quot;:&quot;fadeInLeft&quot;}\" data-widget_type=\"image.default\">\n\t\t\t\t<div class=\"elementor-widget-container\">\n\t\t\t\t\t\t\t\t\t\t\t\t\t\t\t<img decoding=\"async\" data-attachment-id=\"12866\" data-permalink=\"https:\/\/www.somatick.com.br\/site\/treinamentos\/altura-e-espacos-confinados\/seguranca-no-trabalho-em-altura\/design-sem-nome-14\/\" data-orig-file=\"https:\/\/www.somatick.com.br\/site\/wp-content\/uploads\/2026\/03\/Design-sem-nome-14.png\" data-orig-size=\"1000,1000\" data-comments-opened=\"0\" data-image-meta=\"{&quot;aperture&quot;:&quot;0&quot;,&quot;credit&quot;:&quot;&quot;,&quot;camera&quot;:&quot;&quot;,&quot;caption&quot;:&quot;&quot;,&quot;created_timestamp&quot;:&quot;0&quot;,&quot;copyright&quot;:&quot;&quot;,&quot;focal_length&quot;:&quot;0&quot;,&quot;iso&quot;:&quot;0&quot;,&quot;shutter_speed&quot;:&quot;0&quot;,&quot;title&quot;:&quot;&quot;,&quot;orientation&quot;:&quot;0&quot;}\" data-image-title=\"Plataforma-de-eleva\u00e7\u00e3o\" data-image-description=\"\" data-image-caption=\"\" data-large-file=\"https:\/\/www.somatick.com.br\/site\/wp-content\/uploads\/2026\/03\/Design-sem-nome-14.png\" width=\"800\" height=\"800\" src=\"https:\/\/www.somatick.com.br\/site\/wp-content\/uploads\/2026\/03\/Design-sem-nome-14.png\" class=\"attachment-large size-large wp-image-12866\" alt=\"\" srcset=\"https:\/\/www.somatick.com.br\/site\/wp-content\/uploads\/2026\/03\/Design-sem-nome-14.png 1000w, https:\/\/www.somatick.com.br\/site\/wp-content\/uploads\/2026\/03\/Design-sem-nome-14-300x300.png 300w, https:\/\/www.somatick.com.br\/site\/wp-content\/uploads\/2026\/03\/Design-sem-nome-14-150x150.png 150w, https:\/\/www.somatick.com.br\/site\/wp-content\/uploads\/2026\/03\/Design-sem-nome-14-768x768.png 768w\" sizes=\"(max-width: 800px) 100vw, 800px\" data-attachment-id=\"12866\" data-permalink=\"https:\/\/www.somatick.com.br\/site\/treinamentos\/altura-e-espacos-confinados\/seguranca-no-trabalho-em-altura\/design-sem-nome-14\/\" data-orig-file=\"https:\/\/www.somatick.com.br\/site\/wp-content\/uploads\/2026\/03\/Design-sem-nome-14.png\" data-orig-size=\"1000,1000\" data-comments-opened=\"0\" data-image-meta=\"{&quot;aperture&quot;:&quot;0&quot;,&quot;credit&quot;:&quot;&quot;,&quot;camera&quot;:&quot;&quot;,&quot;caption&quot;:&quot;&quot;,&quot;created_timestamp&quot;:&quot;0&quot;,&quot;copyright&quot;:&quot;&quot;,&quot;focal_length&quot;:&quot;0&quot;,&quot;iso&quot;:&quot;0&quot;,&quot;shutter_speed&quot;:&quot;0&quot;,&quot;title&quot;:&quot;&quot;,&quot;orientation&quot;:&quot;0&quot;}\" data-image-title=\"Plataforma-de-eleva\u00e7\u00e3o\" data-image-description=\"\" data-image-caption=\"\" data-large-file=\"https:\/\/www.somatick.com.br\/site\/wp-content\/uploads\/2026\/03\/Design-sem-nome-14.png\" \/>\t\t\t\t\t\t\t\t\t\t\t\t\t\t\t<\/div>\n\t\t\t\t<\/div>\n\t\t\t\t\t<\/div>\n\t\t<\/div>\n\t\t\t\t<div class=\"elementor-column elementor-col-50 elementor-top-column elementor-element elementor-element-ce17ad1\" data-id=\"ce17ad1\" data-element_type=\"column\" data-e-type=\"column\">\n\t\t\t<div class=\"elementor-widget-wrap elementor-element-populated\">\n\t\t\t\t\t\t<div class=\"elementor-element elementor-element-dd49fd7 elementor-invisible elementor-widget elementor-widget-text-editor\" data-id=\"dd49fd7\" data-element_type=\"widget\" data-e-type=\"widget\" data-settings=\"{&quot;_animation&quot;:&quot;fadeInRight&quot;}\" data-widget_type=\"text-editor.default\">\n\t\t\t\t<div class=\"elementor-widget-container\">\n\t\t\t\t\t\t\t\t\t<h4 id=\"por-que-fazer-capacitao-em-espaos-confinados-nr-33\" class=\"font-editorial font-bold mb-2 mt-4 [.has-inline-images_&amp;]:clear-end text-lg first:mt-0 md:text-lg [hr+&amp;]:mt-4\">Por Que Fazer Treinamento em Plataforma Elevat\u00f3ria M\u00f3vel de Trabalho?<\/h4><p class=\"my-2 [&amp;+p]:mt-4 [&amp;_strong:has(+br)]:inline-block [&amp;_strong:has(+br)]:pb-2\">PEMTs incluem modelos como tesoura, telesc\u00f3pica, articulada ou sobre esteira, alcan\u00e7ando at\u00e9 60 metros para tarefas como pintura, instala\u00e7\u00f5es el\u00e9tricas ou limpeza em altura.<br \/>S\u00e3o alternativas a andaimes ou cordas, exigindo operador treinado NR-35 e inspe\u00e7\u00f5es para evitar tombamentos ou colis\u00f5es.<\/p><h5 class=\"font-editorial font-bold mb-2 mt-4 [.has-inline-images_&amp;]:clear-end text-base first:mt-0\"><strong>Requisitos de Seguran\u00e7a:<\/strong><\/h5><p class=\"my-2 [&amp;+p]:mt-4 [&amp;_strong:has(+br)]:inline-block [&amp;_strong:has(+br)]:pb-2\"><strong>Treinamento obrigat\u00f3rio<\/strong>: Operador deve ter capacita\u00e7\u00e3o NR-35 (8h+ pr\u00e1tica) e habilita\u00e7\u00e3o espec\u00edfica para PEMT, com aptid\u00e3o m\u00e9dica.<\/p><p class=\"my-2 [&amp;+p]:mt-4 [&amp;_strong:has(+br)]:inline-block [&amp;_strong:has(+br)]:pb-2\"><strong>Prote\u00e7\u00f5es<\/strong>: Guarda-corpo, pontos de ancoragem no cesto para talabarte\/trava-quedas, sensores de sobrecarga e controles duplos (solo\/cesto).<\/p><p class=\"my-2 [&amp;+p]:mt-4 [&amp;_strong:has(+br)]:inline-block [&amp;_strong:has(+br)]:pb-2\"><strong>Planejamento<\/strong>: An\u00e1lise de Risco (AR), Permiss\u00e3o de Trabalho (PT), inspe\u00e7\u00e3o di\u00e1ria e plano de resgate com SAMU.<\/p>\t\t\t\t\t\t\t\t<\/div>\n\t\t\t\t<\/div>\n\t\t\t\t\t<\/div>\n\t\t<\/div>\n\t\t\t\t\t<\/div>\n\t\t<\/section>\n\t\t\t\t<section class=\"elementor-section elementor-top-section elementor-element elementor-element-c43b343 elementor-section-boxed elementor-section-height-default elementor-section-height-default\" data-id=\"c43b343\" data-element_type=\"section\" data-e-type=\"section\" data-settings=\"{&quot;background_background&quot;:&quot;gradient&quot;,&quot;shape_divider_top&quot;:&quot;mountains&quot;}\">\n\t\t\t\t\t<div class=\"elementor-shape elementor-shape-top\" aria-hidden=\"true\" data-negative=\"false\">\n\t\t\t<svg xmlns=\"http:\/\/www.w3.org\/2000\/svg\" viewBox=\"0 0 1000 100\" preserveAspectRatio=\"none\">\n\t<path class=\"elementor-shape-fill\" opacity=\"0.33\" d=\"M473,67.3c-203.9,88.3-263.1-34-320.3,0C66,119.1,0,59.7,0,59.7V0h1000v59.7 c0,0-62.1,26.1-94.9,29.3c-32.8,3.3-62.8-12.3-75.8-22.1C806,49.6,745.3,8.7,694.9,4.7S492.4,59,473,67.3z\"\/>\n\t<path class=\"elementor-shape-fill\" opacity=\"0.66\" d=\"M734,67.3c-45.5,0-77.2-23.2-129.1-39.1c-28.6-8.7-150.3-10.1-254,39.1 s-91.7-34.4-149.2,0C115.7,118.3,0,39.8,0,39.8V0h1000v36.5c0,0-28.2-18.5-92.1-18.5C810.2,18.1,775.7,67.3,734,67.3z\"\/>\n\t<path class=\"elementor-shape-fill\" d=\"M766.1,28.9c-200-57.5-266,65.5-395.1,19.5C242,1.8,242,5.4,184.8,20.6C128,35.8,132.3,44.9,89.9,52.5C28.6,63.7,0,0,0,0 h1000c0,0-9.9,40.9-83.6,48.1S829.6,47,766.1,28.9z\"\/>\n<\/svg>\t\t<\/div>\n\t\t\t\t\t<div class=\"elementor-container elementor-column-gap-default\">\n\t\t\t\t\t<div class=\"elementor-column elementor-col-100 elementor-top-column elementor-element elementor-element-99dc66f\" data-id=\"99dc66f\" data-element_type=\"column\" data-e-type=\"column\">\n\t\t\t<div class=\"elementor-widget-wrap elementor-element-populated\">\n\t\t\t\t\t\t<div class=\"elementor-element elementor-element-8537892 elementor-widget elementor-widget-html\" data-id=\"8537892\" data-element_type=\"widget\" data-e-type=\"widget\" data-widget_type=\"html.default\">\n\t\t\t\t<div class=\"elementor-widget-container\">\n\t\t\t\t\t<style>\r\n.somatick-form {\r\n    max-width: 800px;\r\n    width: 100%;\r\n    margin: 40px auto;\r\n    padding: 40px;\r\n    background: #f4f6f9;\r\n    border-radius: 12px;\r\n    font-family: Arial, sans-serif;\r\n    box-shadow: 0 5px 20px rgba(0,0,0,0.08);\r\n    box-sizing: border-box;\r\n}\r\n\r\n.somatick-form h2 {\r\n    text-align: center;\r\n    margin-bottom: 25px;\r\n    color: #0c2d57;\r\n}\r\n\r\n.somatick-form label {\r\n    font-weight: bold;\r\n    display: block;\r\n    margin-top: 15px;\r\n    margin-bottom: 5px;\r\n}\r\n\r\n.somatick-form input,\r\n.somatick-form select,\r\n.somatick-form textarea {\r\n    width: 100%;\r\n    padding: 12px;\r\n    border-radius: 6px;\r\n    border: 1px solid #ccc;\r\n    font-size: 15px;\r\n    box-sizing: border-box;\r\n}\r\n\r\n.somatick-form textarea {\r\n    resize: vertical;\r\n    min-height: 120px;\r\n}\r\n\r\n.somatick-form button {\r\n    margin-top: 20px;\r\n    width: 100%;\r\n    padding: 14px;\r\n    background-color: #25D366;\r\n    color: #fff;\r\n    border: none;\r\n    border-radius: 8px;\r\n    font-size: 16px;\r\n    cursor: pointer;\r\n    transition: 0.3s;\r\n}\r\n\r\n.somatick-form button:hover {\r\n    background-color: #1ebe5d;\r\n}\r\n\r\n\/* \ud83d\udd25 AJUSTE ESPEC\u00cdFICO PARA CELULAR *\/\r\n@media (max-width: 100vwpx) {\r\n\r\n    .somatick-form {\r\n        width: 1000vw;\r\n        max-width: 100vw;\r\n        margin: 0;\r\n        border-radius: 0;\r\n        padding: 25px 20px;\r\n    }\r\n\r\n}\r\n<\/style>\r\n\r\n<div class=\"somatick-form\">\r\n    <h2>Solicite um Treinamento<\/h2>\r\n\r\n    <form id=\"whatsappForm\">\r\n        \r\n        <label>Nome Completo<\/label>\r\n        <input type=\"text\" id=\"nome\" required>\r\n\r\n        <label>Empresa<\/label>\r\n        <input type=\"text\" id=\"empresa\">\r\n\r\n        <label>E-mail<\/label>\r\n        <input type=\"email\" id=\"email\" required>\r\n\r\n        <label>Telefone<\/label>\r\n        <input type=\"tel\" id=\"telefone\">\r\n\r\n        <label>Treinamento de Interesse<\/label>\r\n        <select id=\"curso\" required>\r\n            <option value=\"\">Selecione<\/option>\r\n            <option>Movimenta\u00e7\u00e3o de cargas<\/option>\r\n            <option>NRs<\/option>\r\n            <option>SMS<\/option>\r\n            <option>Cursos profissionalizantes<\/option>\r\n            <option>Treinamento Offshore<\/option>\r\n            <option>Outro<\/option>\r\n        <\/select>\r\n\r\n        <label>Mensagem<\/label>\r\n        <textarea id=\"mensagem\"><\/textarea>\r\n\r\n        <button type=\"submit\">Enviar pelo WhatsApp<\/button>\r\n\r\n    <\/form>\r\n<\/div>\r\n\r\n<script>\r\ndocument.getElementById(\"whatsappForm\").addEventListener(\"submit\", function(e) {\r\n    e.preventDefault();\r\n\r\n    var nome = document.getElementById(\"nome\").value;\r\n    var empresa = document.getElementById(\"empresa\").value;\r\n    var email = document.getElementById(\"email\").value;\r\n    var telefone = document.getElementById(\"telefone\").value;\r\n    var curso = document.getElementById(\"curso\").value;\r\n    var mensagem = document.getElementById(\"mensagem\").value;\r\n\r\n    var texto = \r\n    \"*Solicita\u00e7\u00e3o de Treinamento - Site Somatick* %0A%0A\" +\r\n    \"Nome: \" + nome + \"%0A\" +\r\n    \"Empresa: \" + empresa + \"%0A\" +\r\n    \"E-mail: \" + email + \"%0A\" +\r\n    \"Telefone: \" + telefone + \"%0A\" +\r\n    \"Treinamento: \" + curso + \"%0A%0A\" +\r\n    \"Mensagem: \" + mensagem;\r\n\r\n    var numero = \"5522981375447\"; \/\/ \ud83d\udd34 COLOQUE AQUI O WHATSAPP DA SOMATICK COM DDI E DDD\r\n\r\n    var url = \"https:\/\/wa.me\/\" + numero + \"?text=\" + texto;\r\n\r\n    window.open(url, '_blank');\r\n});\r\n<\/script>\r\n\t\t\t\t<\/div>\n\t\t\t\t<\/div>\n\t\t\t\t\t<\/div>\n\t\t<\/div>\n\t\t\t\t\t<\/div>\n\t\t<\/section>\n\t\t\t\t<\/div>\n\t\t","protected":false},"excerpt":{"rendered":"<p>PEMT (Plataforma Elevat\u00f3ria M\u00f3vel de Trabalho) &lt;img width=&#8221;800&#8243; height=&#8221;179&#8243; src=&#8221;http:\/\/www.somatick.com.br\/site\/wp-content\/uploads\/2012\/10\/Plataformas-de-trabalho-a\u00e9reo-NR-18.jpg&#8221; alt=&#8221;&#8221; srcset=&#8221;https:\/\/www.somatick.com.br\/site\/wp-content\/uploads\/2012\/10\/Plataformas-de-trabalho-a\u00e9reo-NR-18.jpg 901w, https:\/\/www.somatick.com.br\/site\/wp-content\/uploads\/2012\/10\/Plataformas-de-trabalho-a\u00e9reo-NR-18-300&#215;67.jpg 300w, https:\/\/www.somatick.com.br\/site\/wp-content\/uploads\/2012\/10\/Plataformas-de-trabalho-a\u00e9reo-NR-18-900&#215;201.jpg 900w&#8221; sizes=&#8221;(max-width: 800px) 100vw, 800px&#8221; \/&gt; &lt;p data-start=&#8221;135&#8243; data-end=&#8221;154&#8243;&gt;OBJETIVO DO CURSO&lt;\/p&gt;&lt;p data-start=&#8221;156&#8243; data-end=&#8221;375&#8243;&gt;Capacitar operadores de Plataforma de Trabalho A\u00e9reo (PTA) para atua\u00e7\u00e3o segura e eficiente, desenvolvendo compet\u00eancias relacionadas aos princ\u00edpios fundamentais de seguran\u00e7a, inspe\u00e7\u00e3o, opera\u00e7\u00e3o e controle do equipamento.&lt;\/p&gt;&lt;p [&hellip;]<\/p>\n","protected":false},"author":1,"featured_media":0,"parent":1019,"menu_order":4,"comment_status":"closed","ping_status":"closed","template":"","meta":{"_joinchat":[],"footnotes":""},"class_list":["post-1032","page","type-page","status-publish","hentry"],"jetpack_shortlink":"https:\/\/wp.me\/Ph7gUA-gE","jetpack-related-posts":[],"jetpack_sharing_enabled":true,"_links":{"self":[{"href":"https:\/\/www.somatick.com.br\/site\/wp-json\/wp\/v2\/pages\/1032","targetHints":{"allow":["GET"]}}],"collection":[{"href":"https:\/\/www.somatick.com.br\/site\/wp-json\/wp\/v2\/pages"}],"about":[{"href":"https:\/\/www.somatick.com.br\/site\/wp-json\/wp\/v2\/types\/page"}],"author":[{"embeddable":true,"href":"https:\/\/www.somatick.com.br\/site\/wp-json\/wp\/v2\/users\/1"}],"replies":[{"embeddable":true,"href":"https:\/\/www.somatick.com.br\/site\/wp-json\/wp\/v2\/comments?post=1032"}],"version-history":[{"count":43,"href":"https:\/\/www.somatick.com.br\/site\/wp-json\/wp\/v2\/pages\/1032\/revisions"}],"predecessor-version":[{"id":12869,"href":"https:\/\/www.somatick.com.br\/site\/wp-json\/wp\/v2\/pages\/1032\/revisions\/12869"}],"up":[{"embeddable":true,"href":"https:\/\/www.somatick.com.br\/site\/wp-json\/wp\/v2\/pages\/1019"}],"wp:attachment":[{"href":"https:\/\/www.somatick.com.br\/site\/wp-json\/wp\/v2\/media?parent=1032"}],"curies":[{"name":"wp","href":"https:\/\/api.w.org\/{rel}","templated":true}]}}